{"id":12153,"date":"2023-06-08T17:24:25","date_gmt":"2023-06-08T15:24:25","guid":{"rendered":"https:\/\/www.telecom-sudparis.eu\/en\/?page_id=12153"},"modified":"2023-09-29T14:23:47","modified_gmt":"2023-09-29T12:23:47","slug":"admission-doctoral-program","status":"publish","type":"page","link":"https:\/\/www.telecom-sudparis.eu\/en\/admissions\/admission-doctoral-program\/","title":{"rendered":"Admission to the doctoral program"},"content":{"rendered":"<div id=\"pl-12153\"  class=\"panel-layout\" ><div id=\"pg-12153-0\"  class=\"panel-grid panel-has-style\" ><div class=\"wrap widget-content panel-row-style panel-row-style-for-12153-0\" ><div id=\"pgc-12153-0-0\"  class=\"panel-grid-cell\" ><div id=\"panel-12153-0-0-0\" class=\"so-panel widget widget_tsp-widget-content panel-first-child panel-last-child widgetopts-SO\" data-index=\"0\" ><div class=\"panel-widget-style panel-widget-style-for-12153-0-0-0\" ><div\n\t\t\t\n\t\t\tclass=\"so-widget-tsp-widget-content so-widget-tsp-widget-content-default-58ba54af99fe-12153\"\n\t\t\t\n\t\t>    <div class=\"wrap widget-content\">\n        <div class=\"content-area\">\n            <main id=\"main\" class=\"site-main\">\n                          <div class=\"addthis_inline_share_toolbox_hibt addthis_mobile\"><\/div>\n          <div class=\"breadcrumb\">\n                      <\/div>\n                      <article id=\"post-12153\" class=\"post-12153 page type-page status-publish has-post-thumbnail hentry\">\n                    <header class=\"entry-header\">\n\n                                                <h1 class=\"entry-title\">\n\t                        Admission to the doctoral program                        <\/h1>\n                        \n\t                                                                <\/header><!-- .entry-header -->\n                                                        <div id=\"secondary\" class=\"content-area\">\n                                        <section id=\"siteorigin-panels-post-content-2\" class=\"widget widget_siteorigin-panels-post-content\"><div class=\"featured-image\"><img loading=\"lazy\" decoding=\"async\" width=\"400\" height=\"400\" src=\"https:\/\/www.telecom-sudparis.eu\/en\/wp-content\/uploads\/sites\/3\/2023\/06\/admission_doctoral_studies.jpeg\" class=\"attachment-post-thumbnail size-post-thumbnail wp-post-image\" alt=\"admission doctoral program\" \/><\/div><\/section>                                    <\/div>\n                                                    <div class=\"entry-content\">\n                      <p>Telecom SudParis students enroll in two doctoral schools of the Institut Polytechnique de Paris. The degree issued is \"Doctor of the Institut Polytechnique de Paris\".<\/p>\n<p>The <a href=\"https:\/\/www.telecom-sudparis.eu\/en\/about-us\/telecom-sudparis-member-of-ip-paris\/\">Institut Polytechnique de Paris<\/a> is a public higher education and research establishment that brings together five French engineering Grandes \u00c9coles: \u00c9cole polytechnique, ENSTA Paris, ENSAE Paris, T\u00e9l\u00e9com Paris and Telecom SudParis.<\/p>\n<p>The combination of these schools within the Institut Polytechnique de Paris enables to provide top-level doctoral training, reflecting the excellence of the founding schools that have chosen to join forces.<\/p>\n<p>Telecom SudParis enrolls its PhD students in two doctoral schools:<\/p>\n<ul>\n<li>The IP Paris doctoral school (n\u00b0 626)<\/li>\n<li>The Hadamard Mathematics doctoral school (n\u00b0 574)<\/li>\n<\/ul>\n                    <\/div><!-- .entry-content -->\n                <\/article><!-- #post-## -->\n\n            <\/main><!-- #main -->\n        <\/div><!-- #primary -->\n    <\/div><!-- .wrap -->\n\t<\/div><\/div><\/div><\/div><\/div><\/div><div id=\"pg-12153-1\"  class=\"panel-grid panel-has-style\" ><div class=\"wrap widget-content panel-row-style panel-row-style-for-12153-1\" ><div id=\"pgc-12153-1-0\"  class=\"panel-grid-cell\" ><div id=\"panel-12153-1-0-0\" class=\"so-panel widget widget_tsp-widget-content panel-first-child panel-last-child widgetopts-SO\" data-index=\"1\" ><div class=\"panel-widget-style panel-widget-style-for-12153-1-0-0\" ><div\n\t\t\t\n\t\t\tclass=\"so-widget-tsp-widget-content so-widget-tsp-widget-content-default-58ba54af99fe-12153\"\n\t\t\t\n\t\t>    <div class=\"wrap widget-content\">\n        <div class=\"content-area\">\n            <main id=\"main\" class=\"site-main\">\n                                <article id=\"post-12153\" class=\"post-12153 page type-page status-publish has-post-thumbnail hentry\">\n                    <header class=\"entry-header\">\n\n                        \n\t                                                                <\/header><!-- .entry-header -->\n                                        <div class=\"entry-content\">\n                      <h2>IP Paris doctoral school (n\u00b0 626)<\/h2>\n<p>The IP Paris doctoral school hosts around 900 doctoral students, supervised by more than 800 teacher-researchers (including 550 HDRs) and grouped together in 30 research laboratories (including SAMOVAR) with a strong scientific impact.<\/p>\n<p>These laboratories cover a large spectrum of disciplines and offer a high national and international reputation and recognition for their researchers and associate professors.<\/p>\n<p>&nbsp;<\/p>\n                    <\/div><!-- .entry-content -->\n                <\/article><!-- #post-## -->\n\n            <\/main><!-- #main -->\n        <\/div><!-- #primary -->\n    <\/div><!-- .wrap -->\n\t<\/div><\/div><\/div><\/div><div id=\"pgc-12153-1-1\"  class=\"panel-grid-cell\" ><div id=\"panel-12153-1-1-0\" class=\"so-panel widget widget_tsp-widget-content panel-first-child panel-last-child widgetopts-SO\" data-index=\"2\" ><div class=\"panel-widget-style panel-widget-style-for-12153-1-1-0\" ><div\n\t\t\t\n\t\t\tclass=\"so-widget-tsp-widget-content so-widget-tsp-widget-content-default-58ba54af99fe-12153\"\n\t\t\t\n\t\t>    <div class=\"wrap widget-content\">\n        <div class=\"content-area\">\n            <main id=\"main\" class=\"site-main\">\n                                <article id=\"post-12153\" class=\"post-12153 page type-page status-publish has-post-thumbnail hentry\">\n                    <header class=\"entry-header\">\n\n                        \n\t                                                                <\/header><!-- .entry-header -->\n                                        <div class=\"entry-content\">\n                      <h2>Hadamard Mathematics Doctoral School (n\u00b0 574)<\/h2>\n<p>The aim of the Hadamard Mathematics Doctoral School (EDMH) is to bring together all doctoral training in mathematics within the scope of Universit\u00e9 Paris-Saclay and Institut Polytechnique de Paris, ranging from the most fundamental to the most applied mathematics, including mathematics at interfaces (in particular with economics, computer science, mechanics, physics, engineering sciences and biology).<\/p>\n                    <\/div><!-- .entry-content -->\n                <\/article><!-- #post-## -->\n\n            <\/main><!-- #main -->\n        <\/div><!-- #primary -->\n    <\/div><!-- .wrap -->\n\t<\/div><\/div><\/div><\/div><\/div><\/div><div id=\"pg-12153-2\"  class=\"panel-grid panel-has-style\" ><div class=\"wrap widget-content panel-row-style panel-row-style-for-12153-2\" ><div id=\"pgc-12153-2-0\"  class=\"panel-grid-cell\" ><div id=\"panel-12153-2-0-0\" class=\"so-panel widget widget_tsp-widget-presentation panel-first-child panel-last-child widgetopts-SO\" data-index=\"3\" ><div\n\t\t\t\n\t\t\tclass=\"so-widget-tsp-widget-presentation so-widget-tsp-widget-presentation-default-58ba54af99fe-12153\"\n\t\t\t\n\t\t>\t\t<div class=\"widget-presentation\">\n            <div class=\"wrap\">\n                <h2 class=\"title\">\n                  Two pathways to a doctorate                <\/h2>\n                <div class=\"accroche\">\n                  <p>&nbsp;<\/p>\n<p>There are two ways to earn a PhD from the Institut Polytechnique de Paris: the <strong>classic three-year PhD track<\/strong>, and the <strong>5-year PhD Track<\/strong>, for holders of a Bachelor's or Bachelor's degree who already plan to pursue a PhD after completing their Master's degree.<\/p>\n<p>\u2192 To <a href=\"https:\/\/www.telecom-sudparis.eu\/en\/research\/doctoral-studies\/\" target=\"_blank\" rel=\"noopener\">find out more about admissions, enrolment and subjects offered by Telecom SudParis in doctoral studies<\/a><br \/>\n\u2192 To <a href=\"https:\/\/www.ip-paris.fr\/en\/education\/phd-programs\">find out more about admissions, enrolment and subjects offered by Telecom SudParis in PhD Track<\/a><\/p>\n<p>&nbsp;<\/p>\n                <\/div>\n                <div>\n                    \t                \t                \t                                <\/div>\n            <\/div>\n\t\t\t\t\t\t<\/div>\n\t<\/div><\/div><\/div><\/div><\/div><div id=\"pg-12153-3\"  class=\"panel-grid panel-has-style\" ><div class=\"panel-row-style panel-row-style-for-12153-3\" ><div id=\"pgc-12153-3-0\"  class=\"panel-grid-cell\" ><div id=\"panel-12153-3-0-0\" class=\"so-panel widget widget_tsp-widget-connexe panel-first-child panel-last-child widgetopts-SO\" data-index=\"4\" ><div\n\t\t\t\n\t\t\tclass=\"so-widget-tsp-widget-connexe so-widget-tsp-widget-connexe-default-58ba54af99fe-12153\"\n\t\t\t\n\t\t>        <div class=\"widget-connexe\">\n            <div class=\"wrap\">\n                                  <div class=\"post\">\n                      <a href=\"https:\/\/www.telecom-sudparis.eu\/en\/doctoral-studies\/\">\n                                                        <header class=\"entry-header\" style=\"background-image:url(https:\/\/www.telecom-sudparis.eu\/en\/wp-content\/uploads\/sites\/3\/2017\/08\/remise-des-diplomes-promo-2016.jpg)\">\n                                    <span class=\"overlay\"><\/span>\n                                <\/header>\n                                                      <div class=\"entry-content\">\n                          <h3 class=\"title\">Doctoral studies<\/h3>\n                                                <\/div>\n\n                      <\/a>\n                  <\/div>\n                                  <div class=\"post\">\n                      <a href=\"https:\/\/www.telecom-sudparis.eu\/en\/evenement\/samovar-phd-day\/\">\n                                                        <header class=\"entry-header\" style=\"background-image:url(https:\/\/www.telecom-sudparis.eu\/en\/wp-content\/uploads\/sites\/3\/2023\/03\/samovar_phd_day400x400-px.jpg)\">\n                                    <span class=\"overlay\"><\/span>\n                                <\/header>\n                                                      <div class=\"entry-content\">\n                          <h3 class=\"title\">Samovar PhD Day<\/h3>\n                                                <\/div>\n\n                      <\/a>\n                  <\/div>\n                                  <div class=\"post\">\n                      <a href=\"https:\/\/www.telecom-sudparis.eu\/en\/admissions\/\">\n                                                        <header class=\"entry-header\" style=\"background-image:url(https:\/\/www.telecom-sudparis.eu\/en\/wp-content\/uploads\/sites\/3\/2023\/05\/admissions_telecom_sudparis-e1725927186644.png)\">\n                                    <span class=\"overlay\"><\/span>\n                                <\/header>\n                                                      <div class=\"entry-content\">\n                          <h3 class=\"title\">Admissions to Telecom SudParis<\/h3>\n                                                <\/div>\n\n                      <\/a>\n                  <\/div>\n                            <\/div>\n        <\/div>\n\t    <\/div><\/div><\/div><\/div><\/div><\/div>","protected":false},"excerpt":{"rendered":"<p>Admission to the doctoral program Telecom SudParis students enroll in two doctoral schools of the Institut Polytechnique de Paris. The degree issued is &#8220;Doctor of the Institut Polytechnique de Paris&#8221;. The Institut Polytechnique de Paris is a public higher education and research establishment that brings together five French engineering Grandes \u00c9coles: \u00c9cole polytechnique, ENSTA Paris, &hellip; <\/p>\n<p class=\"link-more\"><a href=\"https:\/\/www.telecom-sudparis.eu\/en\/admissions\/admission-doctoral-program\/\" class=\"more-link\">Continue reading<span class=\"screen-reader-text\"> &#8220;Admission to the doctoral program&#8221;<\/span><\/a><\/p>\n","protected":false},"author":22,"featured_media":12155,"parent":12058,"menu_order":0,"comment_status":"closed","ping_status":"closed","template":"","meta":{"_acf_changed":false,"footnotes":""},"categories":[],"tags":[],"class_list":["post-12153","page","type-page","status-publish","has-post-thumbnail","hentry"],"acf":[],"yoast_head":"<!-- This site is optimized with the Yoast SEO plugin v27.3 - https:\/\/yoast.com\/product\/yoast-seo-wordpress\/ -->\n<title>Admission to the doctoral program of Telecom SudParis<\/title>\n<meta name=\"description\" content=\"Telecom SudParis students enroll in two doctoral schools of the Institut Polytechnique de Paris. The degree issued is &quot;Doctor of the Institut Polytechnique de Paris&quot;.\" \/>\n<meta name=\"robots\" content=\"index, follow, max-snippet:-1, max-image-preview:large, max-video-preview:-1\" \/>\n<link rel=\"canonical\" href=\"https:\/\/www.telecom-sudparis.eu\/en\/admissions\/admission-doctoral-program\/\" \/>\n<meta property=\"og:locale\" content=\"en_GB\" \/>\n<meta property=\"og:type\" content=\"article\" \/>\n<meta property=\"og:title\" content=\"Admission to the doctoral program of Telecom SudParis\" \/>\n<meta property=\"og:description\" content=\"Telecom SudParis students enroll in two doctoral schools of the Institut Polytechnique de Paris. The degree issued is &quot;Doctor of the Institut Polytechnique de Paris&quot;.\" \/>\n<meta property=\"og:url\" content=\"https:\/\/www.telecom-sudparis.eu\/en\/admissions\/admission-doctoral-program\/\" \/>\n<meta property=\"og:site_name\" content=\"TELECOM SudParis\" \/>\n<meta property=\"article:modified_time\" content=\"2023-09-29T12:23:47+00:00\" \/>\n<meta property=\"og:image\" content=\"https:\/\/www.telecom-sudparis.eu\/en\/wp-content\/uploads\/sites\/3\/2023\/06\/admission_doctoral_studies.jpeg\" \/>\n\t<meta property=\"og:image:width\" content=\"400\" \/>\n\t<meta property=\"og:image:height\" content=\"400\" \/>\n\t<meta property=\"og:image:type\" content=\"image\/jpeg\" \/>\n<meta name=\"twitter:card\" content=\"summary_large_image\" \/>\n<script type=\"application\/ld+json\" class=\"yoast-schema-graph\">{\"@context\":\"https:\\\/\\\/schema.org\",\"@graph\":[{\"@type\":\"WebPage\",\"@id\":\"https:\\\/\\\/www.telecom-sudparis.eu\\\/en\\\/admissions\\\/admission-doctoral-program\\\/\",\"url\":\"https:\\\/\\\/www.telecom-sudparis.eu\\\/en\\\/admissions\\\/admission-doctoral-program\\\/\",\"name\":\"Admission to the doctoral program of Telecom SudParis\",\"isPartOf\":{\"@id\":\"https:\\\/\\\/www.telecom-sudparis.eu\\\/en\\\/#website\"},\"primaryImageOfPage\":{\"@id\":\"https:\\\/\\\/www.telecom-sudparis.eu\\\/en\\\/admissions\\\/admission-doctoral-program\\\/#primaryimage\"},\"image\":{\"@id\":\"https:\\\/\\\/www.telecom-sudparis.eu\\\/en\\\/admissions\\\/admission-doctoral-program\\\/#primaryimage\"},\"thumbnailUrl\":\"https:\\\/\\\/www.telecom-sudparis.eu\\\/en\\\/wp-content\\\/uploads\\\/sites\\\/3\\\/2023\\\/06\\\/admission_doctoral_studies.jpeg\",\"datePublished\":\"2023-06-08T15:24:25+00:00\",\"dateModified\":\"2023-09-29T12:23:47+00:00\",\"description\":\"Telecom SudParis students enroll in two doctoral schools of the Institut Polytechnique de Paris. The degree issued is \\\"Doctor of the Institut Polytechnique de Paris\\\".\",\"breadcrumb\":{\"@id\":\"https:\\\/\\\/www.telecom-sudparis.eu\\\/en\\\/admissions\\\/admission-doctoral-program\\\/#breadcrumb\"},\"inLanguage\":\"en-GB\",\"potentialAction\":[{\"@type\":\"ReadAction\",\"target\":[\"https:\\\/\\\/www.telecom-sudparis.eu\\\/en\\\/admissions\\\/admission-doctoral-program\\\/\"]}]},{\"@type\":\"ImageObject\",\"inLanguage\":\"en-GB\",\"@id\":\"https:\\\/\\\/www.telecom-sudparis.eu\\\/en\\\/admissions\\\/admission-doctoral-program\\\/#primaryimage\",\"url\":\"https:\\\/\\\/www.telecom-sudparis.eu\\\/en\\\/wp-content\\\/uploads\\\/sites\\\/3\\\/2023\\\/06\\\/admission_doctoral_studies.jpeg\",\"contentUrl\":\"https:\\\/\\\/www.telecom-sudparis.eu\\\/en\\\/wp-content\\\/uploads\\\/sites\\\/3\\\/2023\\\/06\\\/admission_doctoral_studies.jpeg\",\"width\":400,\"height\":400,\"caption\":\"admission doctoral program\"},{\"@type\":\"BreadcrumbList\",\"@id\":\"https:\\\/\\\/www.telecom-sudparis.eu\\\/en\\\/admissions\\\/admission-doctoral-program\\\/#breadcrumb\",\"itemListElement\":[{\"@type\":\"ListItem\",\"position\":1,\"name\":\"Accueil\",\"item\":\"https:\\\/\\\/www.telecom-sudparis.eu\\\/en\\\/\"},{\"@type\":\"ListItem\",\"position\":2,\"name\":\"Admissions to Telecom SudParis\",\"item\":\"https:\\\/\\\/www.telecom-sudparis.eu\\\/en\\\/admissions\\\/\"},{\"@type\":\"ListItem\",\"position\":3,\"name\":\"Admission to the doctoral program\"}]},{\"@type\":\"WebSite\",\"@id\":\"https:\\\/\\\/www.telecom-sudparis.eu\\\/en\\\/#website\",\"url\":\"https:\\\/\\\/www.telecom-sudparis.eu\\\/en\\\/\",\"name\":\"TELECOM SudParis\",\"description\":\"Mastering the digital society\",\"potentialAction\":[{\"@type\":\"SearchAction\",\"target\":{\"@type\":\"EntryPoint\",\"urlTemplate\":\"https:\\\/\\\/www.telecom-sudparis.eu\\\/en\\\/?s={search_term_string}\"},\"query-input\":{\"@type\":\"PropertyValueSpecification\",\"valueRequired\":true,\"valueName\":\"search_term_string\"}}],\"inLanguage\":\"en-GB\"}]}<\/script>\n<!-- \/ Yoast SEO plugin. -->","yoast_head_json":{"title":"Admission to the doctoral program of Telecom SudParis","description":"Telecom SudParis students enroll in two doctoral schools of the Institut Polytechnique de Paris. The degree issued is \"Doctor of the Institut Polytechnique de Paris\".","robots":{"index":"index","follow":"follow","max-snippet":"max-snippet:-1","max-image-preview":"max-image-preview:large","max-video-preview":"max-video-preview:-1"},"canonical":"https:\/\/www.telecom-sudparis.eu\/en\/admissions\/admission-doctoral-program\/","og_locale":"en_GB","og_type":"article","og_title":"Admission to the doctoral program of Telecom SudParis","og_description":"Telecom SudParis students enroll in two doctoral schools of the Institut Polytechnique de Paris. The degree issued is \"Doctor of the Institut Polytechnique de Paris\".","og_url":"https:\/\/www.telecom-sudparis.eu\/en\/admissions\/admission-doctoral-program\/","og_site_name":"TELECOM SudParis","article_modified_time":"2023-09-29T12:23:47+00:00","og_image":[{"width":400,"height":400,"url":"https:\/\/www.telecom-sudparis.eu\/en\/wp-content\/uploads\/sites\/3\/2023\/06\/admission_doctoral_studies.jpeg","type":"image\/jpeg"}],"twitter_card":"summary_large_image","schema":{"@context":"https:\/\/schema.org","@graph":[{"@type":"WebPage","@id":"https:\/\/www.telecom-sudparis.eu\/en\/admissions\/admission-doctoral-program\/","url":"https:\/\/www.telecom-sudparis.eu\/en\/admissions\/admission-doctoral-program\/","name":"Admission to the doctoral program of Telecom SudParis","isPartOf":{"@id":"https:\/\/www.telecom-sudparis.eu\/en\/#website"},"primaryImageOfPage":{"@id":"https:\/\/www.telecom-sudparis.eu\/en\/admissions\/admission-doctoral-program\/#primaryimage"},"image":{"@id":"https:\/\/www.telecom-sudparis.eu\/en\/admissions\/admission-doctoral-program\/#primaryimage"},"thumbnailUrl":"https:\/\/www.telecom-sudparis.eu\/en\/wp-content\/uploads\/sites\/3\/2023\/06\/admission_doctoral_studies.jpeg","datePublished":"2023-06-08T15:24:25+00:00","dateModified":"2023-09-29T12:23:47+00:00","description":"Telecom SudParis students enroll in two doctoral schools of the Institut Polytechnique de Paris. The degree issued is \"Doctor of the Institut Polytechnique de Paris\".","breadcrumb":{"@id":"https:\/\/www.telecom-sudparis.eu\/en\/admissions\/admission-doctoral-program\/#breadcrumb"},"inLanguage":"en-GB","potentialAction":[{"@type":"ReadAction","target":["https:\/\/www.telecom-sudparis.eu\/en\/admissions\/admission-doctoral-program\/"]}]},{"@type":"ImageObject","inLanguage":"en-GB","@id":"https:\/\/www.telecom-sudparis.eu\/en\/admissions\/admission-doctoral-program\/#primaryimage","url":"https:\/\/www.telecom-sudparis.eu\/en\/wp-content\/uploads\/sites\/3\/2023\/06\/admission_doctoral_studies.jpeg","contentUrl":"https:\/\/www.telecom-sudparis.eu\/en\/wp-content\/uploads\/sites\/3\/2023\/06\/admission_doctoral_studies.jpeg","width":400,"height":400,"caption":"admission doctoral program"},{"@type":"BreadcrumbList","@id":"https:\/\/www.telecom-sudparis.eu\/en\/admissions\/admission-doctoral-program\/#breadcrumb","itemListElement":[{"@type":"ListItem","position":1,"name":"Accueil","item":"https:\/\/www.telecom-sudparis.eu\/en\/"},{"@type":"ListItem","position":2,"name":"Admissions to Telecom SudParis","item":"https:\/\/www.telecom-sudparis.eu\/en\/admissions\/"},{"@type":"ListItem","position":3,"name":"Admission to the doctoral program"}]},{"@type":"WebSite","@id":"https:\/\/www.telecom-sudparis.eu\/en\/#website","url":"https:\/\/www.telecom-sudparis.eu\/en\/","name":"TELECOM SudParis","description":"Mastering the digital society","potentialAction":[{"@type":"SearchAction","target":{"@type":"EntryPoint","urlTemplate":"https:\/\/www.telecom-sudparis.eu\/en\/?s={search_term_string}"},"query-input":{"@type":"PropertyValueSpecification","valueRequired":true,"valueName":"search_term_string"}}],"inLanguage":"en-GB"}]}},"_links":{"self":[{"href":"https:\/\/www.telecom-sudparis.eu\/en\/wp-json\/wp\/v2\/pages\/12153","targetHints":{"allow":["GET"]}}],"collection":[{"href":"https:\/\/www.telecom-sudparis.eu\/en\/wp-json\/wp\/v2\/pages"}],"about":[{"href":"https:\/\/www.telecom-sudparis.eu\/en\/wp-json\/wp\/v2\/types\/page"}],"author":[{"embeddable":true,"href":"https:\/\/www.telecom-sudparis.eu\/en\/wp-json\/wp\/v2\/users\/22"}],"replies":[{"embeddable":true,"href":"https:\/\/www.telecom-sudparis.eu\/en\/wp-json\/wp\/v2\/comments?post=12153"}],"version-history":[{"count":10,"href":"https:\/\/www.telecom-sudparis.eu\/en\/wp-json\/wp\/v2\/pages\/12153\/revisions"}],"predecessor-version":[{"id":12921,"href":"https:\/\/www.telecom-sudparis.eu\/en\/wp-json\/wp\/v2\/pages\/12153\/revisions\/12921"}],"up":[{"embeddable":true,"href":"https:\/\/www.telecom-sudparis.eu\/en\/wp-json\/wp\/v2\/pages\/12058"}],"wp:featuredmedia":[{"embeddable":true,"href":"https:\/\/www.telecom-sudparis.eu\/en\/wp-json\/wp\/v2\/media\/12155"}],"wp:attachment":[{"href":"https:\/\/www.telecom-sudparis.eu\/en\/wp-json\/wp\/v2\/media?parent=12153"}],"wp:term":[{"taxonomy":"category","embeddable":true,"href":"https:\/\/www.telecom-sudparis.eu\/en\/wp-json\/wp\/v2\/categories?post=12153"},{"taxonomy":"post_tag","embeddable":true,"href":"https:\/\/www.telecom-sudparis.eu\/en\/wp-json\/wp\/v2\/tags?post=12153"}],"curies":[{"name":"wp","href":"https:\/\/api.w.org\/{rel}","templated":true}]}}