{"id":12295,"date":"2023-07-27T11:58:00","date_gmt":"2023-07-27T09:58:00","guid":{"rendered":"https:\/\/www.telecom-sudparis.eu\/en\/?page_id=12295"},"modified":"2024-07-05T16:53:29","modified_gmt":"2024-07-05T14:53:29","slug":"a-powerful-international-network","status":"publish","type":"page","link":"https:\/\/www.telecom-sudparis.eu\/en\/a-powerful-international-network\/","title":{"rendered":"A powerful international network"},"content":{"rendered":"<div id=\"pl-12295\"  class=\"panel-layout\" ><div id=\"pg-12295-0\"  class=\"panel-grid panel-has-style\" ><div class=\"panel-row-style panel-row-style-for-12295-0\" ><div id=\"pgc-12295-0-0\"  class=\"panel-grid-cell panel-grid-cell-empty\" ><\/div><div id=\"pgc-12295-0-1\"  class=\"panel-grid-cell panel-grid-cell-mobile-last\" ><div id=\"panel-12295-0-1-0\" class=\"so-panel widget widget_tsp-widget-content panel-first-child panel-last-child widgetopts-SO\" data-index=\"0\" ><div\n\t\t\t\n\t\t\tclass=\"so-widget-tsp-widget-content so-widget-tsp-widget-content-default-58ba54af99fe-12295\"\n\t\t\t\n\t\t>    <div class=\"wrap widget-content\">\n        <div class=\"content-area\">\n            <main id=\"main\" class=\"site-main\">\n                          <div class=\"addthis_inline_share_toolbox_hibt addthis_mobile\"><\/div>\n          <div class=\"breadcrumb\">\n                      <\/div>\n                      <article id=\"post-12295\" class=\"post-12295 page type-page status-publish has-post-thumbnail hentry\">\n                    <header class=\"entry-header\">\n\n                                                <h1 class=\"entry-title\">\n\t                        A powerful international network                         <\/h1>\n                        \n\t                                                                <\/header><!-- .entry-header -->\n                                                        <div id=\"secondary\" class=\"content-area\">\n                                        <section id=\"siteorigin-panels-post-content-2\" class=\"widget widget_siteorigin-panels-post-content\"><div class=\"featured-image\"><img loading=\"lazy\" decoding=\"async\" width=\"1024\" height=\"1024\" src=\"https:\/\/www.telecom-sudparis.eu\/en\/wp-content\/uploads\/sites\/3\/2023\/07\/Site-Saclay-e1675353282605-1024x1024-1.jpg\" class=\"attachment-post-thumbnail size-post-thumbnail wp-post-image\" alt=\"Saclay&#039;s campus Telecom SudParis&#039;s powerful international network\" \/><\/div><\/section>                                    <\/div>\n                                                    <div class=\"entry-content\">\n                      <h2>Choose Europe's biggest scientific campus<\/h2>\n<p>Telecom SudParis has developed<strong> meaningful partnerships with higher education and research institutions around the world.<\/strong> The school also has a strong regional presence in France. <strong>Choosing Telecom SudParis means becoming part of a powerful network.<\/strong><\/p>\n<p>The school is part of <a href=\"https:\/\/www.imt.fr\/\">IMT (Institut Mines-Telecom)<\/a>.<\/p>\n<p>Training and research at Telecom SudParis falls within the overall field of Information and Communication Sciences and Technologies.<\/p>\n<h2>Partner network<\/h2>\n<ul>\n<li style=\"text-align: justify\">the Institute for Technological Research (IRT) <a href=\"https:\/\/www.irt-systemx.fr\/en\/\" target=\"_blank\" rel=\"noopener\">SystemX<\/a><\/li>\n<li>the French Hub for digital &amp; ecological transformation, <a href=\"https:\/\/www.capdigital.com\/en\/\" target=\"_blank\" rel=\"noopener\">Cap Digital<\/a><\/li>\n<li style=\"text-align: justify\">the French Hub for Deep Tech, <a href=\"https:\/\/systematic-paris-region.org\/?lang=en\" target=\"_blank\" rel=\"noopener noreferrer\">System@tic Paris-R\u00e9gion<\/a><\/li>\n<li style=\"text-align: justify\">Technology Transfer Accelerator Office of the Paris-Saclay Cluster, <a href=\"https:\/\/satt-paris-saclay.fr\/en\/home\/\" target=\"_blank\" rel=\"noopener\">SATT Paris-Saclay<\/a><\/li>\n<li><a href=\"https:\/\/campuscyber.fr\/\" target=\"_blank\" rel=\"noopener\">Campus Cyber<\/a><\/li>\n<li><a href=\"https:\/\/www.evry-senart-innovation.fr\/\" target=\"_blank\" rel=\"noopener\">Member of Evry-S\u00e9nart Sciences et Innovation<\/a><\/li>\n<li>\n<div>Member of <a href=\"https:\/\/www.clustergrandparissport.fr\/\" target=\"_blank\" rel=\"noopener\">Cluster Grand Paris Sport<\/a> et du <a href=\"https:\/\/www.essonne-developpement.com\/index.php\/portfolio\/cluster-autonomie\/\" target=\"_blank\" rel=\"noopener\">Cluster Autonomie en Essonne<\/a><\/div>\n<\/li>\n<li>\n<div>Member of <a href=\"https:\/\/ecs-org.eu\/\" target=\"_blank\" rel=\"noopener\">ECSO - European Cyber Security Organisation<\/a><\/div>\n<\/li>\n<li>\n<div>Member of SIA, soci\u00e9t\u00e9 des ing\u00e9nieurs de l'automobile <span id=\"OBJ_PREFIX_DWT2871_com_zimbra_url\" class=\"Object\" role=\"link\"><span id=\"OBJ_PREFIX_DWT2877_com_zimbra_url\" class=\"Object\" role=\"link\"><\/span><\/span><\/div>\n<\/li>\n<li>\n<div>Member of <a href=\"https:\/\/h-lab.fr\/\" target=\"_blank\" rel=\"noopener\">H-lab<\/a>, association made up of disability experts and people with disabilities<span id=\"OBJ_PREFIX_DWT2872_com_zimbra_url\" class=\"Object\" role=\"link\"><span id=\"OBJ_PREFIX_DWT2878_com_zimbra_url\" class=\"Object\" role=\"link\"><\/span><\/span><\/div>\n<\/li>\n<\/ul>\n<h2>At the heart of an innovative system<\/h2>\n<ul>\n<li>An IMT school (Institut Mines-Telecom)<\/li>\n<li>Member of I<a href=\"https:\/\/www.ip-paris.fr\">nstitut Polytechnique de Paris<\/a>, a world-class center of excellence, along with <a href=\"http:\/\/www.polytechnique.edu\/\">Ecole Polytechnique<\/a>, <a href=\"https:\/\/www.telecom-paristech.fr\/\">Telecom Paris<\/a>, <a href=\"http:\/\/www.ensae.fr\/\">ENSAE Paris<\/a> and <a href=\"https:\/\/www.ensta-paristech.fr\/\">ENSTA Paris<\/a><\/li>\n<li>Over 150 international academic partners<\/li>\n<li>Over 300 corporate partners<\/li>\n<li>Supported by donors through <a href=\"https:\/\/www.fondation-mines-telecom.org\/\">Fondation Mines-Telecom<\/a>.<\/li>\n<li>A network of over 12,500 alumni within T&amp;MA.<\/li>\n<li>Involved in major research and commercialization facilities: 2 Labex, 2 Equipex, 1 IRT, 3 competitiveness clusters<\/li>\n<li>Committed to the \u00c9vry-Courcouronnes region along with other local academic players through <a href=\"https:\/\/www.evry-senart-innovation.fr\/\">\u00c9vry-S\u00e9nart Sciences et Innovation<\/a>.<\/li>\n<\/ul>\n                    <\/div><!-- .entry-content -->\n                <\/article><!-- #post-## -->\n\n            <\/main><!-- #main -->\n        <\/div><!-- #primary -->\n    <\/div><!-- .wrap -->\n\t<\/div><\/div><\/div><div id=\"pgc-12295-0-2\"  class=\"panel-grid-cell panel-grid-cell-empty\" ><\/div><\/div><\/div><div id=\"pg-12295-1\"  class=\"panel-grid panel-has-style\" ><div class=\"panel-row-style panel-row-style-for-12295-1\" ><div id=\"pgc-12295-1-0\"  class=\"panel-grid-cell\" ><div id=\"panel-12295-1-0-0\" class=\"so-panel widget widget_tsp-widget-connexe panel-first-child panel-last-child widgetopts-SO\" data-index=\"1\" ><div\n\t\t\t\n\t\t\tclass=\"so-widget-tsp-widget-connexe so-widget-tsp-widget-connexe-default-58ba54af99fe-12295\"\n\t\t\t\n\t\t>        <div class=\"widget-connexe\">\n            <div class=\"wrap\">\n                                  <div class=\"post\">\n                      <a href=\"https:\/\/www.telecom-sudparis.eu\/en\/actualite\/what-is-edge-ai-what-does-it-do-and-what-can-be-gained-from-this-alternative-to-cloud-computing\/\">\n                                                        <header class=\"entry-header\" style=\"background-image:url(https:\/\/www.telecom-sudparis.eu\/en\/wp-content\/uploads\/sites\/3\/2026\/03\/Edge-AI_Une-1.png)\">\n                                    <span class=\"overlay\"><\/span>\n                                <\/header>\n                                                      <div class=\"entry-content\">\n                          <h3 class=\"title\">What is \u2018Edge AI\u2019? What does it do and what can be gained from this alternative to cloud computing?<\/h3>\n                                                <\/div>\n\n                      <\/a>\n                  <\/div>\n                                  <div class=\"post\">\n                      <a href=\"https:\/\/www.telecom-sudparis.eu\/en\/actualite\/machine-unlearning-nicolas-experience-at-telecom-sudparis\/\">\n                                                        <header class=\"entry-header\" style=\"background-image:url(https:\/\/www.telecom-sudparis.eu\/en\/wp-content\/uploads\/sites\/3\/2026\/03\/desapprentissage-en-ia-nicolas-renout-200-x-250-1.jpg)\">\n                                    <span class=\"overlay\"><\/span>\n                                <\/header>\n                                                      <div class=\"entry-content\">\n                          <h3 class=\"title\">Machine unlearning: Nicolas&#8217; experience at Telecom SudParis<\/h3>\n                                                <\/div>\n\n                      <\/a>\n                  <\/div>\n                                  <div class=\"post\">\n                      <a href=\"https:\/\/www.telecom-sudparis.eu\/en\/actualite\/proximate-wins-the-orange-innovation-prize\/\">\n                                                        <header class=\"entry-header\" style=\"background-image:url(https:\/\/www.telecom-sudparis.eu\/en\/wp-content\/uploads\/sites\/3\/2026\/03\/prix-orange.jpg)\">\n                                    <span class=\"overlay\"><\/span>\n                                <\/header>\n                                                      <div class=\"entry-content\">\n                          <h3 class=\"title\">Proximate wins the Orange Innovation Prize!<\/h3>\n                                                <\/div>\n\n                      <\/a>\n                  <\/div>\n                            <\/div>\n        <\/div>\n\t    <\/div><\/div><\/div><\/div><\/div><\/div>","protected":false},"excerpt":{"rendered":"<p>A powerful international network Choose Europe&#8217;s biggest scientific campus Telecom SudParis has developed meaningful partnerships with higher education and research institutions around the world. The school also has a strong regional presence in France. Choosing Telecom SudParis means becoming part of a powerful network. The school is part of IMT (Institut Mines-Telecom). Training and research &hellip; <\/p>\n<p class=\"link-more\"><a href=\"https:\/\/www.telecom-sudparis.eu\/en\/a-powerful-international-network\/\" class=\"more-link\">Continue reading<span class=\"screen-reader-text\"> &#8220;A powerful international network&#8221;<\/span><\/a><\/p>\n","protected":false},"author":9,"featured_media":12300,"parent":0,"menu_order":0,"comment_status":"closed","ping_status":"closed","template":"","meta":{"_acf_changed":false,"footnotes":""},"categories":[],"tags":[],"class_list":["post-12295","page","type-page","status-publish","has-post-thumbnail","hentry"],"acf":[],"yoast_head":"<!-- This site is optimized with the Yoast SEO plugin v27.3 - https:\/\/yoast.com\/product\/yoast-seo-wordpress\/ -->\n<title>Telecom SudParis&#039;s powerful international network<\/title>\n<meta name=\"description\" content=\"Telecom SudParis has developed meaningful partnerships with higher education and research institutions around the world, a powerful international network.\" \/>\n<meta name=\"robots\" content=\"index, follow, max-snippet:-1, max-image-preview:large, max-video-preview:-1\" \/>\n<link rel=\"canonical\" href=\"https:\/\/www.telecom-sudparis.eu\/en\/about-us__trashed\/a-powerful-international-network\/\" \/>\n<meta property=\"og:locale\" content=\"en_GB\" \/>\n<meta property=\"og:type\" content=\"article\" \/>\n<meta property=\"og:title\" content=\"Telecom SudParis&#039;s powerful international network\" \/>\n<meta property=\"og:description\" content=\"Telecom SudParis has developed meaningful partnerships with higher education and research institutions around the world, a powerful international network.\" \/>\n<meta property=\"og:url\" content=\"https:\/\/www.telecom-sudparis.eu\/en\/about-us__trashed\/a-powerful-international-network\/\" \/>\n<meta property=\"og:site_name\" content=\"TELECOM SudParis\" \/>\n<meta property=\"article:modified_time\" content=\"2024-07-05T14:53:29+00:00\" \/>\n<meta property=\"og:image\" content=\"https:\/\/www.telecom-sudparis.eu\/en\/wp-content\/uploads\/sites\/3\/2023\/07\/Site-Saclay-e1675353282605-1024x1024-1.jpg\" \/>\n\t<meta property=\"og:image:width\" content=\"1024\" \/>\n\t<meta property=\"og:image:height\" content=\"1024\" \/>\n\t<meta property=\"og:image:type\" content=\"image\/jpeg\" \/>\n<meta name=\"twitter:card\" content=\"summary_large_image\" \/>\n<meta name=\"twitter:label1\" content=\"Estimated reading time\" \/>\n\t<meta name=\"twitter:data1\" content=\"2 minutes\" \/>\n<script type=\"application\/ld+json\" class=\"yoast-schema-graph\">{\"@context\":\"https:\\\/\\\/schema.org\",\"@graph\":[{\"@type\":\"WebPage\",\"@id\":\"https:\\\/\\\/www.telecom-sudparis.eu\\\/en\\\/about-us__trashed\\\/a-powerful-international-network\\\/\",\"url\":\"https:\\\/\\\/www.telecom-sudparis.eu\\\/en\\\/about-us__trashed\\\/a-powerful-international-network\\\/\",\"name\":\"Telecom SudParis's powerful international network\",\"isPartOf\":{\"@id\":\"https:\\\/\\\/www.telecom-sudparis.eu\\\/en\\\/#website\"},\"primaryImageOfPage\":{\"@id\":\"https:\\\/\\\/www.telecom-sudparis.eu\\\/en\\\/about-us__trashed\\\/a-powerful-international-network\\\/#primaryimage\"},\"image\":{\"@id\":\"https:\\\/\\\/www.telecom-sudparis.eu\\\/en\\\/about-us__trashed\\\/a-powerful-international-network\\\/#primaryimage\"},\"thumbnailUrl\":\"https:\\\/\\\/www.telecom-sudparis.eu\\\/en\\\/wp-content\\\/uploads\\\/sites\\\/3\\\/2023\\\/07\\\/Site-Saclay-e1675353282605-1024x1024-1.jpg\",\"datePublished\":\"2023-07-27T09:58:00+00:00\",\"dateModified\":\"2024-07-05T14:53:29+00:00\",\"description\":\"Telecom SudParis has developed meaningful partnerships with higher education and research institutions around the world, a powerful international network.\",\"breadcrumb\":{\"@id\":\"https:\\\/\\\/www.telecom-sudparis.eu\\\/en\\\/about-us__trashed\\\/a-powerful-international-network\\\/#breadcrumb\"},\"inLanguage\":\"en-GB\",\"potentialAction\":[{\"@type\":\"ReadAction\",\"target\":[\"https:\\\/\\\/www.telecom-sudparis.eu\\\/en\\\/about-us__trashed\\\/a-powerful-international-network\\\/\"]}]},{\"@type\":\"ImageObject\",\"inLanguage\":\"en-GB\",\"@id\":\"https:\\\/\\\/www.telecom-sudparis.eu\\\/en\\\/about-us__trashed\\\/a-powerful-international-network\\\/#primaryimage\",\"url\":\"https:\\\/\\\/www.telecom-sudparis.eu\\\/en\\\/wp-content\\\/uploads\\\/sites\\\/3\\\/2023\\\/07\\\/Site-Saclay-e1675353282605-1024x1024-1.jpg\",\"contentUrl\":\"https:\\\/\\\/www.telecom-sudparis.eu\\\/en\\\/wp-content\\\/uploads\\\/sites\\\/3\\\/2023\\\/07\\\/Site-Saclay-e1675353282605-1024x1024-1.jpg\",\"width\":1024,\"height\":1024,\"caption\":\"Saclay's campus Telecom SudParis's powerful international network\"},{\"@type\":\"BreadcrumbList\",\"@id\":\"https:\\\/\\\/www.telecom-sudparis.eu\\\/en\\\/about-us__trashed\\\/a-powerful-international-network\\\/#breadcrumb\",\"itemListElement\":[{\"@type\":\"ListItem\",\"position\":1,\"name\":\"Accueil\",\"item\":\"https:\\\/\\\/www.telecom-sudparis.eu\\\/en\\\/\"},{\"@type\":\"ListItem\",\"position\":2,\"name\":\"A powerful international network\"}]},{\"@type\":\"WebSite\",\"@id\":\"https:\\\/\\\/www.telecom-sudparis.eu\\\/en\\\/#website\",\"url\":\"https:\\\/\\\/www.telecom-sudparis.eu\\\/en\\\/\",\"name\":\"TELECOM SudParis\",\"description\":\"Mastering the digital society\",\"potentialAction\":[{\"@type\":\"SearchAction\",\"target\":{\"@type\":\"EntryPoint\",\"urlTemplate\":\"https:\\\/\\\/www.telecom-sudparis.eu\\\/en\\\/?s={search_term_string}\"},\"query-input\":{\"@type\":\"PropertyValueSpecification\",\"valueRequired\":true,\"valueName\":\"search_term_string\"}}],\"inLanguage\":\"en-GB\"}]}<\/script>\n<!-- \/ Yoast SEO plugin. -->","yoast_head_json":{"title":"Telecom SudParis's powerful international network","description":"Telecom SudParis has developed meaningful partnerships with higher education and research institutions around the world, a powerful international network.","robots":{"index":"index","follow":"follow","max-snippet":"max-snippet:-1","max-image-preview":"max-image-preview:large","max-video-preview":"max-video-preview:-1"},"canonical":"https:\/\/www.telecom-sudparis.eu\/en\/about-us__trashed\/a-powerful-international-network\/","og_locale":"en_GB","og_type":"article","og_title":"Telecom SudParis's powerful international network","og_description":"Telecom SudParis has developed meaningful partnerships with higher education and research institutions around the world, a powerful international network.","og_url":"https:\/\/www.telecom-sudparis.eu\/en\/about-us__trashed\/a-powerful-international-network\/","og_site_name":"TELECOM SudParis","article_modified_time":"2024-07-05T14:53:29+00:00","og_image":[{"width":1024,"height":1024,"url":"https:\/\/www.telecom-sudparis.eu\/en\/wp-content\/uploads\/sites\/3\/2023\/07\/Site-Saclay-e1675353282605-1024x1024-1.jpg","type":"image\/jpeg"}],"twitter_card":"summary_large_image","twitter_misc":{"Estimated reading time":"2 minutes"},"schema":{"@context":"https:\/\/schema.org","@graph":[{"@type":"WebPage","@id":"https:\/\/www.telecom-sudparis.eu\/en\/about-us__trashed\/a-powerful-international-network\/","url":"https:\/\/www.telecom-sudparis.eu\/en\/about-us__trashed\/a-powerful-international-network\/","name":"Telecom SudParis's powerful international network","isPartOf":{"@id":"https:\/\/www.telecom-sudparis.eu\/en\/#website"},"primaryImageOfPage":{"@id":"https:\/\/www.telecom-sudparis.eu\/en\/about-us__trashed\/a-powerful-international-network\/#primaryimage"},"image":{"@id":"https:\/\/www.telecom-sudparis.eu\/en\/about-us__trashed\/a-powerful-international-network\/#primaryimage"},"thumbnailUrl":"https:\/\/www.telecom-sudparis.eu\/en\/wp-content\/uploads\/sites\/3\/2023\/07\/Site-Saclay-e1675353282605-1024x1024-1.jpg","datePublished":"2023-07-27T09:58:00+00:00","dateModified":"2024-07-05T14:53:29+00:00","description":"Telecom SudParis has developed meaningful partnerships with higher education and research institutions around the world, a powerful international network.","breadcrumb":{"@id":"https:\/\/www.telecom-sudparis.eu\/en\/about-us__trashed\/a-powerful-international-network\/#breadcrumb"},"inLanguage":"en-GB","potentialAction":[{"@type":"ReadAction","target":["https:\/\/www.telecom-sudparis.eu\/en\/about-us__trashed\/a-powerful-international-network\/"]}]},{"@type":"ImageObject","inLanguage":"en-GB","@id":"https:\/\/www.telecom-sudparis.eu\/en\/about-us__trashed\/a-powerful-international-network\/#primaryimage","url":"https:\/\/www.telecom-sudparis.eu\/en\/wp-content\/uploads\/sites\/3\/2023\/07\/Site-Saclay-e1675353282605-1024x1024-1.jpg","contentUrl":"https:\/\/www.telecom-sudparis.eu\/en\/wp-content\/uploads\/sites\/3\/2023\/07\/Site-Saclay-e1675353282605-1024x1024-1.jpg","width":1024,"height":1024,"caption":"Saclay's campus Telecom SudParis's powerful international network"},{"@type":"BreadcrumbList","@id":"https:\/\/www.telecom-sudparis.eu\/en\/about-us__trashed\/a-powerful-international-network\/#breadcrumb","itemListElement":[{"@type":"ListItem","position":1,"name":"Accueil","item":"https:\/\/www.telecom-sudparis.eu\/en\/"},{"@type":"ListItem","position":2,"name":"A powerful international network"}]},{"@type":"WebSite","@id":"https:\/\/www.telecom-sudparis.eu\/en\/#website","url":"https:\/\/www.telecom-sudparis.eu\/en\/","name":"TELECOM SudParis","description":"Mastering the digital society","potentialAction":[{"@type":"SearchAction","target":{"@type":"EntryPoint","urlTemplate":"https:\/\/www.telecom-sudparis.eu\/en\/?s={search_term_string}"},"query-input":{"@type":"PropertyValueSpecification","valueRequired":true,"valueName":"search_term_string"}}],"inLanguage":"en-GB"}]}},"_links":{"self":[{"href":"https:\/\/www.telecom-sudparis.eu\/en\/wp-json\/wp\/v2\/pages\/12295","targetHints":{"allow":["GET"]}}],"collection":[{"href":"https:\/\/www.telecom-sudparis.eu\/en\/wp-json\/wp\/v2\/pages"}],"about":[{"href":"https:\/\/www.telecom-sudparis.eu\/en\/wp-json\/wp\/v2\/types\/page"}],"author":[{"embeddable":true,"href":"https:\/\/www.telecom-sudparis.eu\/en\/wp-json\/wp\/v2\/users\/9"}],"replies":[{"embeddable":true,"href":"https:\/\/www.telecom-sudparis.eu\/en\/wp-json\/wp\/v2\/comments?post=12295"}],"version-history":[{"count":14,"href":"https:\/\/www.telecom-sudparis.eu\/en\/wp-json\/wp\/v2\/pages\/12295\/revisions"}],"predecessor-version":[{"id":13153,"href":"https:\/\/www.telecom-sudparis.eu\/en\/wp-json\/wp\/v2\/pages\/12295\/revisions\/13153"}],"wp:featuredmedia":[{"embeddable":true,"href":"https:\/\/www.telecom-sudparis.eu\/en\/wp-json\/wp\/v2\/media\/12300"}],"wp:attachment":[{"href":"https:\/\/www.telecom-sudparis.eu\/en\/wp-json\/wp\/v2\/media?parent=12295"}],"wp:term":[{"taxonomy":"category","embeddable":true,"href":"https:\/\/www.telecom-sudparis.eu\/en\/wp-json\/wp\/v2\/categories?post=12295"},{"taxonomy":"post_tag","embeddable":true,"href":"https:\/\/www.telecom-sudparis.eu\/en\/wp-json\/wp\/v2\/tags?post=12295"}],"curies":[{"name":"wp","href":"https:\/\/api.w.org\/{rel}","templated":true}]}}