{"id":12794,"date":"2023-09-09T02:07:08","date_gmt":"2023-09-09T00:07:08","guid":{"rendered":"https:\/\/www.telecom-sudparis.eu\/en\/?page_id=12794"},"modified":"2025-09-16T10:12:59","modified_gmt":"2025-09-16T08:12:59","slug":"first-job-survey","status":"publish","type":"page","link":"https:\/\/www.telecom-sudparis.eu\/en\/first-job-survey\/","title":{"rendered":"First job survey"},"content":{"rendered":"<div id=\"pl-12794\"  class=\"panel-layout\" ><div id=\"pg-12794-0\"  class=\"panel-grid panel-has-style\" ><div class=\"wrap widget-content panel-row-style panel-row-style-for-12794-0\" ><div id=\"pgc-12794-0-0\"  class=\"panel-grid-cell\" ><div id=\"panel-12794-0-0-0\" class=\"so-panel widget widget_tsp-widget-content panel-first-child panel-last-child widgetopts-SO\" data-index=\"0\" ><div class=\"panel-widget-style panel-widget-style-for-12794-0-0-0\" ><div\n\t\t\t\n\t\t\tclass=\"so-widget-tsp-widget-content so-widget-tsp-widget-content-default-58ba54af99fe-12794\"\n\t\t\t\n\t\t>    <div class=\"wrap widget-content\">\n        <div class=\"content-area\">\n            <main id=\"main\" class=\"site-main\">\n                          <div class=\"addthis_inline_share_toolbox_hibt addthis_mobile\"><\/div>\n          <div class=\"breadcrumb\">\n                      <\/div>\n                      <article id=\"post-12794\" class=\"post-12794 page type-page status-publish has-post-thumbnail hentry category-programs\">\n                    <header class=\"entry-header\">\n\n                                                <h1 class=\"entry-title\">\n\t                        First job survey                        <\/h1>\n                        \n\t                                                                <\/header><!-- .entry-header -->\n                                        <div class=\"entry-content\">\n                      <p><strong>What does the 2025 first job survey tell us about new Telecom SudParis graduates? With some of the highest salaries in France, extremely rapid vocational integration and equal pay for men and women, the vocational integration survey by the Conf\u00e9rence des Grandes \u00c9coles (CGE)* presents an employment outlook which remains highly favourable for Telecom SudParis engineers.<\/strong><\/p>\n                    <\/div><!-- .entry-content -->\n                <\/article><!-- #post-## -->\n\n            <\/main><!-- #main -->\n        <\/div><!-- #primary -->\n    <\/div><!-- .wrap -->\n\t<\/div><\/div><\/div><\/div><\/div><\/div><div id=\"pg-12794-1\"  class=\"panel-grid panel-has-style\" ><div class=\"wrap widget-content panel-row-style panel-row-style-for-12794-1\" ><div id=\"pgc-12794-1-0\"  class=\"panel-grid-cell panel-grid-cell-empty\" ><\/div><div id=\"pgc-12794-1-1\"  class=\"panel-grid-cell panel-grid-cell-mobile-last\" ><div id=\"panel-12794-1-1-0\" class=\"so-panel widget widget_sow-video panel-first-child panel-last-child widgetopts-SO\" data-index=\"1\" ><div\n\t\t\t\n\t\t\tclass=\"so-widget-sow-video so-widget-sow-video-default-c08170c47cfb-12794\"\n\t\t\t\n\t\t><h3 class=\"widget-title\">First job survey video<\/h3>\n<div class=\"sow-video-wrapper\n\">\n\t\t\t<iframe loading=\"lazy\" title=\"Enqu\u00eate premier emploi des jeunes dipl\u00f4m\u00e9s 2025 de T\u00e9l\u00e9com SudParis\" width=\"525\" height=\"295\" src=\"https:\/\/www.youtube.com\/embed\/zlqvk1vEGJQ?feature=oembed&enablejsapi=1\" frameborder=\"0\" allow=\"accelerometer; autoplay; clipboard-write; encrypted-media; gyroscope; picture-in-picture; web-share\" referrerpolicy=\"strict-origin-when-cross-origin\" allowfullscreen allowfullscreen mozallowfullscreen webkitallowfullscreen sandbox=\"allow-scripts allow-same-origin allow-presentation\"><\/iframe>\t<\/div>\n<\/div><\/div><\/div><div id=\"pgc-12794-1-2\"  class=\"panel-grid-cell panel-grid-cell-empty\" ><\/div><\/div><\/div><div id=\"pg-12794-2\"  class=\"panel-grid panel-has-style\" ><div class=\"wrap widget-content panel-row-style panel-row-style-for-12794-2\" ><div id=\"pgc-12794-2-0\"  class=\"panel-grid-cell\" ><div id=\"panel-12794-2-0-0\" class=\"so-panel widget widget_tsp-widget-content panel-first-child panel-last-child widgetopts-SO\" data-index=\"2\" ><div class=\"panel-widget-style panel-widget-style-for-12794-2-0-0\" ><div\n\t\t\t\n\t\t\tclass=\"so-widget-tsp-widget-content so-widget-tsp-widget-content-default-58ba54af99fe-12794\"\n\t\t\t\n\t\t>    <div class=\"wrap widget-content\">\n        <div class=\"content-area\">\n            <main id=\"main\" class=\"site-main\">\n                                <article id=\"post-12794\" class=\"post-12794 page type-page status-publish has-post-thumbnail hentry category-programs\">\n                    <header class=\"entry-header\">\n\n                        \n\t                                                                <\/header><!-- .entry-header -->\n                                        <div class=\"entry-content\">\n                      <h2>A highly favourable job market for digital engineers<\/h2>\n<p>The digital sector is one of the most promising fields in terms of recruitment. Digital transformation concerns all activity sectors. Digital engineers, such as design engineers and software engineers, remain highly sought after. However, the new professions emerging from the major digital trends such as data analysis, cybersecurity, cloud computing, Artificial Intelligence (AI) and the Internet of Things (IoT) offer increasingly attractive employment prospects.<\/p>\n<h3>An above-average net employment rate<\/h3>\n<p>The net employment rate** for 2024 engineer graduates of Telecom SudParis is 78% despite a difficult economic situation that has adversely affected recruitment.<\/p>\n<p>The percentage of graduates continuing their studies at PhD level is higher than in previous years, at 11.5%.<\/p>\n<p>Job-seeking periods remain very short: almost 8 out of 10 graduates found an occupational activity before leaving the school, and over 92.7% of new graduates found employment in less than 4 months.<\/p>\n<h3>A wide range of activity sectors<\/h3>\n<p>There is a nice balance between small, medium-sized and large companies, attracting 36%, 35% and 29% of graduates respectively across a wide range of activity sectors: Information and Communication Technology Services and Industry (59%), Consulting and Engineering firms (10%), Finance and Insurance (9%), Human health and social action (4%), scientific research and development (3%) and transport industry (3%).<\/p>\n<p>74% of Telecom SudParis engineers work in \u00cele-de-France and 26% outside the Paris region. Among engineers working abroad, Canada, Belgium and Luxembourg are the most attractive countries.<\/p>\n<h3>Among the highest salaries for new graduates in france<\/h3>\n<p>In France, the median gross annual salary including bonuses for general engineers newly graduated from Telecom SudParis remains stable at \u20ac44,370, which consolidates the School\u2019s position among the highest young graduate salary rates. Again this year, there is no significant difference in salary between men and women.<\/p>\n<p>95.8% of employed graduates have executive status and 96% of those employed in France have a permanent position.<\/p>\n<h3>Internship, the best way to find a job<\/h3>\n<p>44% of 2024 graduates found employment via their end-of-study internship or apprenticeship. The use of professional social networks such as LinkedIn remains very high at 16%. Personal relationships played a decisive role for 12%.<\/p>\n<p><em>*This thirty-third survey on the vocational integration of graduates from the Conf\u00e9rence des Grandes \u00c9coles graduate schools was carried out during the first quarter of 2025. Each participating CGE member school collected the data for their establishment. The survey participation rate for Telecom SudParis engineer graduates was 92%.<\/em><\/p>\n<p><em>**The net employment rate corresponds to the proportion of graduates in employment, including those doing voluntary work, divided by the same population plus those looking for work.<\/em><\/p>\n<p>\n<table id=\"tablepress-24\" class=\"tablepress tablepress-id-24\">\n<thead>\n<tr class=\"row-1\">\n\t<th class=\"column-1\">Indicator<\/th><th class=\"column-2\">T\u00e9l\u00e9com SudParis, Class of 2024<\/th><th class=\"column-3\">CGE, Engineers 2024<\/th>\n<\/tr>\n<\/thead>\n<tbody class=\"row-striping row-hover\">\n<tr class=\"row-2\">\n\t<td class=\"column-1\">Response rate<\/td><td class=\"column-2\">92%<\/td><td class=\"column-3\">63.3%<\/td>\n<\/tr>\n<tr class=\"row-3\">\n\t<td class=\"column-1\">Net employment rate<\/td><td class=\"column-2\">78%<\/td><td class=\"column-3\">80.2%<\/td>\n<\/tr>\n<tr class=\"row-4\">\n\t<td class=\"column-1\">Pursuing a PhD<\/td><td class=\"column-2\">11.5%<\/td><td class=\"column-3\">3.6%<\/td>\n<\/tr>\n<tr class=\"row-5\">\n\t<td class=\"column-1\">Employment found within 2 months<\/td><td class=\"column-2\">87.4%<\/td><td class=\"column-3\">81.9%<\/td>\n<\/tr>\n<tr class=\"row-6\">\n\t<td class=\"column-1\">Employment found within 4 months<\/td><td class=\"column-2\">92.7%<\/td><td class=\"column-3\">93.3%<\/td>\n<\/tr>\n<tr class=\"row-7\">\n\t<td class=\"column-1\">Executive status<\/td><td class=\"column-2\">95.8%<\/td><td class=\"column-3\">85.7%<\/td>\n<\/tr>\n<tr class=\"row-8\">\n\t<td class=\"column-1\">Permanent contract (CDI)<\/td><td class=\"column-2\">96%<\/td><td class=\"column-3\">83.5%<\/td>\n<\/tr>\n<tr class=\"row-9\">\n\t<td class=\"column-1\">Job obtained through final-year internship or apprenticeship employer<\/td><td class=\"column-2\">44%<\/td><td class=\"column-3\">40.7%<\/td>\n<\/tr>\n<tr class=\"row-10\">\n\t<td class=\"column-1\">Further studies (excluding PhD)<\/td><td class=\"column-2\">6%<\/td><td class=\"column-3\">8.2%<\/td>\n<\/tr>\n<tr class=\"row-11\">\n\t<td class=\"column-1\">Job seekers<\/td><td class=\"column-2\">17.7%<\/td><td class=\"column-3\">16.9%<\/td>\n<\/tr>\n<tr class=\"row-12\">\n\t<td class=\"column-1\">Employment abroad<\/td><td class=\"column-2\">21.4%<\/td><td class=\"column-3\">11.2%<\/td>\n<\/tr>\n<tr class=\"row-13\">\n\t<td class=\"column-1\">Median salary in France (including bonuses)<\/td><td class=\"column-2\">\u20ac44,370<\/td><td class=\"column-3\">\u20ac42 000<\/td>\n<\/tr>\n<\/tbody>\n<\/table>\n<!-- #tablepress-24 from cache --><\/p>\n<h2>Further information<\/h2>\n<ul>\n<li><a href=\"https:\/\/www.telecom-sudparis.eu\/wp-content\/uploads\/2023\/06\/1er-Emploi-Fiche-2022.pdf\">CGE 2022 integration survey specific to Telecom SudParis (fr)<\/a><\/li>\n<li><a href=\"https:\/\/www.cge.asso.fr\/publications\/enquete-insertion-cge-2022-2\/\">CGE 2022 integration survey (fr)<\/a><\/li>\n<li><a href=\"https:\/\/www.telecom-sudparis.eu\/wp-content\/uploads\/2023\/06\/1er-Emploi-Fiche-2021_2.pdf\">CGE 2021 integration survey specific to Telecom SudParis (fr)<\/a><\/li>\n<li><a href=\"https:\/\/www.cge.asso.fr\/publications\/enquete-insertion-cge-2021-2\/\">CGE 2021 integration survey (fr)<\/a><\/li>\n<li><a href=\"https:\/\/www.imt.fr\/barometre-imt-2020-des-metiers-du-numerique-les-competences-big-data-cyber-securite-et-ia-une-penurie-de-talents-qui-samplifie-dans-les-entreprises\/\">IMT 2020 barometer of digital jobs (fr)<\/a> produced during the Telecom Forum organized by the students of Telecom SudParis and IMT-BS, and the Talent Day organized by Telecom Paris students<\/li>\n<\/ul>\n                    <\/div><!-- .entry-content -->\n                <\/article><!-- #post-## -->\n\n            <\/main><!-- #main -->\n        <\/div><!-- #primary -->\n    <\/div><!-- .wrap -->\n\t<\/div><\/div><\/div><\/div><\/div><\/div><div id=\"pg-12794-3\"  class=\"panel-grid panel-has-style\" ><div class=\"wrap widget-content panel-row-style panel-row-style-for-12794-3\" ><div id=\"pgc-12794-3-0\"  class=\"panel-grid-cell panel-grid-cell-empty\" ><\/div><div id=\"pgc-12794-3-1\"  class=\"panel-grid-cell panel-grid-cell-mobile-last\" ><div id=\"panel-12794-3-1-0\" class=\"so-panel widget widget_sow-button panel-first-child panel-last-child widgetopts-SO\" data-index=\"3\" ><div\n\t\t\t\n\t\t\tclass=\"so-widget-sow-button so-widget-sow-button-flat-4a346223ace7-12794\"\n\t\t\t\n\t\t><div class=\"ow-button-base ow-button-align-center\"\n>\n\t\t\t<a\n\t\t\t\t\thref=\"https:\/\/www.telecom-sudparis.eu\/en\/career-center\/\"\n\t\t\t\t\tclass=\"sowb-button ow-icon-placement-left ow-button-hover\" \t>\n\t\t<span>\n\t\t\t\n\t\t\tFInd out more about our career center\t\t<\/span>\n\t\t\t<\/a>\n\t<\/div>\n<\/div><\/div><\/div><div id=\"pgc-12794-3-2\"  class=\"panel-grid-cell panel-grid-cell-empty\" ><\/div><\/div><\/div><div id=\"pg-12794-4\"  class=\"panel-grid panel-no-style\" ><div id=\"pgc-12794-4-0\"  class=\"panel-grid-cell\" ><div id=\"panel-12794-4-0-0\" class=\"so-panel widget widget_tsp-widget-connexe panel-first-child panel-last-child widgetopts-SO\" data-index=\"4\" ><div class=\"panel-widget-style panel-widget-style-for-12794-4-0-0\" ><div\n\t\t\t\n\t\t\tclass=\"so-widget-tsp-widget-connexe so-widget-tsp-widget-connexe-default-58ba54af99fe-12794\"\n\t\t\t\n\t\t>        <div class=\"widget-connexe\">\n            <div class=\"wrap\">\n                                  <div class=\"post\">\n                      <a href=\"https:\/\/www.telecom-sudparis.eu\/en\/recruit-our-students\/\">\n                                                        <header class=\"entry-header\" style=\"background-image:url(https:\/\/www.telecom-sudparis.eu\/en\/wp-content\/uploads\/sites\/3\/2023\/05\/partners_day_2022_forum-e1726073159820.jpg)\">\n                                    <span class=\"overlay\"><\/span>\n                                <\/header>\n                                                      <div class=\"entry-content\">\n                          <h3 class=\"title\">Recruit our students<\/h3>\n                                                <\/div>\n\n                      <\/a>\n                  <\/div>\n                                  <div class=\"post\">\n                      <a href=\"https:\/\/www.telecom-sudparis.eu\/en\/entrepreneurship\/\">\n                                                        <header class=\"entry-header\" style=\"background-image:url(https:\/\/www.telecom-sudparis.eu\/en\/wp-content\/uploads\/sites\/3\/2019\/12\/imt-starter-incubateur-locaux.jpg)\">\n                                    <span class=\"overlay\"><\/span>\n                                <\/header>\n                                                      <div class=\"entry-content\">\n                          <h3 class=\"title\">Entrepreneurship<\/h3>\n                                                <\/div>\n\n                      <\/a>\n                  <\/div>\n                                  <div class=\"post\">\n                      <a href=\"https:\/\/www.telecom-sudparis.eu\/en\/admissions\/\">\n                                                        <header class=\"entry-header\" style=\"background-image:url(https:\/\/www.telecom-sudparis.eu\/en\/wp-content\/uploads\/sites\/3\/2023\/05\/admissions_telecom_sudparis-e1725927186644.png)\">\n                                    <span class=\"overlay\"><\/span>\n                                <\/header>\n                                                      <div class=\"entry-content\">\n                          <h3 class=\"title\">Admissions to Telecom SudParis<\/h3>\n                                                <\/div>\n\n                      <\/a>\n                  <\/div>\n                            <\/div>\n        <\/div>\n\t    <\/div><\/div><\/div><\/div><\/div><\/div>","protected":false},"excerpt":{"rendered":"<p>First job survey What does the 2025 first job survey tell us about new Telecom SudParis graduates? With some of the highest salaries in France, extremely rapid vocational integration and equal pay for men and women, the vocational integration survey by the Conf\u00e9rence des Grandes \u00c9coles (CGE)* presents an employment outlook which remains highly favourable &hellip; <\/p>\n<p class=\"link-more\"><a href=\"https:\/\/www.telecom-sudparis.eu\/en\/first-job-survey\/\" class=\"more-link\">Continue reading<span class=\"screen-reader-text\"> &#8220;First job survey&#8221;<\/span><\/a><\/p>\n","protected":false},"author":22,"featured_media":11967,"parent":0,"menu_order":0,"comment_status":"closed","ping_status":"closed","template":"","meta":{"_acf_changed":false,"footnotes":""},"categories":[6],"tags":[],"class_list":["post-12794","page","type-page","status-publish","has-post-thumbnail","hentry","category-programs"],"acf":[],"yoast_head":"<!-- This site is optimized with the Yoast SEO plugin v27.3 - https:\/\/yoast.com\/product\/yoast-seo-wordpress\/ -->\n<title>Find out more about Telecom SudParis&#039; first job survey<\/title>\n<meta name=\"description\" content=\"the 2023 vocational integration survey (or first job survey) by the Conf\u00e9rence des Grandes \u00c9coles presents an employment outlook which remains highly favorable for Telecom SudParis engineers.\" \/>\n<meta name=\"robots\" content=\"index, follow, max-snippet:-1, max-image-preview:large, max-video-preview:-1\" \/>\n<link rel=\"canonical\" href=\"https:\/\/www.telecom-sudparis.eu\/en\/first-job-survey\/\" \/>\n<meta property=\"og:locale\" content=\"en_GB\" \/>\n<meta property=\"og:type\" content=\"article\" \/>\n<meta property=\"og:title\" content=\"Find out more about Telecom SudParis&#039; first job survey\" \/>\n<meta property=\"og:description\" content=\"the 2023 vocational integration survey (or first job survey) by the Conf\u00e9rence des Grandes \u00c9coles presents an employment outlook which remains highly favorable for Telecom SudParis engineers.\" \/>\n<meta property=\"og:url\" content=\"https:\/\/www.telecom-sudparis.eu\/en\/first-job-survey\/\" \/>\n<meta property=\"og:site_name\" content=\"TELECOM SudParis\" \/>\n<meta property=\"article:modified_time\" content=\"2025-09-16T08:12:59+00:00\" \/>\n<meta property=\"og:image\" content=\"https:\/\/www.telecom-sudparis.eu\/en\/wp-content\/uploads\/sites\/3\/2017\/05\/masters-of-science.jpg\" \/>\n\t<meta property=\"og:image:width\" content=\"400\" \/>\n\t<meta property=\"og:image:height\" content=\"400\" \/>\n\t<meta property=\"og:image:type\" content=\"image\/jpeg\" \/>\n<meta name=\"twitter:card\" content=\"summary_large_image\" \/>\n<meta name=\"twitter:label1\" content=\"Estimated reading time\" \/>\n\t<meta name=\"twitter:data1\" content=\"3 minutes\" \/>\n<script type=\"application\/ld+json\" class=\"yoast-schema-graph\">{\"@context\":\"https:\\\/\\\/schema.org\",\"@graph\":[{\"@type\":\"WebPage\",\"@id\":\"https:\\\/\\\/www.telecom-sudparis.eu\\\/en\\\/first-job-survey\\\/\",\"url\":\"https:\\\/\\\/www.telecom-sudparis.eu\\\/en\\\/first-job-survey\\\/\",\"name\":\"Find out more about Telecom SudParis' first job survey\",\"isPartOf\":{\"@id\":\"https:\\\/\\\/www.telecom-sudparis.eu\\\/en\\\/#website\"},\"primaryImageOfPage\":{\"@id\":\"https:\\\/\\\/www.telecom-sudparis.eu\\\/en\\\/first-job-survey\\\/#primaryimage\"},\"image\":{\"@id\":\"https:\\\/\\\/www.telecom-sudparis.eu\\\/en\\\/first-job-survey\\\/#primaryimage\"},\"thumbnailUrl\":\"https:\\\/\\\/www.telecom-sudparis.eu\\\/en\\\/wp-content\\\/uploads\\\/sites\\\/3\\\/2017\\\/05\\\/masters-of-science.jpg\",\"datePublished\":\"2023-09-09T00:07:08+00:00\",\"dateModified\":\"2025-09-16T08:12:59+00:00\",\"description\":\"the 2023 vocational integration survey (or first job survey) by the Conf\u00e9rence des Grandes \u00c9coles presents an employment outlook which remains highly favorable for Telecom SudParis engineers.\",\"breadcrumb\":{\"@id\":\"https:\\\/\\\/www.telecom-sudparis.eu\\\/en\\\/first-job-survey\\\/#breadcrumb\"},\"inLanguage\":\"en-GB\",\"potentialAction\":[{\"@type\":\"ReadAction\",\"target\":[\"https:\\\/\\\/www.telecom-sudparis.eu\\\/en\\\/first-job-survey\\\/\"]}]},{\"@type\":\"ImageObject\",\"inLanguage\":\"en-GB\",\"@id\":\"https:\\\/\\\/www.telecom-sudparis.eu\\\/en\\\/first-job-survey\\\/#primaryimage\",\"url\":\"https:\\\/\\\/www.telecom-sudparis.eu\\\/en\\\/wp-content\\\/uploads\\\/sites\\\/3\\\/2017\\\/05\\\/masters-of-science.jpg\",\"contentUrl\":\"https:\\\/\\\/www.telecom-sudparis.eu\\\/en\\\/wp-content\\\/uploads\\\/sites\\\/3\\\/2017\\\/05\\\/masters-of-science.jpg\",\"width\":400,\"height\":400,\"caption\":\"masters of science Telecom SudParis and first job survey\"},{\"@type\":\"BreadcrumbList\",\"@id\":\"https:\\\/\\\/www.telecom-sudparis.eu\\\/en\\\/first-job-survey\\\/#breadcrumb\",\"itemListElement\":[{\"@type\":\"ListItem\",\"position\":1,\"name\":\"Accueil\",\"item\":\"https:\\\/\\\/www.telecom-sudparis.eu\\\/en\\\/\"},{\"@type\":\"ListItem\",\"position\":2,\"name\":\"First job survey\"}]},{\"@type\":\"WebSite\",\"@id\":\"https:\\\/\\\/www.telecom-sudparis.eu\\\/en\\\/#website\",\"url\":\"https:\\\/\\\/www.telecom-sudparis.eu\\\/en\\\/\",\"name\":\"TELECOM SudParis\",\"description\":\"Mastering the digital society\",\"potentialAction\":[{\"@type\":\"SearchAction\",\"target\":{\"@type\":\"EntryPoint\",\"urlTemplate\":\"https:\\\/\\\/www.telecom-sudparis.eu\\\/en\\\/?s={search_term_string}\"},\"query-input\":{\"@type\":\"PropertyValueSpecification\",\"valueRequired\":true,\"valueName\":\"search_term_string\"}}],\"inLanguage\":\"en-GB\"}]}<\/script>\n<!-- \/ Yoast SEO plugin. -->","yoast_head_json":{"title":"Find out more about Telecom SudParis' first job survey","description":"the 2023 vocational integration survey (or first job survey) by the Conf\u00e9rence des Grandes \u00c9coles presents an employment outlook which remains highly favorable for Telecom SudParis engineers.","robots":{"index":"index","follow":"follow","max-snippet":"max-snippet:-1","max-image-preview":"max-image-preview:large","max-video-preview":"max-video-preview:-1"},"canonical":"https:\/\/www.telecom-sudparis.eu\/en\/first-job-survey\/","og_locale":"en_GB","og_type":"article","og_title":"Find out more about Telecom SudParis' first job survey","og_description":"the 2023 vocational integration survey (or first job survey) by the Conf\u00e9rence des Grandes \u00c9coles presents an employment outlook which remains highly favorable for Telecom SudParis engineers.","og_url":"https:\/\/www.telecom-sudparis.eu\/en\/first-job-survey\/","og_site_name":"TELECOM SudParis","article_modified_time":"2025-09-16T08:12:59+00:00","og_image":[{"width":400,"height":400,"url":"https:\/\/www.telecom-sudparis.eu\/en\/wp-content\/uploads\/sites\/3\/2017\/05\/masters-of-science.jpg","type":"image\/jpeg"}],"twitter_card":"summary_large_image","twitter_misc":{"Estimated reading time":"3 minutes"},"schema":{"@context":"https:\/\/schema.org","@graph":[{"@type":"WebPage","@id":"https:\/\/www.telecom-sudparis.eu\/en\/first-job-survey\/","url":"https:\/\/www.telecom-sudparis.eu\/en\/first-job-survey\/","name":"Find out more about Telecom SudParis' first job survey","isPartOf":{"@id":"https:\/\/www.telecom-sudparis.eu\/en\/#website"},"primaryImageOfPage":{"@id":"https:\/\/www.telecom-sudparis.eu\/en\/first-job-survey\/#primaryimage"},"image":{"@id":"https:\/\/www.telecom-sudparis.eu\/en\/first-job-survey\/#primaryimage"},"thumbnailUrl":"https:\/\/www.telecom-sudparis.eu\/en\/wp-content\/uploads\/sites\/3\/2017\/05\/masters-of-science.jpg","datePublished":"2023-09-09T00:07:08+00:00","dateModified":"2025-09-16T08:12:59+00:00","description":"the 2023 vocational integration survey (or first job survey) by the Conf\u00e9rence des Grandes \u00c9coles presents an employment outlook which remains highly favorable for Telecom SudParis engineers.","breadcrumb":{"@id":"https:\/\/www.telecom-sudparis.eu\/en\/first-job-survey\/#breadcrumb"},"inLanguage":"en-GB","potentialAction":[{"@type":"ReadAction","target":["https:\/\/www.telecom-sudparis.eu\/en\/first-job-survey\/"]}]},{"@type":"ImageObject","inLanguage":"en-GB","@id":"https:\/\/www.telecom-sudparis.eu\/en\/first-job-survey\/#primaryimage","url":"https:\/\/www.telecom-sudparis.eu\/en\/wp-content\/uploads\/sites\/3\/2017\/05\/masters-of-science.jpg","contentUrl":"https:\/\/www.telecom-sudparis.eu\/en\/wp-content\/uploads\/sites\/3\/2017\/05\/masters-of-science.jpg","width":400,"height":400,"caption":"masters of science Telecom SudParis and first job survey"},{"@type":"BreadcrumbList","@id":"https:\/\/www.telecom-sudparis.eu\/en\/first-job-survey\/#breadcrumb","itemListElement":[{"@type":"ListItem","position":1,"name":"Accueil","item":"https:\/\/www.telecom-sudparis.eu\/en\/"},{"@type":"ListItem","position":2,"name":"First job survey"}]},{"@type":"WebSite","@id":"https:\/\/www.telecom-sudparis.eu\/en\/#website","url":"https:\/\/www.telecom-sudparis.eu\/en\/","name":"TELECOM SudParis","description":"Mastering the digital society","potentialAction":[{"@type":"SearchAction","target":{"@type":"EntryPoint","urlTemplate":"https:\/\/www.telecom-sudparis.eu\/en\/?s={search_term_string}"},"query-input":{"@type":"PropertyValueSpecification","valueRequired":true,"valueName":"search_term_string"}}],"inLanguage":"en-GB"}]}},"_links":{"self":[{"href":"https:\/\/www.telecom-sudparis.eu\/en\/wp-json\/wp\/v2\/pages\/12794","targetHints":{"allow":["GET"]}}],"collection":[{"href":"https:\/\/www.telecom-sudparis.eu\/en\/wp-json\/wp\/v2\/pages"}],"about":[{"href":"https:\/\/www.telecom-sudparis.eu\/en\/wp-json\/wp\/v2\/types\/page"}],"author":[{"embeddable":true,"href":"https:\/\/www.telecom-sudparis.eu\/en\/wp-json\/wp\/v2\/users\/22"}],"replies":[{"embeddable":true,"href":"https:\/\/www.telecom-sudparis.eu\/en\/wp-json\/wp\/v2\/comments?post=12794"}],"version-history":[{"count":11,"href":"https:\/\/www.telecom-sudparis.eu\/en\/wp-json\/wp\/v2\/pages\/12794\/revisions"}],"predecessor-version":[{"id":13922,"href":"https:\/\/www.telecom-sudparis.eu\/en\/wp-json\/wp\/v2\/pages\/12794\/revisions\/13922"}],"wp:featuredmedia":[{"embeddable":true,"href":"https:\/\/www.telecom-sudparis.eu\/en\/wp-json\/wp\/v2\/media\/11967"}],"wp:attachment":[{"href":"https:\/\/www.telecom-sudparis.eu\/en\/wp-json\/wp\/v2\/media?parent=12794"}],"wp:term":[{"taxonomy":"category","embeddable":true,"href":"https:\/\/www.telecom-sudparis.eu\/en\/wp-json\/wp\/v2\/categories?post=12794"},{"taxonomy":"post_tag","embeddable":true,"href":"https:\/\/www.telecom-sudparis.eu\/en\/wp-json\/wp\/v2\/tags?post=12794"}],"curies":[{"name":"wp","href":"https:\/\/api.w.org\/{rel}","templated":true}]}}