{"id":6640,"date":"2017-08-01T10:48:49","date_gmt":"2017-08-01T08:48:49","guid":{"rendered":"http:\/\/www.telecom-sudparis.eu\/en-tmp\/?page_id=6640"},"modified":"2025-01-14T10:59:13","modified_gmt":"2025-01-14T09:59:13","slug":"about-telecom-sudparis","status":"publish","type":"page","link":"https:\/\/www.telecom-sudparis.eu\/en\/about-telecom-sudparis\/","title":{"rendered":"About Telecom SudParis"},"content":{"rendered":"<div id=\"pl-6640\"  class=\"panel-layout\" ><div id=\"pg-6640-0\"  class=\"panel-grid panel-has-style\" ><div class=\"panel-row-style panel-row-style-for-6640-0\" ><div id=\"pgc-6640-0-0\"  class=\"panel-grid-cell\" ><div id=\"panel-6640-0-0-0\" class=\"so-panel widget widget_tsp-widget-content panel-first-child panel-last-child widgetopts-SO\" data-index=\"0\" ><div\n\t\t\t\n\t\t\tclass=\"so-widget-tsp-widget-content so-widget-tsp-widget-content-default-58ba54af99fe-6640\"\n\t\t\t\n\t\t>    <div class=\"wrap widget-content\">\n        <div class=\"content-area\">\n            <main id=\"main\" class=\"site-main\">\n                          <div class=\"addthis_inline_share_toolbox_hibt addthis_mobile\"><\/div>\n          <div class=\"breadcrumb\">\n                      <\/div>\n                      <article id=\"post-6640\" class=\"post-6640 page type-page status-publish has-post-thumbnail hentry\">\n                    <header class=\"entry-header\">\n\n                                                <h1 class=\"entry-title\">\n\t                        About TELECOM SudParis                         <\/h1>\n                        \n\t                                                                <\/header><!-- .entry-header -->\n                                        <div class=\"entry-content\">\n                      <div align=\"center\">\n<!-- iframe plugin v.6.0 wordpress.org\/plugins\/iframe\/ -->\n<iframe loading=\"lazy\" width=\"560\" height=\"315\" src=\"https:\/\/www.youtube.com\/embed\/FxJtL3bdVGA\" title=\"YouTube video player\" frameborder=\"0\" allow=\"accelerometer; autoplay; clipboard-write; encrypted-media; gyroscope; picture-in-picture; web-share\" 0=\"allowfullscreen\/iframe\" scrolling=\"yes\" class=\"iframe-class\"><\/iframe>\n<\/div>\n<h2>A prestigious graduate school<\/h2>\n<p>Telecom SudParis, established in 1979 as the Institut national des t\u00e9l\u00e9communications (INT), is a Grande \u00c9cole which belongs to the Institut Mines-T\u00e9l\u00e9com (IMT) Group. As a \"Grande Ecole\", it trains tomorrow\u2019s elite engineers and managers in the field of digital sciences and technology.<\/p>\n<p><em>\"Our ambition is to train women and men of all origins, builders of the digital society, and contribute to its construction through teaching and research excellence, sources of innovation and economic and social value. Telecom SudParis is a specialist in a field of study that is booming. Currently we study cellular networks, big data, cloud, ultra-high-speed internet and digital development policies - all areas in which we have proven research expertise\"<\/em><\/p>\n<p><strong>Fran\u00e7ois DELLACHERIE, Dean, Telecom SudParis<\/strong><\/p>\n<h2>The Values of the School<\/h2>\n<p>T\u00e9l\u00e9com SudParis, the leading <strong>public school for digital transformation<\/strong>, innovates around strong values:<\/p>\n<ul>\n<li>Public utility<\/li>\n<li>Openness<\/li>\n<li>Socio-economic relevance<\/li>\n<li>Humanism<\/li>\n<li>The quest for excellence<\/li>\n<\/ul>\n<p>A pioneer in promoting <strong>entrepreneurial spirit<\/strong> and <strong>project-based teaching<\/strong>, T\u00e9l\u00e9com SudParis trains<strong> innovative and dynamic engineers<\/strong>, combining <strong>conceptual and operational skills<\/strong>.<\/p>\n<p>A promoter of <strong>digital tools<\/strong>, it was one of the first to deploy <strong>online training<\/strong> and to create a platform of <strong>MOOCs accessible to the general public<\/strong>.<\/p>\n<h2>A diversified and sought-after training offer<\/h2>\n<p>A pioneer in project-based pedagogy and the development of entrepreneurial spirit, Telecom SudParis forms:<\/p>\n<ul>\n<li><a href=\"https:\/\/www.telecom-sudparis.eu\/en\/formation\/engineering-curriculum\/\">General engineers<\/a>,<\/li>\n<li><a href=\"https:\/\/www.telecom-sudparis.eu\/en\/formation\/engineer-program-major-networks\/\">Specialized engineers<\/a>,<\/li>\n<li><a href=\"https:\/\/www.telecom-sudparis.eu\/en\/formation\/masters-of-science\/\">Masters of Science<\/a><\/li>\n<li>Scientific executives,<\/li>\n<li><a href=\"https:\/\/www.telecom-sudparis.eu\/en\/research\/doctoral-studies\/\">PhD<\/a> programs.<\/li>\n<\/ul>\n<p>Telecom SudParis offers <strong>a wide range of <a href=\"http:\/\/www.telecom-sudparis.eu\/en\/formation\/programs\/\">training opportunities<\/a> through its programs and partnerships<\/strong> in fields ranging from applied mathematics to networks and information systems, including electronics, image processing and multimedia.<strong><img loading=\"lazy\" decoding=\"async\" class=\"size-full wp-image-5839 alignright\" src=\"https:\/\/www.telecom-sudparis.eu\/en\/wp-content\/uploads\/sites\/3\/2017\/05\/relations-entreprises.png\" alt=\"Forum de recrutement\" width=\"420\" height=\"251\" srcset=\"https:\/\/www.telecom-sudparis.eu\/en\/wp-content\/uploads\/sites\/3\/2017\/05\/relations-entreprises.png 420w, https:\/\/www.telecom-sudparis.eu\/en\/wp-content\/uploads\/sites\/3\/2017\/05\/relations-entreprises-300x179.png 300w, https:\/\/www.telecom-sudparis.eu\/en\/wp-content\/uploads\/sites\/3\/2017\/05\/relations-entreprises-24x14.png 24w, https:\/\/www.telecom-sudparis.eu\/en\/wp-content\/uploads\/sites\/3\/2017\/05\/relations-entreprises-36x22.png 36w, https:\/\/www.telecom-sudparis.eu\/en\/wp-content\/uploads\/sites\/3\/2017\/05\/relations-entreprises-48x29.png 48w\" sizes=\"auto, (max-width: 420px) 100vw, 420px\" \/><\/strong><\/p>\n<p>Thanks to our diversified training-program and 40 years of experience in the field, our school has established <strong>a strong and justified image of excellence among recruiters in industry<\/strong>. Our graduate engineers are sought after by companies in all sectors of activity and particularly in digital science and technology sector.<\/p>\n<p><strong>Our strong ties with many industrial partners<\/strong> have largely contributed to this reputation. <strong>Collaboration with companies<\/strong> enables us to stay up-to-date with the needs and expectations of the business world which are taken into consideration when reforming our courses, curriculum and the educational process.<\/p>\n<p>&nbsp;<\/p>\n<h2>Birth of the new public higher education and research: Institut Polytechnique de Paris (IP Paris)<\/h2>\n<p><img loading=\"lazy\" decoding=\"async\" class=\"alignleft wp-image-8763\" src=\"https:\/\/www.telecom-sudparis.eu\/en\/wp-content\/uploads\/sites\/3\/2019\/02\/groupeIPparis.gif\" alt=\"\" width=\"200\" height=\"200\" \/>The May 31, 2019 decree published in the French official journal on June 2, 2019 formally establishes the experimental public institution to be known as \"<strong>Institut Polytechnique de Paris<\/strong>\" and approves its articles of association. This new institution groups together a number of existing schools: \u00c9cole Polytechnique, ENSTA Paris, ENSAE Paris, GENES, T\u00e9l\u00e9com Paris and Telecom SudParis, all IMT (Institut Mines-T\u00e9l\u00e9com) schools. The status of \"experimental public institution\" makes it possible to group together public or private higher education and research institutions that contribute to providing a public higher education and research service. Introduced by an ordinance formed on December 12, 2018, it allows the institutions involved to retain their own legal personality.<\/p>\n<p>&nbsp;<\/p>\n<h2>Resolutely entrepreneurial<\/h2>\n<p>Telecom SudParis supports <strong>more than 15 business start-ups a year<\/strong>. <a href=\"http:\/\/www.imt-starter.fr\/en\/\" target=\"_blank\" rel=\"noopener\">Its incubator, IMT Starter,<\/a> was among the first created in France. It launched the second largest Entrepreneurship Competition in France, the Digital Start-up Trophy, to identify and support start-up companies in the Ile-de-France region.<\/p>\n<p>&nbsp;<\/p>\n<h2>Distinguishing asset: a unique partnership between engineering and management schools<\/h2>\n<p>Telecom SudParis and Institut Mines-T\u00e9l\u00e9com Business School share the same campus located just south of Paris. The synergy between the two schools is unique in France, providing rich, multidisciplinary opportunities for teaching, research and innovation and a distinctive professional skill set for the graduates of both schools.<\/p>\n<p>&nbsp;<\/p>\n<h2>An ambition that exceeds limits<\/h2>\n<p>Telecom SudParis is a publically operated graduate engineering school which has been constantly building its reputation for its graduates who position themselves as leaders in digital technologies as well as other professional sectors, taking full advantage of new opportunities offered by the labor market.<\/p>\n                    <\/div><!-- .entry-content -->\n                <\/article><!-- #post-## -->\n\n            <\/main><!-- #main -->\n        <\/div><!-- #primary -->\n    <\/div><!-- .wrap -->\n\t<\/div><\/div><\/div><\/div><\/div><div id=\"pg-6640-1\"  class=\"panel-grid panel-has-style\" ><div class=\"panel-row-style panel-row-style-for-6640-1\" ><div id=\"pgc-6640-1-0\"  class=\"panel-grid-cell\" ><div id=\"panel-6640-1-0-0\" class=\"so-panel widget widget_tsp-widget-connexe panel-first-child panel-last-child widgetopts-SO\" data-index=\"1\" ><div\n\t\t\t\n\t\t\tclass=\"so-widget-tsp-widget-connexe so-widget-tsp-widget-connexe-default-58ba54af99fe-6640\"\n\t\t\t\n\t\t>        <div class=\"widget-connexe\">\n            <div class=\"wrap\">\n                                  <div class=\"post\">\n                      <a href=\"https:\/\/www.telecom-sudparis.eu\/en\/rankings-and-labels\/\">\n                                                        <header class=\"entry-header\" style=\"background-image:url(https:\/\/www.telecom-sudparis.eu\/en\/wp-content\/uploads\/sites\/3\/2021\/04\/rankings-and-labels.jpg)\">\n                                    <span class=\"overlay\"><\/span>\n                                <\/header>\n                                                      <div class=\"entry-content\">\n                          <h3 class=\"title\">Rankings and labels<\/h3>\n                                                <\/div>\n\n                      <\/a>\n                  <\/div>\n                                  <div class=\"post\">\n                      <a href=\"https:\/\/www.telecom-sudparis.eu\/en\/telecom-sudparis-member-of-ip-paris\/\">\n                                                        <header class=\"entry-header\" style=\"background-image:url(https:\/\/www.telecom-sudparis.eu\/en\/wp-content\/uploads\/sites\/3\/2025\/01\/LOGOTYPE-7-ECOLES-Vertical-500x200-1.jpg)\">\n                                    <span class=\"overlay\"><\/span>\n                                <\/header>\n                                                      <div class=\"entry-content\">\n                          <h3 class=\"title\">Telecom SudParis, member of IP Paris<\/h3>\n                                                <\/div>\n\n                      <\/a>\n                  <\/div>\n                                  <div class=\"post\">\n                      <a href=\"https:\/\/www.telecom-sudparis.eu\/en\/imt\/\">\n                                                        <header class=\"entry-header\" style=\"background-image:url(https:\/\/www.telecom-sudparis.eu\/en\/wp-content\/uploads\/sites\/3\/2023\/06\/logo-IMT.jpg)\">\n                                    <span class=\"overlay\"><\/span>\n                                <\/header>\n                                                      <div class=\"entry-content\">\n                          <h3 class=\"title\">Telecom SudParis, part of IMT<\/h3>\n                                                <\/div>\n\n                      <\/a>\n                  <\/div>\n                            <\/div>\n        <\/div>\n\t    <\/div><\/div><\/div><\/div><\/div><\/div>","protected":false},"excerpt":{"rendered":"<p>About TELECOM SudParis A prestigious graduate school Telecom SudParis, established in 1979 as the Institut national des t\u00e9l\u00e9communications (INT), is a Grande \u00c9cole which belongs to the Institut Mines-T\u00e9l\u00e9com (IMT) Group. As a &#8220;Grande Ecole&#8221;, it trains tomorrow\u2019s elite engineers and managers in the field of digital sciences and technology. &#8220;Our ambition is to train &hellip; <\/p>\n<p class=\"link-more\"><a href=\"https:\/\/www.telecom-sudparis.eu\/en\/about-telecom-sudparis\/\" class=\"more-link\">Continue reading<span class=\"screen-reader-text\"> &#8220;About Telecom SudParis&#8221;<\/span><\/a><\/p>\n","protected":false},"author":1,"featured_media":8950,"parent":0,"menu_order":0,"comment_status":"closed","ping_status":"closed","template":"","meta":{"_acf_changed":false,"footnotes":""},"categories":[],"tags":[],"class_list":["post-6640","page","type-page","status-publish","has-post-thumbnail","hentry"],"acf":[],"yoast_head":"<!-- This site is optimized with the Yoast SEO plugin v27.3 - https:\/\/yoast.com\/product\/yoast-seo-wordpress\/ -->\n<title>About Telecom SudParis<\/title>\n<meta name=\"description\" content=\"All about Telecom SudParis, established in 1979 as the Institut national des t\u00e9l\u00e9communications (INT), is a Grande \u00c9cole which belongs to the Institut Mines-T\u00e9l\u00e9com (IMT) Group\" \/>\n<meta name=\"robots\" content=\"index, follow, max-snippet:-1, max-image-preview:large, max-video-preview:-1\" \/>\n<link rel=\"canonical\" href=\"https:\/\/www.telecom-sudparis.eu\/en\/about-us__trashed\/about-telecom-sudparis\/\" \/>\n<meta property=\"og:locale\" content=\"en_GB\" \/>\n<meta property=\"og:type\" content=\"article\" \/>\n<meta property=\"og:title\" content=\"About Telecom SudParis\" \/>\n<meta property=\"og:description\" content=\"All about Telecom SudParis, established in 1979 as the Institut national des t\u00e9l\u00e9communications (INT), is a Grande \u00c9cole which belongs to the Institut Mines-T\u00e9l\u00e9com (IMT) Group\" \/>\n<meta property=\"og:url\" content=\"https:\/\/www.telecom-sudparis.eu\/en\/about-us__trashed\/about-telecom-sudparis\/\" \/>\n<meta property=\"og:site_name\" content=\"TELECOM SudParis\" \/>\n<meta property=\"article:modified_time\" content=\"2025-01-14T09:59:13+00:00\" \/>\n<meta property=\"og:image\" content=\"https:\/\/www.telecom-sudparis.eu\/en\/wp-content\/uploads\/sites\/3\/2019\/08\/image-campus-evry.jpg\" \/>\n\t<meta property=\"og:image:width\" content=\"400\" \/>\n\t<meta property=\"og:image:height\" content=\"400\" \/>\n\t<meta property=\"og:image:type\" content=\"image\/jpeg\" \/>\n<meta name=\"twitter:card\" content=\"summary_large_image\" \/>\n<meta name=\"twitter:label1\" content=\"Estimated reading time\" \/>\n\t<meta name=\"twitter:data1\" content=\"4 minutes\" \/>\n<script type=\"application\/ld+json\" class=\"yoast-schema-graph\">{\"@context\":\"https:\\\/\\\/schema.org\",\"@graph\":[{\"@type\":\"WebPage\",\"@id\":\"https:\\\/\\\/www.telecom-sudparis.eu\\\/en\\\/about-us__trashed\\\/about-telecom-sudparis\\\/\",\"url\":\"https:\\\/\\\/www.telecom-sudparis.eu\\\/en\\\/about-us__trashed\\\/about-telecom-sudparis\\\/\",\"name\":\"About Telecom SudParis\",\"isPartOf\":{\"@id\":\"https:\\\/\\\/www.telecom-sudparis.eu\\\/en\\\/#website\"},\"primaryImageOfPage\":{\"@id\":\"https:\\\/\\\/www.telecom-sudparis.eu\\\/en\\\/about-us__trashed\\\/about-telecom-sudparis\\\/#primaryimage\"},\"image\":{\"@id\":\"https:\\\/\\\/www.telecom-sudparis.eu\\\/en\\\/about-us__trashed\\\/about-telecom-sudparis\\\/#primaryimage\"},\"thumbnailUrl\":\"https:\\\/\\\/www.telecom-sudparis.eu\\\/en\\\/wp-content\\\/uploads\\\/sites\\\/3\\\/2019\\\/08\\\/image-campus-evry.jpg\",\"datePublished\":\"2017-08-01T08:48:49+00:00\",\"dateModified\":\"2025-01-14T09:59:13+00:00\",\"description\":\"All about Telecom SudParis, established in 1979 as the Institut national des t\u00e9l\u00e9communications (INT), is a Grande \u00c9cole which belongs to the Institut Mines-T\u00e9l\u00e9com (IMT) Group\",\"breadcrumb\":{\"@id\":\"https:\\\/\\\/www.telecom-sudparis.eu\\\/en\\\/about-us__trashed\\\/about-telecom-sudparis\\\/#breadcrumb\"},\"inLanguage\":\"en-GB\",\"potentialAction\":[{\"@type\":\"ReadAction\",\"target\":[\"https:\\\/\\\/www.telecom-sudparis.eu\\\/en\\\/about-us__trashed\\\/about-telecom-sudparis\\\/\"]}]},{\"@type\":\"ImageObject\",\"inLanguage\":\"en-GB\",\"@id\":\"https:\\\/\\\/www.telecom-sudparis.eu\\\/en\\\/about-us__trashed\\\/about-telecom-sudparis\\\/#primaryimage\",\"url\":\"https:\\\/\\\/www.telecom-sudparis.eu\\\/en\\\/wp-content\\\/uploads\\\/sites\\\/3\\\/2019\\\/08\\\/image-campus-evry.jpg\",\"contentUrl\":\"https:\\\/\\\/www.telecom-sudparis.eu\\\/en\\\/wp-content\\\/uploads\\\/sites\\\/3\\\/2019\\\/08\\\/image-campus-evry.jpg\",\"width\":400,\"height\":400,\"caption\":\"About Telecom SudParis Photo du campus d'Evry de Telecom SudParis\"},{\"@type\":\"BreadcrumbList\",\"@id\":\"https:\\\/\\\/www.telecom-sudparis.eu\\\/en\\\/about-us__trashed\\\/about-telecom-sudparis\\\/#breadcrumb\",\"itemListElement\":[{\"@type\":\"ListItem\",\"position\":1,\"name\":\"Accueil\",\"item\":\"https:\\\/\\\/www.telecom-sudparis.eu\\\/en\\\/\"},{\"@type\":\"ListItem\",\"position\":2,\"name\":\"About Telecom SudParis\"}]},{\"@type\":\"WebSite\",\"@id\":\"https:\\\/\\\/www.telecom-sudparis.eu\\\/en\\\/#website\",\"url\":\"https:\\\/\\\/www.telecom-sudparis.eu\\\/en\\\/\",\"name\":\"TELECOM SudParis\",\"description\":\"Mastering the digital society\",\"potentialAction\":[{\"@type\":\"SearchAction\",\"target\":{\"@type\":\"EntryPoint\",\"urlTemplate\":\"https:\\\/\\\/www.telecom-sudparis.eu\\\/en\\\/?s={search_term_string}\"},\"query-input\":{\"@type\":\"PropertyValueSpecification\",\"valueRequired\":true,\"valueName\":\"search_term_string\"}}],\"inLanguage\":\"en-GB\"}]}<\/script>\n<!-- \/ Yoast SEO plugin. -->","yoast_head_json":{"title":"About Telecom SudParis","description":"All about Telecom SudParis, established in 1979 as the Institut national des t\u00e9l\u00e9communications (INT), is a Grande \u00c9cole which belongs to the Institut Mines-T\u00e9l\u00e9com (IMT) Group","robots":{"index":"index","follow":"follow","max-snippet":"max-snippet:-1","max-image-preview":"max-image-preview:large","max-video-preview":"max-video-preview:-1"},"canonical":"https:\/\/www.telecom-sudparis.eu\/en\/about-us__trashed\/about-telecom-sudparis\/","og_locale":"en_GB","og_type":"article","og_title":"About Telecom SudParis","og_description":"All about Telecom SudParis, established in 1979 as the Institut national des t\u00e9l\u00e9communications (INT), is a Grande \u00c9cole which belongs to the Institut Mines-T\u00e9l\u00e9com (IMT) Group","og_url":"https:\/\/www.telecom-sudparis.eu\/en\/about-us__trashed\/about-telecom-sudparis\/","og_site_name":"TELECOM SudParis","article_modified_time":"2025-01-14T09:59:13+00:00","og_image":[{"width":400,"height":400,"url":"https:\/\/www.telecom-sudparis.eu\/en\/wp-content\/uploads\/sites\/3\/2019\/08\/image-campus-evry.jpg","type":"image\/jpeg"}],"twitter_card":"summary_large_image","twitter_misc":{"Estimated reading time":"4 minutes"},"schema":{"@context":"https:\/\/schema.org","@graph":[{"@type":"WebPage","@id":"https:\/\/www.telecom-sudparis.eu\/en\/about-us__trashed\/about-telecom-sudparis\/","url":"https:\/\/www.telecom-sudparis.eu\/en\/about-us__trashed\/about-telecom-sudparis\/","name":"About Telecom SudParis","isPartOf":{"@id":"https:\/\/www.telecom-sudparis.eu\/en\/#website"},"primaryImageOfPage":{"@id":"https:\/\/www.telecom-sudparis.eu\/en\/about-us__trashed\/about-telecom-sudparis\/#primaryimage"},"image":{"@id":"https:\/\/www.telecom-sudparis.eu\/en\/about-us__trashed\/about-telecom-sudparis\/#primaryimage"},"thumbnailUrl":"https:\/\/www.telecom-sudparis.eu\/en\/wp-content\/uploads\/sites\/3\/2019\/08\/image-campus-evry.jpg","datePublished":"2017-08-01T08:48:49+00:00","dateModified":"2025-01-14T09:59:13+00:00","description":"All about Telecom SudParis, established in 1979 as the Institut national des t\u00e9l\u00e9communications (INT), is a Grande \u00c9cole which belongs to the Institut Mines-T\u00e9l\u00e9com (IMT) Group","breadcrumb":{"@id":"https:\/\/www.telecom-sudparis.eu\/en\/about-us__trashed\/about-telecom-sudparis\/#breadcrumb"},"inLanguage":"en-GB","potentialAction":[{"@type":"ReadAction","target":["https:\/\/www.telecom-sudparis.eu\/en\/about-us__trashed\/about-telecom-sudparis\/"]}]},{"@type":"ImageObject","inLanguage":"en-GB","@id":"https:\/\/www.telecom-sudparis.eu\/en\/about-us__trashed\/about-telecom-sudparis\/#primaryimage","url":"https:\/\/www.telecom-sudparis.eu\/en\/wp-content\/uploads\/sites\/3\/2019\/08\/image-campus-evry.jpg","contentUrl":"https:\/\/www.telecom-sudparis.eu\/en\/wp-content\/uploads\/sites\/3\/2019\/08\/image-campus-evry.jpg","width":400,"height":400,"caption":"About Telecom SudParis Photo du campus d'Evry de Telecom SudParis"},{"@type":"BreadcrumbList","@id":"https:\/\/www.telecom-sudparis.eu\/en\/about-us__trashed\/about-telecom-sudparis\/#breadcrumb","itemListElement":[{"@type":"ListItem","position":1,"name":"Accueil","item":"https:\/\/www.telecom-sudparis.eu\/en\/"},{"@type":"ListItem","position":2,"name":"About Telecom SudParis"}]},{"@type":"WebSite","@id":"https:\/\/www.telecom-sudparis.eu\/en\/#website","url":"https:\/\/www.telecom-sudparis.eu\/en\/","name":"TELECOM SudParis","description":"Mastering the digital society","potentialAction":[{"@type":"SearchAction","target":{"@type":"EntryPoint","urlTemplate":"https:\/\/www.telecom-sudparis.eu\/en\/?s={search_term_string}"},"query-input":{"@type":"PropertyValueSpecification","valueRequired":true,"valueName":"search_term_string"}}],"inLanguage":"en-GB"}]}},"_links":{"self":[{"href":"https:\/\/www.telecom-sudparis.eu\/en\/wp-json\/wp\/v2\/pages\/6640","targetHints":{"allow":["GET"]}}],"collection":[{"href":"https:\/\/www.telecom-sudparis.eu\/en\/wp-json\/wp\/v2\/pages"}],"about":[{"href":"https:\/\/www.telecom-sudparis.eu\/en\/wp-json\/wp\/v2\/types\/page"}],"author":[{"embeddable":true,"href":"https:\/\/www.telecom-sudparis.eu\/en\/wp-json\/wp\/v2\/users\/1"}],"replies":[{"embeddable":true,"href":"https:\/\/www.telecom-sudparis.eu\/en\/wp-json\/wp\/v2\/comments?post=6640"}],"version-history":[{"count":136,"href":"https:\/\/www.telecom-sudparis.eu\/en\/wp-json\/wp\/v2\/pages\/6640\/revisions"}],"predecessor-version":[{"id":13469,"href":"https:\/\/www.telecom-sudparis.eu\/en\/wp-json\/wp\/v2\/pages\/6640\/revisions\/13469"}],"wp:featuredmedia":[{"embeddable":true,"href":"https:\/\/www.telecom-sudparis.eu\/en\/wp-json\/wp\/v2\/media\/8950"}],"wp:attachment":[{"href":"https:\/\/www.telecom-sudparis.eu\/en\/wp-json\/wp\/v2\/media?parent=6640"}],"wp:term":[{"taxonomy":"category","embeddable":true,"href":"https:\/\/www.telecom-sudparis.eu\/en\/wp-json\/wp\/v2\/categories?post=6640"},{"taxonomy":"post_tag","embeddable":true,"href":"https:\/\/www.telecom-sudparis.eu\/en\/wp-json\/wp\/v2\/tags?post=6640"}],"curies":[{"name":"wp","href":"https:\/\/api.w.org\/{rel}","templated":true}]}}