{"id":6831,"date":"2017-08-02T17:13:00","date_gmt":"2017-08-02T15:13:00","guid":{"rendered":"http:\/\/www.telecom-sudparis.eu\/en-tmp\/?page_id=6831"},"modified":"2024-06-27T00:55:14","modified_gmt":"2024-06-26T22:55:14","slug":"international-relations-office","status":"publish","type":"page","link":"https:\/\/www.telecom-sudparis.eu\/en\/international-relations-office\/","title":{"rendered":"International Relations Office"},"content":{"rendered":"<div id=\"pl-6831\"  class=\"panel-layout\" ><div id=\"pg-6831-0\"  class=\"panel-grid panel-has-style\" ><div class=\"panel-row-style panel-row-style-for-6831-0\" ><div id=\"pgc-6831-0-0\"  class=\"panel-grid-cell\" ><div id=\"panel-6831-0-0-0\" class=\"so-panel widget widget_tsp-widget-content panel-first-child panel-last-child widgetopts-SO\" data-index=\"0\" ><div class=\"panel-widget-style panel-widget-style-for-6831-0-0-0\" ><div\n\t\t\t\n\t\t\tclass=\"so-widget-tsp-widget-content so-widget-tsp-widget-content-default-58ba54af99fe-6831\"\n\t\t\t\n\t\t>    <div class=\"wrap widget-content\">\n        <div class=\"content-area\">\n            <main id=\"main\" class=\"site-main\">\n                          <div class=\"addthis_inline_share_toolbox_hibt addthis_mobile\"><\/div>\n          <div class=\"breadcrumb\">\n                      <\/div>\n                      <article id=\"post-6831\" class=\"post-6831 page type-page status-publish has-post-thumbnail hentry category-international\">\n                    <header class=\"entry-header\">\n\n                                                <h1 class=\"entry-title\">\n\t                        Telecom SudParis, a resolutely international center of academic excellence                        <\/h1>\n                        \n\t                                                                <\/header><!-- .entry-header -->\n                                                        <div id=\"secondary\" class=\"content-area\">\n                                        <section id=\"siteorigin-panels-post-content-2\" class=\"widget widget_siteorigin-panels-post-content\"><div class=\"featured-image\"><img loading=\"lazy\" decoding=\"async\" width=\"400\" height=\"400\" src=\"https:\/\/www.telecom-sudparis.eu\/en\/wp-content\/uploads\/sites\/3\/2022\/08\/IMGP3660-400px.jpg\" class=\"attachment-post-thumbnail size-post-thumbnail wp-post-image\" alt=\"International Relations Office telecom sudparis\" \/><\/div><\/section>                                    <\/div>\n                                                    <div class=\"entry-content\">\n                      <p>The International Relations Office contributes to the development and execution of the <a href=\"https:\/\/www.telecom-sudparis.eu\/en\/about-us\/about-telecom-sudparis\/\">internationalization strategy of Telecom SudParis<\/a>.<\/p>\n<p>Students, faculty and administration at Telecom SudParis can take advantage of a global learning experience in order to acquire new skills and knowledge through various academic partnerships, research projects, financing assistance, and personalized advising.<\/p>\n<p>While building and managing internationalized programs through its global partner network, the International Relations Office also ensures the promotion and the image of Telecom SudParis worldwide.<\/p>\n<h2>The international, a strategic priority<\/h2>\n<p>The development of a strong international dimension at Telecom SudParis is an essential component of our academic strategy.<\/p>\n<p>As well as creating a truly cosmopolitan campus, with\u00a0<strong>77 different nationalities represented<\/strong>\u00a0in our student body, we have also established student and faculty exchange agreements with\u00a0<strong>more than 100 international universities<\/strong>\u00a0all over the world!<\/p>\n<p>Our research teams are involved in scores of multinational research projects, while our extensive network of industrial partners provides students with opportunities for international internships and professional experience.<\/p>\n<p>We are keenly aware that a truly international center of learning requires much more than just student exchanges and\u00a0<a href=\"https:\/\/www.telecom-sudparis.eu\/en\/international\/partner-institutions\/\">academic partnerships<\/a> in order to prepare the next generation who will carry out the transformation of our society.<\/p>\n<p>Our graduates are entering a professional environment, which is ever more<strong>\u00a0international and cosmopolitan,<\/strong>\u00a0an environment where their capacity for cross-border cooperation and global management will be essential to the success of their careers.<\/p>\n<p>To perform efficiently in today's global market, with its fluid, constantlyevolving communication systems, modern IT professionals need advanced language skills and cultural understanding. This is why all of the programs offered at Telecom SudParis incorporate a strong international dimension.<\/p>\n<h2>Competences<\/h2>\n<p>Our students are required to develop a high level of competency in two foreign languages; courses in intercultural awareness and international management are an integral part of our programs and a minimum of three months' experience in a foreign country is a compulsory part of the core engineering curriculum.<\/p>\n<p>And of course, Telecom SudParis attracts and welcomes students from\u00a0<strong>all over the world<\/strong>, from\u00a0<a href=\"https:\/\/www.telecom-sudparis.eu\/en\/international\/incoming-students\/\">exchange semesters<\/a>\u00a0to\u00a0<a href=\"https:\/\/www.telecom-sudparis.eu\/en\/research\/doctoral-studies\/\">doctoral research projects<\/a>, not \u00a0to forget our English-language\u00a0<a href=\"https:\/\/www.telecom-sudparis.eu\/en\/formation\/masters-of-science\/\">Master of Science programs\u00a0<\/a>- ideally suited to postgraduates from foreign universities.<\/p>\n<p>To ensure their integration to France and their academic success, Telecom SudParis provides French language (FLE) each week to international students. Intensive FLE program is also available during Summer.<\/p>\n                    <\/div><!-- .entry-content -->\n                <\/article><!-- #post-## -->\n\n            <\/main><!-- #main -->\n        <\/div><!-- #primary -->\n    <\/div><!-- .wrap -->\n\t<\/div><\/div><\/div><\/div><\/div><\/div><div id=\"pg-6831-1\"  class=\"panel-grid panel-has-style\" ><div class=\"panel-row-style panel-row-style-for-6831-1\" ><div id=\"pgc-6831-1-0\"  class=\"panel-grid-cell panel-grid-cell-empty\" ><\/div><div id=\"pgc-6831-1-1\"  class=\"panel-grid-cell panel-grid-cell-mobile-last\" ><div id=\"panel-6831-1-1-0\" class=\"so-panel widget widget_sow-button panel-first-child widgetopts-SO\" data-index=\"1\" ><div class=\"panel-widget-style panel-widget-style-for-6831-1-1-0\" ><div\n\t\t\t\n\t\t\tclass=\"so-widget-sow-button so-widget-sow-button-flat-4a346223ace7-6831\"\n\t\t\t\n\t\t><div class=\"ow-button-base ow-button-align-center\"\n>\n\t\t\t<a\n\t\t\t\t\thref=\"mailto:international@telecom-sudparis.eu\"\n\t\t\t\t\tclass=\"sowb-button ow-icon-placement-left ow-button-hover\" \t>\n\t\t<span>\n\t\t\t\n\t\t\tContact us\t\t<\/span>\n\t\t\t<\/a>\n\t<\/div>\n<\/div><\/div><\/div><div id=\"panel-6831-1-1-1\" class=\"so-panel widget widget_sow-video panel-last-child widgetopts-SO\" data-index=\"2\" ><div\n\t\t\t\n\t\t\tclass=\"so-widget-sow-video so-widget-sow-video-default-c08170c47cfb-6831\"\n\t\t\t\n\t\t>\n<div class=\"sow-video-wrapper\n\">\n\t\t\t<iframe loading=\"lazy\" title=\"Une journ\u00e9e sur le campus de T\u00e9l\u00e9com SudParis \u00e0 Palaiseau - A day on campus \ud83c\udf93\u2728\" width=\"525\" height=\"295\" src=\"https:\/\/www.youtube.com\/embed\/ZKR0aphrzNQ?feature=oembed&enablejsapi=1\" frameborder=\"0\" allow=\"accelerometer; autoplay; clipboard-write; encrypted-media; gyroscope; picture-in-picture; web-share\" referrerpolicy=\"strict-origin-when-cross-origin\" allowfullscreen allowfullscreen mozallowfullscreen webkitallowfullscreen sandbox=\"allow-scripts allow-same-origin allow-presentation\"><\/iframe>\t<\/div>\n<\/div><\/div><\/div><div id=\"pgc-6831-1-2\"  class=\"panel-grid-cell panel-grid-cell-empty\" ><\/div><\/div><\/div><div id=\"pg-6831-2\"  class=\"panel-grid panel-has-style\" ><div class=\"panel-row-style panel-row-style-for-6831-2\" ><div id=\"pgc-6831-2-0\"  class=\"panel-grid-cell\" ><div id=\"panel-6831-2-0-0\" class=\"so-panel widget widget_tsp-widget-connexe panel-first-child panel-last-child widgetopts-SO\" data-index=\"3\" ><div\n\t\t\t\n\t\t\tclass=\"so-widget-tsp-widget-connexe so-widget-tsp-widget-connexe-default-58ba54af99fe-6831\"\n\t\t\t\n\t\t>        <div class=\"widget-connexe\">\n            <div class=\"wrap\">\n                                  <div class=\"post\">\n                      <a href=\"https:\/\/www.telecom-sudparis.eu\/en\/incoming-students\/\">\n                                                        <header class=\"entry-header\" style=\"background-image:url(https:\/\/www.telecom-sudparis.eu\/en\/wp-content\/uploads\/sites\/3\/2025\/10\/telecomsudparis-campus-evry-e1724670920533.jpg)\">\n                                    <span class=\"overlay\"><\/span>\n                                <\/header>\n                                                      <div class=\"entry-content\">\n                          <h3 class=\"title\">Incoming students : How to apply<\/h3>\n                                                <\/div>\n\n                      <\/a>\n                  <\/div>\n                                  <div class=\"post\">\n                      <a href=\"https:\/\/www.telecom-sudparis.eu\/en\/partner-institutions\/\">\n                                                        <header class=\"entry-header\" style=\"background-image:url(https:\/\/www.telecom-sudparis.eu\/en\/wp-content\/uploads\/sites\/3\/2022\/04\/Map-Monde-e1730114808781.png)\">\n                                    <span class=\"overlay\"><\/span>\n                                <\/header>\n                                                      <div class=\"entry-content\">\n                          <h3 class=\"title\">Partner Institutions<\/h3>\n                                                <\/div>\n\n                      <\/a>\n                  <\/div>\n                                  <div class=\"post\">\n                      <a href=\"https:\/\/www.telecom-sudparis.eu\/en\/actualite\/ip-paris-takes-6th-place-in-the-2022-young-university-rankings\/\">\n                                                        <header class=\"entry-header\" style=\"background-image:url(https:\/\/www.telecom-sudparis.eu\/en\/wp-content\/uploads\/sites\/3\/2022\/03\/1644920083173-1024x1024-1-e1647418270861.jpg)\">\n                                    <span class=\"overlay\"><\/span>\n                                <\/header>\n                                                      <div class=\"entry-content\">\n                          <h3 class=\"title\">IP Paris takes 6th place in THE\u2019s 2022 Young University Rankings<\/h3>\n                                                <\/div>\n\n                      <\/a>\n                  <\/div>\n                            <\/div>\n        <\/div>\n\t    <\/div><\/div><\/div><\/div><\/div><\/div>","protected":false},"excerpt":{"rendered":"<p>Telecom SudParis, a resolutely international center of academic excellence The International Relations Office contributes to the development and execution of the internationalization strategy of Telecom SudParis. Students, faculty and administration at Telecom SudParis can take advantage of a global learning experience in order to acquire new skills and knowledge through various academic partnerships, research projects, &hellip; <\/p>\n<p class=\"link-more\"><a href=\"https:\/\/www.telecom-sudparis.eu\/en\/international-relations-office\/\" class=\"more-link\">Continue reading<span class=\"screen-reader-text\"> &#8220;International Relations Office&#8221;<\/span><\/a><\/p>\n","protected":false},"author":1,"featured_media":11572,"parent":0,"menu_order":0,"comment_status":"closed","ping_status":"closed","template":"","meta":{"_acf_changed":false,"footnotes":""},"categories":[9],"tags":[],"class_list":["post-6831","page","type-page","status-publish","has-post-thumbnail","hentry","category-international"],"acf":[],"yoast_head":"<!-- This site is optimized with the Yoast SEO plugin v27.3 - https:\/\/yoast.com\/product\/yoast-seo-wordpress\/ -->\n<title>International Relations Office of Telecom SudParis<\/title>\n<meta name=\"description\" content=\"The International Relations Office of Telecom SudParis is very much aware of the challenges and hurdles involved in study abroad, not only the paperwork but also adapting to a new and unfamiliar working environment far away from home\" \/>\n<meta name=\"robots\" content=\"index, follow, max-snippet:-1, max-image-preview:large, max-video-preview:-1\" \/>\n<link rel=\"canonical\" href=\"https:\/\/www.telecom-sudparis.eu\/en\/international__trashed\/international-relations-office\/\" \/>\n<meta property=\"og:locale\" content=\"en_GB\" \/>\n<meta property=\"og:type\" content=\"article\" \/>\n<meta property=\"og:title\" content=\"International Relations Office of Telecom SudParis\" \/>\n<meta property=\"og:description\" content=\"The International Relations Office of Telecom SudParis is very much aware of the challenges and hurdles involved in study abroad, not only the paperwork but also adapting to a new and unfamiliar working environment far away from home\" \/>\n<meta property=\"og:url\" content=\"https:\/\/www.telecom-sudparis.eu\/en\/international__trashed\/international-relations-office\/\" \/>\n<meta property=\"og:site_name\" content=\"TELECOM SudParis\" \/>\n<meta property=\"article:modified_time\" content=\"2024-06-26T22:55:14+00:00\" \/>\n<meta property=\"og:image\" content=\"https:\/\/www.telecom-sudparis.eu\/en\/wp-content\/uploads\/sites\/3\/2022\/08\/IMGP3660-400px.jpg\" \/>\n\t<meta property=\"og:image:width\" content=\"400\" \/>\n\t<meta property=\"og:image:height\" content=\"400\" \/>\n\t<meta property=\"og:image:type\" content=\"image\/jpeg\" \/>\n<meta name=\"twitter:card\" content=\"summary_large_image\" \/>\n<meta name=\"twitter:label1\" content=\"Estimated reading time\" \/>\n\t<meta name=\"twitter:data1\" content=\"3 minutes\" \/>\n<script type=\"application\/ld+json\" class=\"yoast-schema-graph\">{\"@context\":\"https:\\\/\\\/schema.org\",\"@graph\":[{\"@type\":\"WebPage\",\"@id\":\"https:\\\/\\\/www.telecom-sudparis.eu\\\/en\\\/international__trashed\\\/international-relations-office\\\/\",\"url\":\"https:\\\/\\\/www.telecom-sudparis.eu\\\/en\\\/international__trashed\\\/international-relations-office\\\/\",\"name\":\"International Relations Office of Telecom SudParis\",\"isPartOf\":{\"@id\":\"https:\\\/\\\/www.telecom-sudparis.eu\\\/en\\\/#website\"},\"primaryImageOfPage\":{\"@id\":\"https:\\\/\\\/www.telecom-sudparis.eu\\\/en\\\/international__trashed\\\/international-relations-office\\\/#primaryimage\"},\"image\":{\"@id\":\"https:\\\/\\\/www.telecom-sudparis.eu\\\/en\\\/international__trashed\\\/international-relations-office\\\/#primaryimage\"},\"thumbnailUrl\":\"https:\\\/\\\/www.telecom-sudparis.eu\\\/en\\\/wp-content\\\/uploads\\\/sites\\\/3\\\/2022\\\/08\\\/IMGP3660-400px.jpg\",\"datePublished\":\"2017-08-02T15:13:00+00:00\",\"dateModified\":\"2024-06-26T22:55:14+00:00\",\"description\":\"The International Relations Office of Telecom SudParis is very much aware of the challenges and hurdles involved in study abroad, not only the paperwork but also adapting to a new and unfamiliar working environment far away from home\",\"breadcrumb\":{\"@id\":\"https:\\\/\\\/www.telecom-sudparis.eu\\\/en\\\/international__trashed\\\/international-relations-office\\\/#breadcrumb\"},\"inLanguage\":\"en-GB\",\"potentialAction\":[{\"@type\":\"ReadAction\",\"target\":[\"https:\\\/\\\/www.telecom-sudparis.eu\\\/en\\\/international__trashed\\\/international-relations-office\\\/\"]}]},{\"@type\":\"ImageObject\",\"inLanguage\":\"en-GB\",\"@id\":\"https:\\\/\\\/www.telecom-sudparis.eu\\\/en\\\/international__trashed\\\/international-relations-office\\\/#primaryimage\",\"url\":\"https:\\\/\\\/www.telecom-sudparis.eu\\\/en\\\/wp-content\\\/uploads\\\/sites\\\/3\\\/2022\\\/08\\\/IMGP3660-400px.jpg\",\"contentUrl\":\"https:\\\/\\\/www.telecom-sudparis.eu\\\/en\\\/wp-content\\\/uploads\\\/sites\\\/3\\\/2022\\\/08\\\/IMGP3660-400px.jpg\",\"width\":400,\"height\":400,\"caption\":\"International Relations Office telecom sudparis\"},{\"@type\":\"BreadcrumbList\",\"@id\":\"https:\\\/\\\/www.telecom-sudparis.eu\\\/en\\\/international__trashed\\\/international-relations-office\\\/#breadcrumb\",\"itemListElement\":[{\"@type\":\"ListItem\",\"position\":1,\"name\":\"Accueil\",\"item\":\"https:\\\/\\\/www.telecom-sudparis.eu\\\/en\\\/\"},{\"@type\":\"ListItem\",\"position\":2,\"name\":\"International Relations Office\"}]},{\"@type\":\"WebSite\",\"@id\":\"https:\\\/\\\/www.telecom-sudparis.eu\\\/en\\\/#website\",\"url\":\"https:\\\/\\\/www.telecom-sudparis.eu\\\/en\\\/\",\"name\":\"TELECOM SudParis\",\"description\":\"Mastering the digital society\",\"potentialAction\":[{\"@type\":\"SearchAction\",\"target\":{\"@type\":\"EntryPoint\",\"urlTemplate\":\"https:\\\/\\\/www.telecom-sudparis.eu\\\/en\\\/?s={search_term_string}\"},\"query-input\":{\"@type\":\"PropertyValueSpecification\",\"valueRequired\":true,\"valueName\":\"search_term_string\"}}],\"inLanguage\":\"en-GB\"}]}<\/script>\n<!-- \/ Yoast SEO plugin. -->","yoast_head_json":{"title":"International Relations Office of Telecom SudParis","description":"The International Relations Office of Telecom SudParis is very much aware of the challenges and hurdles involved in study abroad, not only the paperwork but also adapting to a new and unfamiliar working environment far away from home","robots":{"index":"index","follow":"follow","max-snippet":"max-snippet:-1","max-image-preview":"max-image-preview:large","max-video-preview":"max-video-preview:-1"},"canonical":"https:\/\/www.telecom-sudparis.eu\/en\/international__trashed\/international-relations-office\/","og_locale":"en_GB","og_type":"article","og_title":"International Relations Office of Telecom SudParis","og_description":"The International Relations Office of Telecom SudParis is very much aware of the challenges and hurdles involved in study abroad, not only the paperwork but also adapting to a new and unfamiliar working environment far away from home","og_url":"https:\/\/www.telecom-sudparis.eu\/en\/international__trashed\/international-relations-office\/","og_site_name":"TELECOM SudParis","article_modified_time":"2024-06-26T22:55:14+00:00","og_image":[{"width":400,"height":400,"url":"https:\/\/www.telecom-sudparis.eu\/en\/wp-content\/uploads\/sites\/3\/2022\/08\/IMGP3660-400px.jpg","type":"image\/jpeg"}],"twitter_card":"summary_large_image","twitter_misc":{"Estimated reading time":"3 minutes"},"schema":{"@context":"https:\/\/schema.org","@graph":[{"@type":"WebPage","@id":"https:\/\/www.telecom-sudparis.eu\/en\/international__trashed\/international-relations-office\/","url":"https:\/\/www.telecom-sudparis.eu\/en\/international__trashed\/international-relations-office\/","name":"International Relations Office of Telecom SudParis","isPartOf":{"@id":"https:\/\/www.telecom-sudparis.eu\/en\/#website"},"primaryImageOfPage":{"@id":"https:\/\/www.telecom-sudparis.eu\/en\/international__trashed\/international-relations-office\/#primaryimage"},"image":{"@id":"https:\/\/www.telecom-sudparis.eu\/en\/international__trashed\/international-relations-office\/#primaryimage"},"thumbnailUrl":"https:\/\/www.telecom-sudparis.eu\/en\/wp-content\/uploads\/sites\/3\/2022\/08\/IMGP3660-400px.jpg","datePublished":"2017-08-02T15:13:00+00:00","dateModified":"2024-06-26T22:55:14+00:00","description":"The International Relations Office of Telecom SudParis is very much aware of the challenges and hurdles involved in study abroad, not only the paperwork but also adapting to a new and unfamiliar working environment far away from home","breadcrumb":{"@id":"https:\/\/www.telecom-sudparis.eu\/en\/international__trashed\/international-relations-office\/#breadcrumb"},"inLanguage":"en-GB","potentialAction":[{"@type":"ReadAction","target":["https:\/\/www.telecom-sudparis.eu\/en\/international__trashed\/international-relations-office\/"]}]},{"@type":"ImageObject","inLanguage":"en-GB","@id":"https:\/\/www.telecom-sudparis.eu\/en\/international__trashed\/international-relations-office\/#primaryimage","url":"https:\/\/www.telecom-sudparis.eu\/en\/wp-content\/uploads\/sites\/3\/2022\/08\/IMGP3660-400px.jpg","contentUrl":"https:\/\/www.telecom-sudparis.eu\/en\/wp-content\/uploads\/sites\/3\/2022\/08\/IMGP3660-400px.jpg","width":400,"height":400,"caption":"International Relations Office telecom sudparis"},{"@type":"BreadcrumbList","@id":"https:\/\/www.telecom-sudparis.eu\/en\/international__trashed\/international-relations-office\/#breadcrumb","itemListElement":[{"@type":"ListItem","position":1,"name":"Accueil","item":"https:\/\/www.telecom-sudparis.eu\/en\/"},{"@type":"ListItem","position":2,"name":"International Relations Office"}]},{"@type":"WebSite","@id":"https:\/\/www.telecom-sudparis.eu\/en\/#website","url":"https:\/\/www.telecom-sudparis.eu\/en\/","name":"TELECOM SudParis","description":"Mastering the digital society","potentialAction":[{"@type":"SearchAction","target":{"@type":"EntryPoint","urlTemplate":"https:\/\/www.telecom-sudparis.eu\/en\/?s={search_term_string}"},"query-input":{"@type":"PropertyValueSpecification","valueRequired":true,"valueName":"search_term_string"}}],"inLanguage":"en-GB"}]}},"_links":{"self":[{"href":"https:\/\/www.telecom-sudparis.eu\/en\/wp-json\/wp\/v2\/pages\/6831","targetHints":{"allow":["GET"]}}],"collection":[{"href":"https:\/\/www.telecom-sudparis.eu\/en\/wp-json\/wp\/v2\/pages"}],"about":[{"href":"https:\/\/www.telecom-sudparis.eu\/en\/wp-json\/wp\/v2\/types\/page"}],"author":[{"embeddable":true,"href":"https:\/\/www.telecom-sudparis.eu\/en\/wp-json\/wp\/v2\/users\/1"}],"replies":[{"embeddable":true,"href":"https:\/\/www.telecom-sudparis.eu\/en\/wp-json\/wp\/v2\/comments?post=6831"}],"version-history":[{"count":47,"href":"https:\/\/www.telecom-sudparis.eu\/en\/wp-json\/wp\/v2\/pages\/6831\/revisions"}],"predecessor-version":[{"id":13116,"href":"https:\/\/www.telecom-sudparis.eu\/en\/wp-json\/wp\/v2\/pages\/6831\/revisions\/13116"}],"wp:featuredmedia":[{"embeddable":true,"href":"https:\/\/www.telecom-sudparis.eu\/en\/wp-json\/wp\/v2\/media\/11572"}],"wp:attachment":[{"href":"https:\/\/www.telecom-sudparis.eu\/en\/wp-json\/wp\/v2\/media?parent=6831"}],"wp:term":[{"taxonomy":"category","embeddable":true,"href":"https:\/\/www.telecom-sudparis.eu\/en\/wp-json\/wp\/v2\/categories?post=6831"},{"taxonomy":"post_tag","embeddable":true,"href":"https:\/\/www.telecom-sudparis.eu\/en\/wp-json\/wp\/v2\/tags?post=6831"}],"curies":[{"name":"wp","href":"https:\/\/api.w.org\/{rel}","templated":true}]}}