{"id":7330,"date":"2017-08-23T17:07:59","date_gmt":"2017-08-23T15:07:59","guid":{"rendered":"http:\/\/www.telecom-sudparis.eu\/en-tmp\/?page_id=7330"},"modified":"2022-11-22T14:21:57","modified_gmt":"2022-11-22T13:21:57","slug":"strategy-and-network","status":"publish","type":"page","link":"https:\/\/www.telecom-sudparis.eu\/en\/strategy-and-network\/","title":{"rendered":"Strategy"},"content":{"rendered":"<div id=\"pl-7330\"  class=\"panel-layout\" ><div id=\"pg-7330-0\"  class=\"panel-grid panel-has-style\" ><div class=\"panel-row-style panel-row-style-for-7330-0\" ><div id=\"pgc-7330-0-0\"  class=\"panel-grid-cell\" ><div id=\"panel-7330-0-0-0\" class=\"so-panel widget widget_tsp-widget-presentation panel-first-child panel-last-child widgetopts-SO\" data-index=\"0\" ><div\n\t\t\t\n\t\t\tclass=\"so-widget-tsp-widget-presentation so-widget-tsp-widget-presentation-default-58ba54af99fe-7330\"\n\t\t\t\n\t\t>\t\t<div class=\"widget-presentation\">\n            <div class=\"wrap\">\n                <h2 class=\"title\">\n                   Strategy                <\/h2>\n                <div class=\"accroche\">\n                  <p>\nIn addition to acquiring knowledge in digital sciences and technologies, the training provided at Telecom SudParis helps students to develop cultural, interpersonal and social skills highly prized by international companies.\n<\/p>\n<p>By integrating an<a href=\"https:\/\/www.telecom-sudparis.eu\/en\/international\/international-relations-office\/\"> international dimension<\/a> into our programs, providing diversity of provision and with the School\u2019s commitment to sustainable development, our students have the opportunity to experience different ways of thinking, other cultures, become geographically and intellectually flexible and take responsible decisions.<\/p>\n                <\/div>\n                <div>\n                    \t                \t                \t                                <\/div>\n            <\/div>\n\t\t\t\t\t\t<\/div>\n\t<\/div><\/div><\/div><\/div><\/div><div id=\"pg-7330-1\"  class=\"panel-grid panel-has-style\" ><div class=\"panel-row-style panel-row-style-for-7330-1\" ><div id=\"pgc-7330-1-0\"  class=\"panel-grid-cell\" ><div id=\"panel-7330-1-0-0\" class=\"so-panel widget widget_tsp-widget-content panel-first-child widgetopts-SO\" data-index=\"1\" ><div\n\t\t\t\n\t\t\tclass=\"so-widget-tsp-widget-content so-widget-tsp-widget-content-default-58ba54af99fe-7330\"\n\t\t\t\n\t\t>    <div class=\"wrap widget-content\">\n        <div class=\"content-area\">\n            <main id=\"main\" class=\"site-main\">\n                          <div class=\"addthis_inline_share_toolbox_hibt addthis_mobile\"><\/div>\n          <div class=\"breadcrumb\">\n                      <\/div>\n                      <article id=\"post-7330\" class=\"post-7330 page type-page status-publish has-post-thumbnail hentry\">\n                    <header class=\"entry-header\">\n\n                                                <h1 class=\"entry-title\">\n\t                        Strategic plan                        <\/h1>\n                        \n\t                                                                <\/header><!-- .entry-header -->\n                                        <div class=\"entry-content\">\n                      <p>The Telecom SudParis 2018-2022 Strategic Plan aims to serve the ambition of the school:<br \/>\n\"<em>Training women and men from all origins, builders of the digital society and contribute to its construction by teaching and research of excellence, sources of innovation and of economic and social value<\/em>.\"<\/p>\n<p>This Strategic Plan, in alignment with the strategy of Institut Mines-Telecom for the same period, was developed by a working group of 12 persons appointed by TSP\u2019s Steering Committee, representing the transversal functions of the school.<\/p>\n                    <\/div><!-- .entry-content -->\n                <\/article><!-- #post-## -->\n\n            <\/main><!-- #main -->\n        <\/div><!-- #primary -->\n    <\/div><!-- .wrap -->\n\t<\/div><\/div><div id=\"panel-7330-1-0-1\" class=\"so-panel widget widget_sow-features panel-last-child widgetopts-SO\" data-index=\"2\" ><div class=\"panel-widget-style panel-widget-style-for-7330-1-0-1\" ><div\n\t\t\t\n\t\t\tclass=\"so-widget-sow-features so-widget-sow-features-default-e7057f3000ed-7330\"\n\t\t\t\n\t\t><ul\n\tclass=\"sow-features-list\n\tsow-features-responsive\">\n\n\t\t\t<li\n\t\t\tclass=\"sow-features-feature sow-icon-container-position-top\"\n\t\t\tstyle=\"display: flex; flex-direction: column; width: calc(33.333% - 25px);\"\n\t\t>\n\t\t\t\n\t\t\t\t\t\t<div\t\t\t\tclass=\"sow-icon-container sow-container-none\"\n\t\t\t\tstyle=\"color: #404040; \"\n\t\t\t\t\n\t\t\t\t\t\t\t>\n\t\t\t\t\t\t\t\t\t\t<div class=\"sow-icon-image\" style=\"background-image: url(https:\/\/www.telecom-sudparis.eu\/en\/wp-content\/uploads\/sites\/3\/2019\/08\/deux-etudiants.jpg); font-size: 24px\"><\/div>\n\t\t\t\t\t\t\t\t\t<\/div>\n\n\t\t\t<div class=\"textwidget\">\n\t\t\t\t\n\t\t\t\t\t\t\t\t\t<h5 class=\"sow-features-feature-title\">\n\t\t\t\t\t\t4 strategic directions\t\t\t\t\t<\/h5>\n\t\t\t\t\n\t\t\t\t\t\t\t\t\t<div class=\"sow-features-feature-text\">\n\t\t\t\t\t<ul>\n<li>Train engineers and doctoral students for the information society<\/li>\n<li>Meet research challenges<\/li>\n<li>Contribute to economic development<\/li>\n<li>Increase international outreach and expansion<\/li>\n<\/ul>\n\t\t\t\t\t<\/div>\n\t\t\t\t\t\t\t\t<\/div>\n\t\t\t\t\t\t\t\t<\/li>\n\n\t\t\t<li\n\t\t\tclass=\"sow-features-feature sow-icon-container-position-top\"\n\t\t\tstyle=\"display: flex; flex-direction: column; width: calc(33.333% - 25px);\"\n\t\t>\n\t\t\t\n\t\t\t\t\t\t<div\t\t\t\tclass=\"sow-icon-container sow-container-none\"\n\t\t\t\tstyle=\"color: #404040; \"\n\t\t\t\t\n\t\t\t\t\t\t\t>\n\t\t\t\t\t\t\t\t\t\t<div class=\"sow-icon-image\" style=\"background-image: url(https:\/\/www.telecom-sudparis.eu\/en\/wp-content\/uploads\/sites\/3\/2019\/08\/etudiante-souriante.jpg); font-size: 24px\"><\/div>\n\t\t\t\t\t\t\t\t\t<\/div>\n\n\t\t\t<div class=\"textwidget\">\n\t\t\t\t\n\t\t\t\t\t\t\t\t\t<h5 class=\"sow-features-feature-title\">\n\t\t\t\t\t\t3 keys to succes\t\t\t\t\t<\/h5>\n\t\t\t\t\n\t\t\t\t\t\t\t\t\t<div class=\"sow-features-feature-text\">\n\t\t\t\t\t<ul>\n<li>Promote human development<\/li>\n<li>Develop and diversify sources of revenue<\/li>\n<li>Become a noteworthy e-campus<\/li>\n<\/ul>\n\t\t\t\t\t<\/div>\n\t\t\t\t\t\t\t\t<\/div>\n\t\t\t\t\t\t\t\t<\/li>\n\n\t\t\t<li\n\t\t\tclass=\"sow-features-feature sow-icon-container-position-top\"\n\t\t\tstyle=\"display: flex; flex-direction: column; width: calc(33.333% - 25px);\"\n\t\t>\n\t\t\t\n\t\t\t\t\t\t<div\t\t\t\tclass=\"sow-icon-container sow-container-none\"\n\t\t\t\tstyle=\"color: #404040; \"\n\t\t\t\t\n\t\t\t\t\t\t\t>\n\t\t\t\t\t\t\t\t\t\t<div class=\"sow-icon-image\" style=\"background-image: url(https:\/\/www.telecom-sudparis.eu\/en\/wp-content\/uploads\/sites\/3\/2019\/08\/groupe-etudiants.jpg); font-size: 24px\"><\/div>\n\t\t\t\t\t\t\t\t\t<\/div>\n\n\t\t\t<div class=\"textwidget\">\n\t\t\t\t\n\t\t\t\t\t\t\t\t\t<h5 class=\"sow-features-feature-title\">\n\t\t\t\t\t\t4 major programs\t\t\t\t\t<\/h5>\n\t\t\t\t\n\t\t\t\t\t\t\t\t\t<div class=\"sow-features-feature-text\">\n\t\t\t\t\t<ul>\n<li>Maximize synergies and aim to be among the top-ranked French engineering schools<\/li>\n<li>Expand and reform courses in engineering<\/li>\n<li>Enhance the Evry campus<\/li>\n<li>Prepare the bi-location of Evry and the Plateau de Saclay<\/li>\n<\/ul>\n\t\t\t\t\t<\/div>\n\t\t\t\t\t\t\t\t<\/div>\n\t\t\t\t\t\t\t\t<\/li>\n\n\t<\/ul>\n<\/div><\/div><\/div><\/div><\/div><\/div><\/div>","protected":false},"excerpt":{"rendered":"<p>Strategy In addition to acquiring knowledge in digital sciences and technologies, the training provided at Telecom SudParis helps students to develop cultural, interpersonal and social skills highly prized by international companies. By integrating an international dimension into our programs, providing diversity of provision and with the School\u2019s commitment to sustainable development, our students have the &hellip; <\/p>\n<p class=\"link-more\"><a href=\"https:\/\/www.telecom-sudparis.eu\/en\/strategy-and-network\/\" class=\"more-link\">Continue reading<span class=\"screen-reader-text\"> &#8220;Strategy&#8221;<\/span><\/a><\/p>\n","protected":false},"author":1,"featured_media":9036,"parent":0,"menu_order":0,"comment_status":"closed","ping_status":"closed","template":"","meta":{"_acf_changed":false,"footnotes":""},"categories":[],"tags":[],"class_list":["post-7330","page","type-page","status-publish","has-post-thumbnail","hentry"],"acf":[],"yoast_head":"<!-- This site is optimized with the Yoast SEO plugin v27.3 - https:\/\/yoast.com\/product\/yoast-seo-wordpress\/ -->\n<title>Strategy - TELECOM SudParis<\/title>\n<meta name=\"robots\" content=\"noindex, nofollow\" \/>\n<meta property=\"og:locale\" content=\"en_GB\" \/>\n<meta property=\"og:type\" content=\"article\" \/>\n<meta property=\"og:title\" content=\"Strategy - TELECOM SudParis\" \/>\n<meta property=\"og:description\" content=\"Strategy In addition to acquiring knowledge in digital sciences and technologies, the training provided at Telecom SudParis helps students to develop cultural, interpersonal and social skills highly prized by international companies. By integrating an international dimension into our programs, providing diversity of provision and with the School\u2019s commitment to sustainable development, our students have the &hellip; Continue reading &quot;Strategy&quot;\" \/>\n<meta property=\"og:url\" content=\"https:\/\/www.telecom-sudparis.eu\/en\/about-us__trashed\/strategy-and-network\/\" \/>\n<meta property=\"og:site_name\" content=\"TELECOM SudParis\" \/>\n<meta property=\"article:modified_time\" content=\"2022-11-22T13:21:57+00:00\" \/>\n<meta property=\"og:image\" content=\"https:\/\/www.telecom-sudparis.eu\/en\/wp-content\/uploads\/sites\/3\/2019\/08\/couverture-plan-strategie.jpg\" \/>\n\t<meta property=\"og:image:width\" content=\"400\" \/>\n\t<meta property=\"og:image:height\" content=\"400\" \/>\n\t<meta property=\"og:image:type\" content=\"image\/jpeg\" \/>\n<meta name=\"twitter:card\" content=\"summary_large_image\" \/>\n<script type=\"application\/ld+json\" class=\"yoast-schema-graph\">{\"@context\":\"https:\\\/\\\/schema.org\",\"@graph\":[{\"@type\":\"WebPage\",\"@id\":\"https:\\\/\\\/www.telecom-sudparis.eu\\\/en\\\/about-us__trashed\\\/strategy-and-network\\\/\",\"url\":\"https:\\\/\\\/www.telecom-sudparis.eu\\\/en\\\/about-us__trashed\\\/strategy-and-network\\\/\",\"name\":\"Strategy - TELECOM SudParis\",\"isPartOf\":{\"@id\":\"https:\\\/\\\/www.telecom-sudparis.eu\\\/en\\\/#website\"},\"primaryImageOfPage\":{\"@id\":\"https:\\\/\\\/www.telecom-sudparis.eu\\\/en\\\/about-us__trashed\\\/strategy-and-network\\\/#primaryimage\"},\"image\":{\"@id\":\"https:\\\/\\\/www.telecom-sudparis.eu\\\/en\\\/about-us__trashed\\\/strategy-and-network\\\/#primaryimage\"},\"thumbnailUrl\":\"https:\\\/\\\/www.telecom-sudparis.eu\\\/en\\\/wp-content\\\/uploads\\\/sites\\\/3\\\/2019\\\/08\\\/couverture-plan-strategie.jpg\",\"datePublished\":\"2017-08-23T15:07:59+00:00\",\"dateModified\":\"2022-11-22T13:21:57+00:00\",\"breadcrumb\":{\"@id\":\"https:\\\/\\\/www.telecom-sudparis.eu\\\/en\\\/about-us__trashed\\\/strategy-and-network\\\/#breadcrumb\"},\"inLanguage\":\"en-GB\",\"potentialAction\":[{\"@type\":\"ReadAction\",\"target\":[\"https:\\\/\\\/www.telecom-sudparis.eu\\\/en\\\/about-us__trashed\\\/strategy-and-network\\\/\"]}]},{\"@type\":\"ImageObject\",\"inLanguage\":\"en-GB\",\"@id\":\"https:\\\/\\\/www.telecom-sudparis.eu\\\/en\\\/about-us__trashed\\\/strategy-and-network\\\/#primaryimage\",\"url\":\"https:\\\/\\\/www.telecom-sudparis.eu\\\/en\\\/wp-content\\\/uploads\\\/sites\\\/3\\\/2019\\\/08\\\/couverture-plan-strategie.jpg\",\"contentUrl\":\"https:\\\/\\\/www.telecom-sudparis.eu\\\/en\\\/wp-content\\\/uploads\\\/sites\\\/3\\\/2019\\\/08\\\/couverture-plan-strategie.jpg\",\"width\":400,\"height\":400,\"caption\":\"image de couverture du plan strat\u00e9gique de T\u00e9l\u00e9com SudParis\"},{\"@type\":\"BreadcrumbList\",\"@id\":\"https:\\\/\\\/www.telecom-sudparis.eu\\\/en\\\/about-us__trashed\\\/strategy-and-network\\\/#breadcrumb\",\"itemListElement\":[{\"@type\":\"ListItem\",\"position\":1,\"name\":\"Accueil\",\"item\":\"https:\\\/\\\/www.telecom-sudparis.eu\\\/en\\\/\"},{\"@type\":\"ListItem\",\"position\":2,\"name\":\"Strategy\"}]},{\"@type\":\"WebSite\",\"@id\":\"https:\\\/\\\/www.telecom-sudparis.eu\\\/en\\\/#website\",\"url\":\"https:\\\/\\\/www.telecom-sudparis.eu\\\/en\\\/\",\"name\":\"TELECOM SudParis\",\"description\":\"Mastering the digital society\",\"potentialAction\":[{\"@type\":\"SearchAction\",\"target\":{\"@type\":\"EntryPoint\",\"urlTemplate\":\"https:\\\/\\\/www.telecom-sudparis.eu\\\/en\\\/?s={search_term_string}\"},\"query-input\":{\"@type\":\"PropertyValueSpecification\",\"valueRequired\":true,\"valueName\":\"search_term_string\"}}],\"inLanguage\":\"en-GB\"}]}<\/script>\n<!-- \/ Yoast SEO plugin. -->","yoast_head_json":{"title":"Strategy - TELECOM SudParis","robots":{"index":"noindex","follow":"nofollow"},"og_locale":"en_GB","og_type":"article","og_title":"Strategy - TELECOM SudParis","og_description":"Strategy In addition to acquiring knowledge in digital sciences and technologies, the training provided at Telecom SudParis helps students to develop cultural, interpersonal and social skills highly prized by international companies. By integrating an international dimension into our programs, providing diversity of provision and with the School\u2019s commitment to sustainable development, our students have the &hellip; Continue reading \"Strategy\"","og_url":"https:\/\/www.telecom-sudparis.eu\/en\/about-us__trashed\/strategy-and-network\/","og_site_name":"TELECOM SudParis","article_modified_time":"2022-11-22T13:21:57+00:00","og_image":[{"width":400,"height":400,"url":"https:\/\/www.telecom-sudparis.eu\/en\/wp-content\/uploads\/sites\/3\/2019\/08\/couverture-plan-strategie.jpg","type":"image\/jpeg"}],"twitter_card":"summary_large_image","schema":{"@context":"https:\/\/schema.org","@graph":[{"@type":"WebPage","@id":"https:\/\/www.telecom-sudparis.eu\/en\/about-us__trashed\/strategy-and-network\/","url":"https:\/\/www.telecom-sudparis.eu\/en\/about-us__trashed\/strategy-and-network\/","name":"Strategy - TELECOM SudParis","isPartOf":{"@id":"https:\/\/www.telecom-sudparis.eu\/en\/#website"},"primaryImageOfPage":{"@id":"https:\/\/www.telecom-sudparis.eu\/en\/about-us__trashed\/strategy-and-network\/#primaryimage"},"image":{"@id":"https:\/\/www.telecom-sudparis.eu\/en\/about-us__trashed\/strategy-and-network\/#primaryimage"},"thumbnailUrl":"https:\/\/www.telecom-sudparis.eu\/en\/wp-content\/uploads\/sites\/3\/2019\/08\/couverture-plan-strategie.jpg","datePublished":"2017-08-23T15:07:59+00:00","dateModified":"2022-11-22T13:21:57+00:00","breadcrumb":{"@id":"https:\/\/www.telecom-sudparis.eu\/en\/about-us__trashed\/strategy-and-network\/#breadcrumb"},"inLanguage":"en-GB","potentialAction":[{"@type":"ReadAction","target":["https:\/\/www.telecom-sudparis.eu\/en\/about-us__trashed\/strategy-and-network\/"]}]},{"@type":"ImageObject","inLanguage":"en-GB","@id":"https:\/\/www.telecom-sudparis.eu\/en\/about-us__trashed\/strategy-and-network\/#primaryimage","url":"https:\/\/www.telecom-sudparis.eu\/en\/wp-content\/uploads\/sites\/3\/2019\/08\/couverture-plan-strategie.jpg","contentUrl":"https:\/\/www.telecom-sudparis.eu\/en\/wp-content\/uploads\/sites\/3\/2019\/08\/couverture-plan-strategie.jpg","width":400,"height":400,"caption":"image de couverture du plan strat\u00e9gique de T\u00e9l\u00e9com SudParis"},{"@type":"BreadcrumbList","@id":"https:\/\/www.telecom-sudparis.eu\/en\/about-us__trashed\/strategy-and-network\/#breadcrumb","itemListElement":[{"@type":"ListItem","position":1,"name":"Accueil","item":"https:\/\/www.telecom-sudparis.eu\/en\/"},{"@type":"ListItem","position":2,"name":"Strategy"}]},{"@type":"WebSite","@id":"https:\/\/www.telecom-sudparis.eu\/en\/#website","url":"https:\/\/www.telecom-sudparis.eu\/en\/","name":"TELECOM SudParis","description":"Mastering the digital society","potentialAction":[{"@type":"SearchAction","target":{"@type":"EntryPoint","urlTemplate":"https:\/\/www.telecom-sudparis.eu\/en\/?s={search_term_string}"},"query-input":{"@type":"PropertyValueSpecification","valueRequired":true,"valueName":"search_term_string"}}],"inLanguage":"en-GB"}]}},"_links":{"self":[{"href":"https:\/\/www.telecom-sudparis.eu\/en\/wp-json\/wp\/v2\/pages\/7330","targetHints":{"allow":["GET"]}}],"collection":[{"href":"https:\/\/www.telecom-sudparis.eu\/en\/wp-json\/wp\/v2\/pages"}],"about":[{"href":"https:\/\/www.telecom-sudparis.eu\/en\/wp-json\/wp\/v2\/types\/page"}],"author":[{"embeddable":true,"href":"https:\/\/www.telecom-sudparis.eu\/en\/wp-json\/wp\/v2\/users\/1"}],"replies":[{"embeddable":true,"href":"https:\/\/www.telecom-sudparis.eu\/en\/wp-json\/wp\/v2\/comments?post=7330"}],"version-history":[{"count":33,"href":"https:\/\/www.telecom-sudparis.eu\/en\/wp-json\/wp\/v2\/pages\/7330\/revisions"}],"predecessor-version":[{"id":11654,"href":"https:\/\/www.telecom-sudparis.eu\/en\/wp-json\/wp\/v2\/pages\/7330\/revisions\/11654"}],"wp:featuredmedia":[{"embeddable":true,"href":"https:\/\/www.telecom-sudparis.eu\/en\/wp-json\/wp\/v2\/media\/9036"}],"wp:attachment":[{"href":"https:\/\/www.telecom-sudparis.eu\/en\/wp-json\/wp\/v2\/media?parent=7330"}],"wp:term":[{"taxonomy":"category","embeddable":true,"href":"https:\/\/www.telecom-sudparis.eu\/en\/wp-json\/wp\/v2\/categories?post=7330"},{"taxonomy":"post_tag","embeddable":true,"href":"https:\/\/www.telecom-sudparis.eu\/en\/wp-json\/wp\/v2\/tags?post=7330"}],"curies":[{"name":"wp","href":"https:\/\/api.w.org\/{rel}","templated":true}]}}