{"id":7667,"date":"2018-02-12T10:33:40","date_gmt":"2018-02-12T09:33:40","guid":{"rendered":"https:\/\/www.telecom-sudparis.eu\/en\/?page_id=7667"},"modified":"2025-09-16T11:12:40","modified_gmt":"2025-09-16T09:12:40","slug":"recruitment","status":"publish","type":"page","link":"https:\/\/www.telecom-sudparis.eu\/en\/recruitment\/","title":{"rendered":"Recruitment &#8211; Carrers at Telecom SudParis"},"content":{"rendered":"<div id=\"pl-7667\"  class=\"panel-layout\" ><div id=\"pg-7667-0\"  class=\"panel-grid panel-has-style\" ><div class=\"panel-row-style panel-row-style-for-7667-0\" ><div id=\"pgc-7667-0-0\"  class=\"panel-grid-cell\" ><div id=\"panel-7667-0-0-0\" class=\"so-panel widget widget_tsp-widget-content panel-first-child panel-last-child widgetopts-SO\" data-index=\"0\" ><div\n\t\t\t\n\t\t\tclass=\"so-widget-tsp-widget-content so-widget-tsp-widget-content-default-58ba54af99fe-7667\"\n\t\t\t\n\t\t>    <div class=\"wrap widget-content\">\n        <div class=\"content-area\">\n            <main id=\"main\" class=\"site-main\">\n                          <div class=\"addthis_inline_share_toolbox_hibt addthis_mobile\"><\/div>\n          <div class=\"breadcrumb\">\n                      <\/div>\n                      <article id=\"post-7667\" class=\"post-7667 page type-page status-publish has-post-thumbnail hentry\">\n                    <header class=\"entry-header\">\n\n                                                <h1 class=\"entry-title\">\n\t                        Recruitment &#8211; Carrers at Telecom SudParis                        <\/h1>\n                        \n\t                                                                <\/header><!-- .entry-header -->\n                                                        <div id=\"secondary\" class=\"content-area\">\n                                        <section id=\"siteorigin-panels-post-content-2\" class=\"widget widget_siteorigin-panels-post-content\"><div class=\"featured-image\"><img loading=\"lazy\" decoding=\"async\" width=\"400\" height=\"400\" src=\"https:\/\/www.telecom-sudparis.eu\/en\/wp-content\/uploads\/sites\/3\/2023\/05\/Sans-titre.jpeg\" class=\"attachment-post-thumbnail size-post-thumbnail wp-post-image\" alt=\"Recruitment Carrers at Telecom SudParis\" \/><\/div><\/section>                                    <\/div>\n                                                    <div class=\"entry-content\">\n                      <p><span class=\"VIiyi\" lang=\"en\"><span class=\"JLqJ4b ChMk0b C1N51c\" data-language-for-alternatives=\"en\" data-language-to-translate-into=\"fr\" data-phrase-index=\"0\">You can consult our career site: <\/span><\/span><\/p>\n<p><a href=\"https:\/\/institutminestelecom.recruitee.com\/\"><span class=\"VIiyi\" lang=\"en\"><span class=\"JLqJ4b ChMk0b C1N51c\" data-language-for-alternatives=\"en\" data-language-to-translate-into=\"fr\" data-phrase-index=\"0\">https:\/\/institutminestelecom.recruitee.com\/<\/span><\/span><\/a><\/p>\n<p>T\u00e9l\u00e9com SudParis is recruiting. You will find all our offers below.<\/p>\n<p>For teaching and research positions, in addition to your CV and cover letter, please provide the following (in a single file) :<\/p>\n<ul>\n<li>The contact details of at least two references<\/li>\n<li>A works sheet detailing your previous activity in teaching and research<\/li>\n<li>A list of principal publications<\/li>\n<\/ul>\n<h2>Discover our offers :<\/h2>\n<p><div class=\"container\">\n\t\t\t<article>\n\t\t\t\t<div class=\"entry-content\">\n\t\t\t\t\t<ul id=\"job\">\n\t\t\t\t\t\t\t\t\t\t\t\t<li class=\"job\" id=\"job-2585272\">\n\t\t\t\t\t\t\t\t<div>\n\t\t\t\t\t\t\t\t\t<h3 class=\"job-title\">\n\t\t\t\t\t\t\t\t\t\t<a href=\"https:\/\/institutminestelecom.recruitee.com\/o\/responsable-stages-cdi\" target=\"_blank\" title=\"Responsable du Service des Stages - CDD 36 mois\">Responsable du Service des Stages - CDD 36 mois<\/a>\n\t\t\t\t\t\t\t\t\t<\/h3>\n\t\t\t\t\t\t\t\t\t<div class=\"job-department\"><strong>D\u00e9partement :<\/strong> Relations entreprises et entrepreneuriat<\/div>\n\t\t\t\t\t\t\t\t\t<div class=\"job-location\"><strong>Lieu :<\/strong> EVRY, \u00cele-de-France, France<\/div>\n\t\t\t\t\t\t\t\t<\/div>\n\t\t\t\t\t\t\t<\/li>\n\t\t\t\t\t\t\t\t\t\t\t\t\t\t\t\t\t\t\t<li class=\"job\" id=\"job-2582804\">\n\t\t\t\t\t\t\t\t<div>\n\t\t\t\t\t\t\t\t\t<h3 class=\"job-title\">\n\t\t\t\t\t\t\t\t\t\t<a href=\"https:\/\/institutminestelecom.recruitee.com\/o\/dir-recherche-et-des-formations-doctorales-cdi\" target=\"_blank\" title=\"Directeur ou Directrice de la recherche et des Formations Doctorales - CDI\">Directeur ou Directrice de la recherche et des Formations Doctorales - CDI<\/a>\n\t\t\t\t\t\t\t\t\t<\/h3>\n\t\t\t\t\t\t\t\t\t<div class=\"job-department\"><strong>D\u00e9partement :<\/strong> Gouvernance\/Direction<\/div>\n\t\t\t\t\t\t\t\t\t<div class=\"job-location\"><strong>Lieu :<\/strong> EVRY, \u00cele-de-France, France<\/div>\n\t\t\t\t\t\t\t\t<\/div>\n\t\t\t\t\t\t\t<\/li>\n\t\t\t\t\t\t\t\t\t\t\t\t\t\t\t\t\t\t\t<li class=\"job\" id=\"job-2582438\">\n\t\t\t\t\t\t\t\t<div>\n\t\t\t\t\t\t\t\t\t<h3 class=\"job-title\">\n\t\t\t\t\t\t\t\t\t\t<a href=\"https:\/\/institutminestelecom.recruitee.com\/o\/gestionnaire-comptable-fh-cdd-6-mois\" target=\"_blank\" title=\"Gestionnaire comptable (F\/H) - CDD - 6 mois\">Gestionnaire comptable (F\/H) - CDD - 6 mois<\/a>\n\t\t\t\t\t\t\t\t\t<\/h3>\n\t\t\t\t\t\t\t\t\t<div class=\"job-department\"><strong>D\u00e9partement :<\/strong> Gestion comptabilit\u00e9-finances<\/div>\n\t\t\t\t\t\t\t\t\t<div class=\"job-location\"><strong>Lieu :<\/strong> EVRY, \u00cele-de-France, France<\/div>\n\t\t\t\t\t\t\t\t<\/div>\n\t\t\t\t\t\t\t<\/li>\n\t\t\t\t\t\t\t\t\t\t\t\t\t\t\t\t\t\t\t<li class=\"job\" id=\"job-2570480\">\n\t\t\t\t\t\t\t\t<div>\n\t\t\t\t\t\t\t\t\t<h3 class=\"job-title\">\n\t\t\t\t\t\t\t\t\t\t<a href=\"https:\/\/institutminestelecom.recruitee.com\/o\/pd-ia-desagregation-de-courbes-cdd-6-mois\" target=\"_blank\" title=\"Post-doctorant\u00b7e en IA pour l'\u00e9nergie: mod\u00e8les de d\u00e9sagr\u00e9gation de courbes de puissance - CDD  6 mois\">Post-doctorant\u00b7e en IA pour l'\u00e9nergie: mod\u00e8les de d\u00e9sagr\u00e9gation de courbes de puissance - CDD  6 mois<\/a>\n\t\t\t\t\t\t\t\t\t<\/h3>\n\t\t\t\t\t\t\t\t\t<div class=\"job-department\"><strong>D\u00e9partement :<\/strong> Data analytics et Intelligence artificielle<\/div>\n\t\t\t\t\t\t\t\t\t<div class=\"job-location\"><strong>Lieu :<\/strong> Palaiseau, \u00cele-de-France, France<\/div>\n\t\t\t\t\t\t\t\t<\/div>\n\t\t\t\t\t\t\t<\/li>\n\t\t\t\t\t\t\t\t\t\t\t\t\t\t\t\t\t\t\t<li class=\"job\" id=\"job-2569847\">\n\t\t\t\t\t\t\t\t<div>\n\t\t\t\t\t\t\t\t\t<h3 class=\"job-title\">\n\t\t\t\t\t\t\t\t\t\t<a href=\"https:\/\/institutminestelecom.recruitee.com\/o\/inge-recherche-et-developpement-cdd-6-mois\" target=\"_blank\" title=\"Ing\u00e9nieur ou Ing\u00e9nieure de recherche et d\u00e9veloppement - CDD 6 mois\">Ing\u00e9nieur ou Ing\u00e9nieure de recherche et d\u00e9veloppement - CDD 6 mois<\/a>\n\t\t\t\t\t\t\t\t\t<\/h3>\n\t\t\t\t\t\t\t\t\t<div class=\"job-department\"><strong>D\u00e9partement :<\/strong> Optique<\/div>\n\t\t\t\t\t\t\t\t\t<div class=\"job-location\"><strong>Lieu :<\/strong> Palaiseau, \u00cele-de-France, France<\/div>\n\t\t\t\t\t\t\t\t<\/div>\n\t\t\t\t\t\t\t<\/li>\n\t\t\t\t\t\t\t\t\t\t\t\t\t\t\t\t\t\t\t<li class=\"job\" id=\"job-2568268\">\n\t\t\t\t\t\t\t\t<div>\n\t\t\t\t\t\t\t\t\t<h3 class=\"job-title\">\n\t\t\t\t\t\t\t\t\t\t<a href=\"https:\/\/institutminestelecom.recruitee.com\/o\/apprenti-com-re-partenariats-evenements-12-mois\" target=\"_blank\" title=\"Apprenti\u00b7e Charg\u00e9\u00b7e de communication et relations entreprises, partenariats et \u00e9v\u00e9nements \u2013 apprentissage 12 mois\">Apprenti\u00b7e Charg\u00e9\u00b7e de communication et relations entreprises, partenariats et \u00e9v\u00e9nements \u2013 apprentissage 12 mois<\/a>\n\t\t\t\t\t\t\t\t\t<\/h3>\n\t\t\t\t\t\t\t\t\t<div class=\"job-department\"><strong>D\u00e9partement :<\/strong> Relations entreprises et entrepreneuriat<\/div>\n\t\t\t\t\t\t\t\t\t<div class=\"job-location\"><strong>Lieu :<\/strong> EVRY, \u00cele-de-France, France<\/div>\n\t\t\t\t\t\t\t\t<\/div>\n\t\t\t\t\t\t\t<\/li>\n\t\t\t\t\t\t\t\t\t\t\t\t\t\t\t\t\t\t\t<li class=\"job\" id=\"job-2562601\">\n\t\t\t\t\t\t\t\t<div>\n\t\t\t\t\t\t\t\t\t<h3 class=\"job-title\">\n\t\t\t\t\t\t\t\t\t\t<a href=\"https:\/\/institutminestelecom.recruitee.com\/o\/ingenieure-logiciel-cdd-6-mois\" target=\"_blank\" title=\"Ing\u00e9nieur\u00b7e logiciel - CDD 6 mois\">Ing\u00e9nieur\u00b7e logiciel - CDD 6 mois<\/a>\n\t\t\t\t\t\t\t\t\t<\/h3>\n\t\t\t\t\t\t\t\t\t<div class=\"job-department\"><strong>D\u00e9partement :<\/strong> Ing\u00e9nierie et services de la sant\u00e9<\/div>\n\t\t\t\t\t\t\t\t\t<div class=\"job-location\"><strong>Lieu :<\/strong> EVRY, \u00cele-de-France, France<\/div>\n\t\t\t\t\t\t\t\t<\/div>\n\t\t\t\t\t\t\t<\/li>\n\t\t\t\t\t\t\t\t\t\t\t\t\t\t\t\t\t\t\t<li class=\"job\" id=\"job-2487580\">\n\t\t\t\t\t\t\t\t<div>\n\t\t\t\t\t\t\t\t\t<h3 class=\"job-title\">\n\t\t\t\t\t\t\t\t\t\t<a href=\"https:\/\/institutminestelecom.recruitee.com\/o\/postdoc-qualite-des-jeux-de-donnees-cdd-12-mois\" target=\"_blank\" title=\"Post-doctorant\u00b7e en qualit\u00e9 des jeux de donn\u00e9es pour IDS r\u00e9seau fond\u00e9s sur l\u2019apprentissage automatique - CDD 12 mois\">Post-doctorant\u00b7e en qualit\u00e9 des jeux de donn\u00e9es pour IDS r\u00e9seau fond\u00e9s sur l\u2019apprentissage automatique - CDD 12 mois<\/a>\n\t\t\t\t\t\t\t\t\t<\/h3>\n\t\t\t\t\t\t\t\t\t<div class=\"job-department\"><strong>D\u00e9partement :<\/strong> Informatique<\/div>\n\t\t\t\t\t\t\t\t\t<div class=\"job-location\"><strong>Lieu :<\/strong> EVRY, \u00cele-de-France, France<\/div>\n\t\t\t\t\t\t\t\t<\/div>\n\t\t\t\t\t\t\t<\/li>\n\t\t\t\t\t\t\t\t\t\t\t\t\t\t\t\t\t<\/ul>\n\t\t\t\t<\/div>\n\t\t\t<\/article>\n\t\t     <\/div>\n    <\/p>\n<p>&nbsp;<\/p>\n<h2 id=\"rac\">About T\u00e9l\u00e9com SudParis<\/h2>\n                    <\/div><!-- .entry-content -->\n                <\/article><!-- #post-## -->\n\n            <\/main><!-- #main -->\n        <\/div><!-- #primary -->\n    <\/div><!-- .wrap -->\n\t<\/div><\/div><\/div><\/div><\/div><div id=\"pg-7667-1\"  class=\"panel-grid panel-has-style\" ><div class=\"wrap widget-content panel-row-style panel-row-style-for-7667-1\" ><div id=\"pgc-7667-1-0\"  class=\"panel-grid-cell\" ><div id=\"panel-7667-1-0-0\" class=\"so-panel widget widget_sow-video panel-first-child panel-last-child widgetopts-SO\" data-index=\"1\" ><div\n\t\t\t\n\t\t\tclass=\"so-widget-sow-video so-widget-sow-video-default-c08170c47cfb-7667\"\n\t\t\t\n\t\t>\n<div class=\"sow-video-wrapper\n\">\n\t\t\t<iframe loading=\"lazy\" title=\"marque employeur T\u00e9l\u00e9com SudParis\" width=\"525\" height=\"295\" src=\"https:\/\/www.youtube.com\/embed\/3-cy_h3i5ig?feature=oembed&enablejsapi=1\" frameborder=\"0\" allow=\"accelerometer; autoplay; clipboard-write; encrypted-media; gyroscope; picture-in-picture; web-share\" referrerpolicy=\"strict-origin-when-cross-origin\" allowfullscreen allowfullscreen mozallowfullscreen webkitallowfullscreen sandbox=\"allow-scripts allow-same-origin allow-presentation\"><\/iframe>\t<\/div>\n<\/div><\/div><\/div><div id=\"pgc-7667-1-1\"  class=\"panel-grid-cell\" ><div id=\"panel-7667-1-1-0\" class=\"so-panel widget widget_sow-video panel-first-child panel-last-child widgetopts-SO\" data-index=\"2\" ><div\n\t\t\t\n\t\t\tclass=\"so-widget-sow-video so-widget-sow-video-default-c08170c47cfb-7667\"\n\t\t\t\n\t\t>\n<div class=\"sow-video-wrapper\n\">\n\t\t\t<iframe loading=\"lazy\" title=\"Cr\u00e9er un monde num\u00e9rique durable avec T\u00e9l\u00e9com SudParis\" width=\"525\" height=\"295\" src=\"https:\/\/www.youtube.com\/embed\/t8tqUU4LH7A?feature=oembed&enablejsapi=1\" frameborder=\"0\" allow=\"accelerometer; autoplay; clipboard-write; encrypted-media; gyroscope; picture-in-picture; web-share\" referrerpolicy=\"strict-origin-when-cross-origin\" allowfullscreen allowfullscreen mozallowfullscreen webkitallowfullscreen sandbox=\"allow-scripts allow-same-origin allow-presentation\"><\/iframe>\t<\/div>\n<\/div><\/div><\/div><\/div><\/div><div id=\"pg-7667-2\"  class=\"panel-grid panel-has-style\" ><div class=\"panel-row-style panel-row-style-for-7667-2\" ><div id=\"pgc-7667-2-0\"  class=\"panel-grid-cell\" ><div id=\"panel-7667-2-0-0\" class=\"so-panel widget widget_tsp-widget-connexe panel-first-child panel-last-child widgetopts-SO\" data-index=\"3\" ><div\n\t\t\t\n\t\t\tclass=\"so-widget-tsp-widget-connexe so-widget-tsp-widget-connexe-default-58ba54af99fe-7667\"\n\t\t\t\n\t\t>        <div class=\"widget-connexe\">\n            <div class=\"wrap\">\n                                  <div class=\"post\">\n                      <a href=\"https:\/\/www.telecom-sudparis.eu\/en\/research\/biomica-platform-at-the-cutting-edge-of-medical-imaging\/\">\n                                                        <header class=\"entry-header\" style=\"background-image:url(https:\/\/www.telecom-sudparis.eu\/en\/wp-content\/uploads\/sites\/3\/2018\/10\/Biomica-Raises-20M-to-Advance-its-Pipeline-of-Microbiome-based-Therapeutics.png)\">\n                                    <span class=\"overlay\"><\/span>\n                                <\/header>\n                                                      <div class=\"entry-content\">\n                          <h3 class=\"title\">Biomica platform : At the cutting edge of medical imaging<\/h3>\n                                                <\/div>\n\n                      <\/a>\n                  <\/div>\n                                  <div class=\"post\">\n                      <a href=\"https:\/\/www.telecom-sudparis.eu\/en\/programs\/farmia-digital-engineers-for-connected-permaculture\/\">\n                                                        <header class=\"entry-header\" style=\"background-image:url(https:\/\/www.telecom-sudparis.eu\/en\/wp-content\/uploads\/sites\/3\/2020\/11\/farmia7.jpg)\">\n                                    <span class=\"overlay\"><\/span>\n                                <\/header>\n                                                      <div class=\"entry-content\">\n                          <h3 class=\"title\">FarmIA, digital engineers for connected permaculture<\/h3>\n                                                <\/div>\n\n                      <\/a>\n                  <\/div>\n                                  <div class=\"post\">\n                      <a href=\"https:\/\/www.telecom-sudparis.eu\/en\/about-us\/variot-the-cybersecurity-of-connected-objects\/\">\n                                                        <header class=\"entry-header\" style=\"background-image:url(https:\/\/www.telecom-sudparis.eu\/en\/wp-content\/uploads\/sites\/3\/2021\/05\/variot-logo-400x400px.jpg)\">\n                                    <span class=\"overlay\"><\/span>\n                                <\/header>\n                                                      <div class=\"entry-content\">\n                          <h3 class=\"title\">VARIoT, the cybersecurity of connected objects<\/h3>\n                                                <\/div>\n\n                      <\/a>\n                  <\/div>\n                            <\/div>\n        <\/div>\n\t    <\/div><\/div><\/div><\/div><\/div><\/div>","protected":false},"excerpt":{"rendered":"<p>Recruitment &#8211; Carrers at Telecom SudParis You can consult our career site: https:\/\/institutminestelecom.recruitee.com\/ T\u00e9l\u00e9com SudParis is recruiting. You will find all our offers below. For teaching and research positions, in addition to your CV and cover letter, please provide the following (in a single file) : The contact details of at least two references A &hellip; <\/p>\n<p class=\"link-more\"><a href=\"https:\/\/www.telecom-sudparis.eu\/en\/recruitment\/\" class=\"more-link\">Continue reading<span class=\"screen-reader-text\"> &#8220;Recruitment &#8211; Carrers at Telecom SudParis&#8221;<\/span><\/a><\/p>\n","protected":false},"author":1,"featured_media":12103,"parent":0,"menu_order":0,"comment_status":"closed","ping_status":"closed","template":"","meta":{"_acf_changed":false,"footnotes":""},"categories":[],"tags":[],"class_list":["post-7667","page","type-page","status-publish","has-post-thumbnail","hentry"],"acf":[],"yoast_head":"<!-- This site is optimized with the Yoast SEO plugin v27.3 - https:\/\/yoast.com\/product\/yoast-seo-wordpress\/ -->\n<title>Recruitment - Carrers at Telecom SudParis<\/title>\n<meta name=\"description\" content=\"Telecom SudParis is recruiting. You will find all our offers below.\" \/>\n<meta name=\"robots\" content=\"index, follow, max-snippet:-1, max-image-preview:large, max-video-preview:-1\" \/>\n<link rel=\"canonical\" href=\"https:\/\/www.telecom-sudparis.eu\/en\/recruitment\/\" \/>\n<meta property=\"og:locale\" content=\"en_GB\" \/>\n<meta property=\"og:type\" content=\"article\" \/>\n<meta property=\"og:title\" content=\"Recruitment - Carrers at Telecom SudParis\" \/>\n<meta property=\"og:description\" content=\"Telecom SudParis is recruiting. You will find all our offers below.\" \/>\n<meta property=\"og:url\" content=\"https:\/\/www.telecom-sudparis.eu\/en\/recruitment\/\" \/>\n<meta property=\"og:site_name\" content=\"TELECOM SudParis\" \/>\n<meta property=\"article:modified_time\" content=\"2025-09-16T09:12:40+00:00\" \/>\n<meta property=\"og:image\" content=\"https:\/\/www.telecom-sudparis.eu\/en\/wp-content\/uploads\/sites\/3\/2023\/05\/Sans-titre.jpeg\" \/>\n\t<meta property=\"og:image:width\" content=\"400\" \/>\n\t<meta property=\"og:image:height\" content=\"400\" \/>\n\t<meta property=\"og:image:type\" content=\"image\/jpeg\" \/>\n<meta name=\"twitter:card\" content=\"summary_large_image\" \/>\n<meta name=\"twitter:label1\" content=\"Estimated reading time\" \/>\n\t<meta name=\"twitter:data1\" content=\"1 minute\" \/>\n<script type=\"application\/ld+json\" class=\"yoast-schema-graph\">{\"@context\":\"https:\\\/\\\/schema.org\",\"@graph\":[{\"@type\":\"WebPage\",\"@id\":\"https:\\\/\\\/www.telecom-sudparis.eu\\\/en\\\/recruitment\\\/\",\"url\":\"https:\\\/\\\/www.telecom-sudparis.eu\\\/en\\\/recruitment\\\/\",\"name\":\"Recruitment - Carrers at Telecom SudParis\",\"isPartOf\":{\"@id\":\"https:\\\/\\\/www.telecom-sudparis.eu\\\/en\\\/#website\"},\"primaryImageOfPage\":{\"@id\":\"https:\\\/\\\/www.telecom-sudparis.eu\\\/en\\\/recruitment\\\/#primaryimage\"},\"image\":{\"@id\":\"https:\\\/\\\/www.telecom-sudparis.eu\\\/en\\\/recruitment\\\/#primaryimage\"},\"thumbnailUrl\":\"https:\\\/\\\/www.telecom-sudparis.eu\\\/en\\\/wp-content\\\/uploads\\\/sites\\\/3\\\/2023\\\/05\\\/Sans-titre.jpeg\",\"datePublished\":\"2018-02-12T09:33:40+00:00\",\"dateModified\":\"2025-09-16T09:12:40+00:00\",\"description\":\"Telecom SudParis is recruiting. You will find all our offers below.\",\"breadcrumb\":{\"@id\":\"https:\\\/\\\/www.telecom-sudparis.eu\\\/en\\\/recruitment\\\/#breadcrumb\"},\"inLanguage\":\"en-GB\",\"potentialAction\":[{\"@type\":\"ReadAction\",\"target\":[\"https:\\\/\\\/www.telecom-sudparis.eu\\\/en\\\/recruitment\\\/\"]}]},{\"@type\":\"ImageObject\",\"inLanguage\":\"en-GB\",\"@id\":\"https:\\\/\\\/www.telecom-sudparis.eu\\\/en\\\/recruitment\\\/#primaryimage\",\"url\":\"https:\\\/\\\/www.telecom-sudparis.eu\\\/en\\\/wp-content\\\/uploads\\\/sites\\\/3\\\/2023\\\/05\\\/Sans-titre.jpeg\",\"contentUrl\":\"https:\\\/\\\/www.telecom-sudparis.eu\\\/en\\\/wp-content\\\/uploads\\\/sites\\\/3\\\/2023\\\/05\\\/Sans-titre.jpeg\",\"width\":400,\"height\":400,\"caption\":\"Back view of a senior professor talking on a class to large group of students.\"},{\"@type\":\"BreadcrumbList\",\"@id\":\"https:\\\/\\\/www.telecom-sudparis.eu\\\/en\\\/recruitment\\\/#breadcrumb\",\"itemListElement\":[{\"@type\":\"ListItem\",\"position\":1,\"name\":\"Accueil\",\"item\":\"https:\\\/\\\/www.telecom-sudparis.eu\\\/en\\\/\"},{\"@type\":\"ListItem\",\"position\":2,\"name\":\"Recruitment &#8211; Carrers at Telecom SudParis\"}]},{\"@type\":\"WebSite\",\"@id\":\"https:\\\/\\\/www.telecom-sudparis.eu\\\/en\\\/#website\",\"url\":\"https:\\\/\\\/www.telecom-sudparis.eu\\\/en\\\/\",\"name\":\"TELECOM SudParis\",\"description\":\"Mastering the digital society\",\"potentialAction\":[{\"@type\":\"SearchAction\",\"target\":{\"@type\":\"EntryPoint\",\"urlTemplate\":\"https:\\\/\\\/www.telecom-sudparis.eu\\\/en\\\/?s={search_term_string}\"},\"query-input\":{\"@type\":\"PropertyValueSpecification\",\"valueRequired\":true,\"valueName\":\"search_term_string\"}}],\"inLanguage\":\"en-GB\"}]}<\/script>\n<!-- \/ Yoast SEO plugin. -->","yoast_head_json":{"title":"Recruitment - Carrers at Telecom SudParis","description":"Telecom SudParis is recruiting. You will find all our offers below.","robots":{"index":"index","follow":"follow","max-snippet":"max-snippet:-1","max-image-preview":"max-image-preview:large","max-video-preview":"max-video-preview:-1"},"canonical":"https:\/\/www.telecom-sudparis.eu\/en\/recruitment\/","og_locale":"en_GB","og_type":"article","og_title":"Recruitment - Carrers at Telecom SudParis","og_description":"Telecom SudParis is recruiting. You will find all our offers below.","og_url":"https:\/\/www.telecom-sudparis.eu\/en\/recruitment\/","og_site_name":"TELECOM SudParis","article_modified_time":"2025-09-16T09:12:40+00:00","og_image":[{"width":400,"height":400,"url":"https:\/\/www.telecom-sudparis.eu\/en\/wp-content\/uploads\/sites\/3\/2023\/05\/Sans-titre.jpeg","type":"image\/jpeg"}],"twitter_card":"summary_large_image","twitter_misc":{"Estimated reading time":"1 minute"},"schema":{"@context":"https:\/\/schema.org","@graph":[{"@type":"WebPage","@id":"https:\/\/www.telecom-sudparis.eu\/en\/recruitment\/","url":"https:\/\/www.telecom-sudparis.eu\/en\/recruitment\/","name":"Recruitment - Carrers at Telecom SudParis","isPartOf":{"@id":"https:\/\/www.telecom-sudparis.eu\/en\/#website"},"primaryImageOfPage":{"@id":"https:\/\/www.telecom-sudparis.eu\/en\/recruitment\/#primaryimage"},"image":{"@id":"https:\/\/www.telecom-sudparis.eu\/en\/recruitment\/#primaryimage"},"thumbnailUrl":"https:\/\/www.telecom-sudparis.eu\/en\/wp-content\/uploads\/sites\/3\/2023\/05\/Sans-titre.jpeg","datePublished":"2018-02-12T09:33:40+00:00","dateModified":"2025-09-16T09:12:40+00:00","description":"Telecom SudParis is recruiting. You will find all our offers below.","breadcrumb":{"@id":"https:\/\/www.telecom-sudparis.eu\/en\/recruitment\/#breadcrumb"},"inLanguage":"en-GB","potentialAction":[{"@type":"ReadAction","target":["https:\/\/www.telecom-sudparis.eu\/en\/recruitment\/"]}]},{"@type":"ImageObject","inLanguage":"en-GB","@id":"https:\/\/www.telecom-sudparis.eu\/en\/recruitment\/#primaryimage","url":"https:\/\/www.telecom-sudparis.eu\/en\/wp-content\/uploads\/sites\/3\/2023\/05\/Sans-titre.jpeg","contentUrl":"https:\/\/www.telecom-sudparis.eu\/en\/wp-content\/uploads\/sites\/3\/2023\/05\/Sans-titre.jpeg","width":400,"height":400,"caption":"Back view of a senior professor talking on a class to large group of students."},{"@type":"BreadcrumbList","@id":"https:\/\/www.telecom-sudparis.eu\/en\/recruitment\/#breadcrumb","itemListElement":[{"@type":"ListItem","position":1,"name":"Accueil","item":"https:\/\/www.telecom-sudparis.eu\/en\/"},{"@type":"ListItem","position":2,"name":"Recruitment &#8211; Carrers at Telecom SudParis"}]},{"@type":"WebSite","@id":"https:\/\/www.telecom-sudparis.eu\/en\/#website","url":"https:\/\/www.telecom-sudparis.eu\/en\/","name":"TELECOM SudParis","description":"Mastering the digital society","potentialAction":[{"@type":"SearchAction","target":{"@type":"EntryPoint","urlTemplate":"https:\/\/www.telecom-sudparis.eu\/en\/?s={search_term_string}"},"query-input":{"@type":"PropertyValueSpecification","valueRequired":true,"valueName":"search_term_string"}}],"inLanguage":"en-GB"}]}},"_links":{"self":[{"href":"https:\/\/www.telecom-sudparis.eu\/en\/wp-json\/wp\/v2\/pages\/7667","targetHints":{"allow":["GET"]}}],"collection":[{"href":"https:\/\/www.telecom-sudparis.eu\/en\/wp-json\/wp\/v2\/pages"}],"about":[{"href":"https:\/\/www.telecom-sudparis.eu\/en\/wp-json\/wp\/v2\/types\/page"}],"author":[{"embeddable":true,"href":"https:\/\/www.telecom-sudparis.eu\/en\/wp-json\/wp\/v2\/users\/1"}],"replies":[{"embeddable":true,"href":"https:\/\/www.telecom-sudparis.eu\/en\/wp-json\/wp\/v2\/comments?post=7667"}],"version-history":[{"count":56,"href":"https:\/\/www.telecom-sudparis.eu\/en\/wp-json\/wp\/v2\/pages\/7667\/revisions"}],"predecessor-version":[{"id":13484,"href":"https:\/\/www.telecom-sudparis.eu\/en\/wp-json\/wp\/v2\/pages\/7667\/revisions\/13484"}],"wp:featuredmedia":[{"embeddable":true,"href":"https:\/\/www.telecom-sudparis.eu\/en\/wp-json\/wp\/v2\/media\/12103"}],"wp:attachment":[{"href":"https:\/\/www.telecom-sudparis.eu\/en\/wp-json\/wp\/v2\/media?parent=7667"}],"wp:term":[{"taxonomy":"category","embeddable":true,"href":"https:\/\/www.telecom-sudparis.eu\/en\/wp-json\/wp\/v2\/categories?post=7667"},{"taxonomy":"post_tag","embeddable":true,"href":"https:\/\/www.telecom-sudparis.eu\/en\/wp-json\/wp\/v2\/tags?post=7667"}],"curies":[{"name":"wp","href":"https:\/\/api.w.org\/{rel}","templated":true}]}}