{"id":9132,"date":"2019-11-29T14:32:00","date_gmt":"2019-11-29T13:32:00","guid":{"rendered":"https:\/\/www.telecom-sudparis.eu\/en\/?page_id=9132"},"modified":"2025-01-17T15:14:14","modified_gmt":"2025-01-17T14:14:14","slug":"telecom-sudparis-member-of-ip-paris","status":"publish","type":"page","link":"https:\/\/www.telecom-sudparis.eu\/en\/telecom-sudparis-member-of-ip-paris\/","title":{"rendered":"Telecom SudParis, member of IP Paris"},"content":{"rendered":"<div id=\"pl-9132\"  class=\"panel-layout\" ><div id=\"pg-9132-0\"  class=\"panel-grid panel-has-style\" ><div class=\"siteorigin-panels-stretch panel-row-style panel-row-style-for-9132-0\" data-stretch-type=\"full\" ><div id=\"pgc-9132-0-0\"  class=\"panel-grid-cell\" ><div id=\"panel-9132-0-0-0\" class=\"so-panel widget widget_tsp-widget-content panel-first-child panel-last-child widgetopts-SO\" data-index=\"0\" ><div\n\t\t\t\n\t\t\tclass=\"so-widget-tsp-widget-content so-widget-tsp-widget-content-default-58ba54af99fe-9132\"\n\t\t\t\n\t\t>    <div class=\"wrap widget-content\">\n        <div class=\"content-area\">\n            <main id=\"main\" class=\"site-main\">\n                          <div class=\"addthis_inline_share_toolbox_hibt addthis_mobile\"><\/div>\n          <div class=\"breadcrumb\">\n                      <\/div>\n                      <article id=\"post-9132\" class=\"post-9132 page type-page status-publish has-post-thumbnail hentry\">\n                    <header class=\"entry-header\">\n\n                                                <h1 class=\"entry-title\">\n\t                        Telecom SudParis, member of Institut Polytechnique de Paris (IP Paris)                        <\/h1>\n                        \n\t                                                                <\/header><!-- .entry-header -->\n                                                        <div id=\"secondary\" class=\"content-area\">\n                                        <section id=\"siteorigin-panels-post-content-2\" class=\"widget widget_siteorigin-panels-post-content\"><div class=\"featured-image\"><img loading=\"lazy\" decoding=\"async\" width=\"512\" height=\"200\" src=\"https:\/\/www.telecom-sudparis.eu\/en\/wp-content\/uploads\/sites\/3\/2025\/01\/LOGOTYPE-7-ECOLES-Vertical-500x200-1.jpg\" class=\"attachment-post-thumbnail size-post-thumbnail wp-post-image\" alt=\"Logo members of IP Paris - Telecom SudParis\" \/><\/div><\/section>                                    <\/div>\n                                                    <div class=\"entry-content\">\n                      <p><strong>Telecom SudParis is a founding member of Institut Polytechnique de Paris (IP Paris), an experimental public institution<\/strong>. IP Paris brings together six prestigious French engineering Schools, \u00c9cole polytechnique, \u00c9cole nationale des ponts et chauss\u00e9es, ENSTA Paris, ENSAE Paris, T\u00e9l\u00e9com Paris and T\u00e9l\u00e9com SudParis, with a shared ambition: <strong>to create a world class institute serving cutting-edge research and excellent training programs<\/strong>.<\/p>\n<p>Biology, mathematics, physics... IP Paris offers a wide range of high-level <a href=\"https:\/\/www.ip-paris.fr\/en\/education\/masters\" target=\"_blank\" rel=\"noopener\">master's<\/a> and <a href=\"https:\/\/www.ip-paris.fr\/en\/education\/phd-programs\" target=\"_blank\" rel=\"noopener\">doctoral<\/a> programs.<\/p>\n<p>With an international outlook, these teaching programs aim <strong>to provide students with the best of the world of research and entrepreneurship<\/strong>.<\/p>\n<p>IP Paris has developed partnerships with major French and international research institutes: CNRS, INRIA, CEA, ONERA and INSERM.<\/p>\n<p>With its <a href=\"https:\/\/www.ip-paris.fr\/en\/research\/laboratories\" target=\"_blank\" rel=\"noopener\">30 laboratories<\/a>, <a href=\"https:\/\/www.ip-paris.fr\/en\/research\/become-faculty-member-institut-polytechnique-de-paris\" target=\"_blank\" rel=\"noopener\">disciplinary communities<\/a>,<a href=\"https:\/\/www.ip-paris.fr\/en\/research\/interdisciplinary-centers\" target=\"_blank\" rel=\"noopener\"> interdisciplinary research centers<\/a> and two major doctoral schools, IP Paris is committed to developing research to become a leading player in tomorrow's sciences.<\/p>\n<p>&nbsp;<\/p>\n                    <\/div><!-- .entry-content -->\n                <\/article><!-- #post-## -->\n\n            <\/main><!-- #main -->\n        <\/div><!-- #primary -->\n    <\/div><!-- .wrap -->\n\t<\/div><\/div><\/div><\/div><\/div><div id=\"pg-9132-1\"  class=\"panel-grid panel-has-style\" ><div class=\"siteorigin-panels-stretch panel-row-style panel-row-style-for-9132-1\" data-stretch-type=\"full\" ><div id=\"pgc-9132-1-0\"  class=\"panel-grid-cell panel-grid-cell-empty\" ><\/div><div id=\"pgc-9132-1-1\"  class=\"panel-grid-cell panel-grid-cell-mobile-last\" ><div id=\"panel-9132-1-1-0\" class=\"so-panel widget widget_sow-button panel-first-child panel-last-child widgetopts-SO\" data-index=\"1\" ><div\n\t\t\t\n\t\t\tclass=\"so-widget-sow-button so-widget-sow-button-flat-4a346223ace7-9132\"\n\t\t\t\n\t\t><div class=\"ow-button-base ow-button-align-center\"\n>\n\t\t\t<a\n\t\t\t\t\thref=\"https:\/\/www.ip-paris.fr\/\"\n\t\t\t\t\tclass=\"sowb-button ow-icon-placement-left ow-button-hover\" target=\"_blank\" rel=\"noopener noreferrer\" \t>\n\t\t<span>\n\t\t\t\n\t\t\tMore about IP Paris\t\t<\/span>\n\t\t\t<\/a>\n\t<\/div>\n<\/div><\/div><\/div><div id=\"pgc-9132-1-2\"  class=\"panel-grid-cell panel-grid-cell-empty\" ><\/div><\/div><\/div><div id=\"pg-9132-2\"  class=\"panel-grid panel-has-style\" ><div class=\"siteorigin-panels-stretch panel-row-style panel-row-style-for-9132-2\" data-stretch-type=\"full\" ><div id=\"pgc-9132-2-0\"  class=\"panel-grid-cell panel-grid-cell-empty\" ><\/div><div id=\"pgc-9132-2-1\"  class=\"panel-grid-cell panel-grid-cell-mobile-last\" ><div id=\"panel-9132-2-1-0\" class=\"so-panel widget widget_sow-video panel-first-child panel-last-child widgetopts-SO\" data-index=\"2\" ><div\n\t\t\t\n\t\t\tclass=\"so-widget-sow-video so-widget-sow-video-default-c08170c47cfb-9132\"\n\t\t\t\n\t\t>\n<div class=\"sow-video-wrapper\n\">\n\t\t\t<iframe loading=\"lazy\" title=\"IP Paris Campus\" width=\"525\" height=\"295\" src=\"https:\/\/www.youtube.com\/embed\/S-kCsOaKrzE?feature=oembed&enablejsapi=1\" frameborder=\"0\" allow=\"accelerometer; autoplay; clipboard-write; encrypted-media; gyroscope; picture-in-picture; web-share\" referrerpolicy=\"strict-origin-when-cross-origin\" allowfullscreen allowfullscreen mozallowfullscreen webkitallowfullscreen><\/iframe>\t<\/div>\n<\/div><\/div><\/div><div id=\"pgc-9132-2-2\"  class=\"panel-grid-cell panel-grid-cell-empty\" ><\/div><\/div><\/div><div id=\"pg-9132-3\"  class=\"panel-grid panel-has-style\" ><div class=\"siteorigin-panels-stretch panel-row-style panel-row-style-for-9132-3\" data-stretch-type=\"full-width-stretch\" ><div id=\"pgc-9132-3-0\"  class=\"panel-grid-cell\" ><div id=\"panel-9132-3-0-0\" class=\"so-panel widget widget_tsp-widget-connexe panel-first-child panel-last-child widgetopts-SO\" data-index=\"3\" ><div\n\t\t\t\n\t\t\tclass=\"so-widget-tsp-widget-connexe so-widget-tsp-widget-connexe-default-58ba54af99fe-9132\"\n\t\t\t\n\t\t>        <div class=\"widget-connexe\">\n            <div class=\"wrap\">\n                                  <div class=\"post\">\n                      <a href=\"https:\/\/www.telecom-sudparis.eu\/en\/actualite\/ip-paris-takes-6th-place-in-the-2022-young-university-rankings\/\">\n                                                        <header class=\"entry-header\" style=\"background-image:url(https:\/\/www.telecom-sudparis.eu\/en\/wp-content\/uploads\/sites\/3\/2022\/03\/1644920083173-1024x1024-1-e1647418270861.jpg)\">\n                                    <span class=\"overlay\"><\/span>\n                                <\/header>\n                                                      <div class=\"entry-content\">\n                          <h3 class=\"title\">IP Paris takes 6th place in THE\u2019s 2022 Young University Rankings<\/h3>\n                                                <\/div>\n\n                      <\/a>\n                  <\/div>\n                                  <div class=\"post\">\n                      <a href=\"https:\/\/www.telecom-sudparis.eu\/en\/rankings-and-labels\/\">\n                                                        <header class=\"entry-header\" style=\"background-image:url(https:\/\/www.telecom-sudparis.eu\/en\/wp-content\/uploads\/sites\/3\/2021\/04\/rankings-and-labels.jpg)\">\n                                    <span class=\"overlay\"><\/span>\n                                <\/header>\n                                                      <div class=\"entry-content\">\n                          <h3 class=\"title\">Rankings and labels<\/h3>\n                                                <\/div>\n\n                      <\/a>\n                  <\/div>\n                                  <div class=\"post\">\n                      <a href=\"https:\/\/www.telecom-sudparis.eu\/en\/actualite\/u-multirank-ranking\/\">\n                                                        <header class=\"entry-header\" style=\"background-image:url(https:\/\/www.telecom-sudparis.eu\/en\/wp-content\/uploads\/sites\/3\/2022\/07\/u-multirank-2022-400px-1.png)\">\n                                    <span class=\"overlay\"><\/span>\n                                <\/header>\n                                                      <div class=\"entry-content\">\n                          <h3 class=\"title\">U-Multirank ranking<\/h3>\n                                                <\/div>\n\n                      <\/a>\n                  <\/div>\n                            <\/div>\n        <\/div>\n\t    <\/div><\/div><\/div><\/div><\/div><\/div>","protected":false},"excerpt":{"rendered":"<p>Telecom SudParis, member of Institut Polytechnique de Paris (IP Paris) Telecom SudParis is a founding member of Institut Polytechnique de Paris (IP Paris), an experimental public institution. IP Paris brings together six prestigious French engineering Schools, \u00c9cole polytechnique, \u00c9cole nationale des ponts et chauss\u00e9es, ENSTA Paris, ENSAE Paris, T\u00e9l\u00e9com Paris and T\u00e9l\u00e9com SudParis, with a &hellip; <\/p>\n<p class=\"link-more\"><a href=\"https:\/\/www.telecom-sudparis.eu\/en\/telecom-sudparis-member-of-ip-paris\/\" class=\"more-link\">Continue reading<span class=\"screen-reader-text\"> &#8220;Telecom SudParis, member of IP Paris&#8221;<\/span><\/a><\/p>\n","protected":false},"author":21,"featured_media":13480,"parent":0,"menu_order":0,"comment_status":"closed","ping_status":"closed","template":"","meta":{"_acf_changed":false,"footnotes":""},"categories":[],"tags":[],"class_list":["post-9132","page","type-page","status-publish","has-post-thumbnail","hentry"],"acf":[],"yoast_head":"<!-- This site is optimized with the Yoast SEO plugin v27.3 - https:\/\/yoast.com\/product\/yoast-seo-wordpress\/ -->\n<title>Telecom SudParis, member of IP Paris<\/title>\n<meta name=\"description\" content=\"IP Paris brings together five grandes \u00e9coles, \u00c9cole polytechnique, ENSTA Paris, ENSAE Paris, T\u00e9l\u00e9com Paris and Telecom SudParis, with a shared ambition: to create a world class institute serving cutting-edge research and excellent training programs.\" \/>\n<meta name=\"robots\" content=\"index, follow, max-snippet:-1, max-image-preview:large, max-video-preview:-1\" \/>\n<link rel=\"canonical\" href=\"https:\/\/www.telecom-sudparis.eu\/en\/about-us__trashed\/telecom-sudparis-member-of-ip-paris\/\" \/>\n<meta property=\"og:locale\" content=\"en_GB\" \/>\n<meta property=\"og:type\" content=\"article\" \/>\n<meta property=\"og:title\" content=\"Telecom SudParis, member of IP Paris\" \/>\n<meta property=\"og:description\" content=\"IP Paris brings together five grandes \u00e9coles, \u00c9cole polytechnique, ENSTA Paris, ENSAE Paris, T\u00e9l\u00e9com Paris and Telecom SudParis, with a shared ambition: to create a world class institute serving cutting-edge research and excellent training programs.\" \/>\n<meta property=\"og:url\" content=\"https:\/\/www.telecom-sudparis.eu\/en\/about-us__trashed\/telecom-sudparis-member-of-ip-paris\/\" \/>\n<meta property=\"og:site_name\" content=\"TELECOM SudParis\" \/>\n<meta property=\"article:modified_time\" content=\"2025-01-17T14:14:14+00:00\" \/>\n<meta property=\"og:image\" content=\"https:\/\/www.telecom-sudparis.eu\/en\/wp-content\/uploads\/sites\/3\/2025\/01\/LOGOTYPE-7-ECOLES-Vertical-500x200-1.jpg\" \/>\n\t<meta property=\"og:image:width\" content=\"512\" \/>\n\t<meta property=\"og:image:height\" content=\"200\" \/>\n\t<meta property=\"og:image:type\" content=\"image\/jpeg\" \/>\n<meta name=\"twitter:card\" content=\"summary_large_image\" \/>\n<meta name=\"twitter:label1\" content=\"Estimated reading time\" \/>\n\t<meta name=\"twitter:data1\" content=\"1 minute\" \/>\n<script type=\"application\/ld+json\" class=\"yoast-schema-graph\">{\"@context\":\"https:\\\/\\\/schema.org\",\"@graph\":[{\"@type\":\"WebPage\",\"@id\":\"https:\\\/\\\/www.telecom-sudparis.eu\\\/en\\\/about-us__trashed\\\/telecom-sudparis-member-of-ip-paris\\\/\",\"url\":\"https:\\\/\\\/www.telecom-sudparis.eu\\\/en\\\/about-us__trashed\\\/telecom-sudparis-member-of-ip-paris\\\/\",\"name\":\"Telecom SudParis, member of IP Paris\",\"isPartOf\":{\"@id\":\"https:\\\/\\\/www.telecom-sudparis.eu\\\/en\\\/#website\"},\"primaryImageOfPage\":{\"@id\":\"https:\\\/\\\/www.telecom-sudparis.eu\\\/en\\\/about-us__trashed\\\/telecom-sudparis-member-of-ip-paris\\\/#primaryimage\"},\"image\":{\"@id\":\"https:\\\/\\\/www.telecom-sudparis.eu\\\/en\\\/about-us__trashed\\\/telecom-sudparis-member-of-ip-paris\\\/#primaryimage\"},\"thumbnailUrl\":\"https:\\\/\\\/www.telecom-sudparis.eu\\\/en\\\/wp-content\\\/uploads\\\/sites\\\/3\\\/2025\\\/01\\\/LOGOTYPE-7-ECOLES-Vertical-500x200-1.jpg\",\"datePublished\":\"2019-11-29T13:32:00+00:00\",\"dateModified\":\"2025-01-17T14:14:14+00:00\",\"description\":\"IP Paris brings together five grandes \u00e9coles, \u00c9cole polytechnique, ENSTA Paris, ENSAE Paris, T\u00e9l\u00e9com Paris and Telecom SudParis, with a shared ambition: to create a world class institute serving cutting-edge research and excellent training programs.\",\"breadcrumb\":{\"@id\":\"https:\\\/\\\/www.telecom-sudparis.eu\\\/en\\\/about-us__trashed\\\/telecom-sudparis-member-of-ip-paris\\\/#breadcrumb\"},\"inLanguage\":\"en-GB\",\"potentialAction\":[{\"@type\":\"ReadAction\",\"target\":[\"https:\\\/\\\/www.telecom-sudparis.eu\\\/en\\\/about-us__trashed\\\/telecom-sudparis-member-of-ip-paris\\\/\"]}]},{\"@type\":\"ImageObject\",\"inLanguage\":\"en-GB\",\"@id\":\"https:\\\/\\\/www.telecom-sudparis.eu\\\/en\\\/about-us__trashed\\\/telecom-sudparis-member-of-ip-paris\\\/#primaryimage\",\"url\":\"https:\\\/\\\/www.telecom-sudparis.eu\\\/en\\\/wp-content\\\/uploads\\\/sites\\\/3\\\/2025\\\/01\\\/LOGOTYPE-7-ECOLES-Vertical-500x200-1.jpg\",\"contentUrl\":\"https:\\\/\\\/www.telecom-sudparis.eu\\\/en\\\/wp-content\\\/uploads\\\/sites\\\/3\\\/2025\\\/01\\\/LOGOTYPE-7-ECOLES-Vertical-500x200-1.jpg\",\"width\":512,\"height\":200,\"caption\":\"Logo members of IP Paris - Telecom SudParis\"},{\"@type\":\"BreadcrumbList\",\"@id\":\"https:\\\/\\\/www.telecom-sudparis.eu\\\/en\\\/about-us__trashed\\\/telecom-sudparis-member-of-ip-paris\\\/#breadcrumb\",\"itemListElement\":[{\"@type\":\"ListItem\",\"position\":1,\"name\":\"Accueil\",\"item\":\"https:\\\/\\\/www.telecom-sudparis.eu\\\/en\\\/\"},{\"@type\":\"ListItem\",\"position\":2,\"name\":\"Telecom SudParis, member of IP Paris\"}]},{\"@type\":\"WebSite\",\"@id\":\"https:\\\/\\\/www.telecom-sudparis.eu\\\/en\\\/#website\",\"url\":\"https:\\\/\\\/www.telecom-sudparis.eu\\\/en\\\/\",\"name\":\"TELECOM SudParis\",\"description\":\"Mastering the digital society\",\"potentialAction\":[{\"@type\":\"SearchAction\",\"target\":{\"@type\":\"EntryPoint\",\"urlTemplate\":\"https:\\\/\\\/www.telecom-sudparis.eu\\\/en\\\/?s={search_term_string}\"},\"query-input\":{\"@type\":\"PropertyValueSpecification\",\"valueRequired\":true,\"valueName\":\"search_term_string\"}}],\"inLanguage\":\"en-GB\"}]}<\/script>\n<!-- \/ Yoast SEO plugin. -->","yoast_head_json":{"title":"Telecom SudParis, member of IP Paris","description":"IP Paris brings together five grandes \u00e9coles, \u00c9cole polytechnique, ENSTA Paris, ENSAE Paris, T\u00e9l\u00e9com Paris and Telecom SudParis, with a shared ambition: to create a world class institute serving cutting-edge research and excellent training programs.","robots":{"index":"index","follow":"follow","max-snippet":"max-snippet:-1","max-image-preview":"max-image-preview:large","max-video-preview":"max-video-preview:-1"},"canonical":"https:\/\/www.telecom-sudparis.eu\/en\/about-us__trashed\/telecom-sudparis-member-of-ip-paris\/","og_locale":"en_GB","og_type":"article","og_title":"Telecom SudParis, member of IP Paris","og_description":"IP Paris brings together five grandes \u00e9coles, \u00c9cole polytechnique, ENSTA Paris, ENSAE Paris, T\u00e9l\u00e9com Paris and Telecom SudParis, with a shared ambition: to create a world class institute serving cutting-edge research and excellent training programs.","og_url":"https:\/\/www.telecom-sudparis.eu\/en\/about-us__trashed\/telecom-sudparis-member-of-ip-paris\/","og_site_name":"TELECOM SudParis","article_modified_time":"2025-01-17T14:14:14+00:00","og_image":[{"width":512,"height":200,"url":"https:\/\/www.telecom-sudparis.eu\/en\/wp-content\/uploads\/sites\/3\/2025\/01\/LOGOTYPE-7-ECOLES-Vertical-500x200-1.jpg","type":"image\/jpeg"}],"twitter_card":"summary_large_image","twitter_misc":{"Estimated reading time":"1 minute"},"schema":{"@context":"https:\/\/schema.org","@graph":[{"@type":"WebPage","@id":"https:\/\/www.telecom-sudparis.eu\/en\/about-us__trashed\/telecom-sudparis-member-of-ip-paris\/","url":"https:\/\/www.telecom-sudparis.eu\/en\/about-us__trashed\/telecom-sudparis-member-of-ip-paris\/","name":"Telecom SudParis, member of IP Paris","isPartOf":{"@id":"https:\/\/www.telecom-sudparis.eu\/en\/#website"},"primaryImageOfPage":{"@id":"https:\/\/www.telecom-sudparis.eu\/en\/about-us__trashed\/telecom-sudparis-member-of-ip-paris\/#primaryimage"},"image":{"@id":"https:\/\/www.telecom-sudparis.eu\/en\/about-us__trashed\/telecom-sudparis-member-of-ip-paris\/#primaryimage"},"thumbnailUrl":"https:\/\/www.telecom-sudparis.eu\/en\/wp-content\/uploads\/sites\/3\/2025\/01\/LOGOTYPE-7-ECOLES-Vertical-500x200-1.jpg","datePublished":"2019-11-29T13:32:00+00:00","dateModified":"2025-01-17T14:14:14+00:00","description":"IP Paris brings together five grandes \u00e9coles, \u00c9cole polytechnique, ENSTA Paris, ENSAE Paris, T\u00e9l\u00e9com Paris and Telecom SudParis, with a shared ambition: to create a world class institute serving cutting-edge research and excellent training programs.","breadcrumb":{"@id":"https:\/\/www.telecom-sudparis.eu\/en\/about-us__trashed\/telecom-sudparis-member-of-ip-paris\/#breadcrumb"},"inLanguage":"en-GB","potentialAction":[{"@type":"ReadAction","target":["https:\/\/www.telecom-sudparis.eu\/en\/about-us__trashed\/telecom-sudparis-member-of-ip-paris\/"]}]},{"@type":"ImageObject","inLanguage":"en-GB","@id":"https:\/\/www.telecom-sudparis.eu\/en\/about-us__trashed\/telecom-sudparis-member-of-ip-paris\/#primaryimage","url":"https:\/\/www.telecom-sudparis.eu\/en\/wp-content\/uploads\/sites\/3\/2025\/01\/LOGOTYPE-7-ECOLES-Vertical-500x200-1.jpg","contentUrl":"https:\/\/www.telecom-sudparis.eu\/en\/wp-content\/uploads\/sites\/3\/2025\/01\/LOGOTYPE-7-ECOLES-Vertical-500x200-1.jpg","width":512,"height":200,"caption":"Logo members of IP Paris - Telecom SudParis"},{"@type":"BreadcrumbList","@id":"https:\/\/www.telecom-sudparis.eu\/en\/about-us__trashed\/telecom-sudparis-member-of-ip-paris\/#breadcrumb","itemListElement":[{"@type":"ListItem","position":1,"name":"Accueil","item":"https:\/\/www.telecom-sudparis.eu\/en\/"},{"@type":"ListItem","position":2,"name":"Telecom SudParis, member of IP Paris"}]},{"@type":"WebSite","@id":"https:\/\/www.telecom-sudparis.eu\/en\/#website","url":"https:\/\/www.telecom-sudparis.eu\/en\/","name":"TELECOM SudParis","description":"Mastering the digital society","potentialAction":[{"@type":"SearchAction","target":{"@type":"EntryPoint","urlTemplate":"https:\/\/www.telecom-sudparis.eu\/en\/?s={search_term_string}"},"query-input":{"@type":"PropertyValueSpecification","valueRequired":true,"valueName":"search_term_string"}}],"inLanguage":"en-GB"}]}},"_links":{"self":[{"href":"https:\/\/www.telecom-sudparis.eu\/en\/wp-json\/wp\/v2\/pages\/9132","targetHints":{"allow":["GET"]}}],"collection":[{"href":"https:\/\/www.telecom-sudparis.eu\/en\/wp-json\/wp\/v2\/pages"}],"about":[{"href":"https:\/\/www.telecom-sudparis.eu\/en\/wp-json\/wp\/v2\/types\/page"}],"author":[{"embeddable":true,"href":"https:\/\/www.telecom-sudparis.eu\/en\/wp-json\/wp\/v2\/users\/21"}],"replies":[{"embeddable":true,"href":"https:\/\/www.telecom-sudparis.eu\/en\/wp-json\/wp\/v2\/comments?post=9132"}],"version-history":[{"count":51,"href":"https:\/\/www.telecom-sudparis.eu\/en\/wp-json\/wp\/v2\/pages\/9132\/revisions"}],"predecessor-version":[{"id":13481,"href":"https:\/\/www.telecom-sudparis.eu\/en\/wp-json\/wp\/v2\/pages\/9132\/revisions\/13481"}],"wp:featuredmedia":[{"embeddable":true,"href":"https:\/\/www.telecom-sudparis.eu\/en\/wp-json\/wp\/v2\/media\/13480"}],"wp:attachment":[{"href":"https:\/\/www.telecom-sudparis.eu\/en\/wp-json\/wp\/v2\/media?parent=9132"}],"wp:term":[{"taxonomy":"category","embeddable":true,"href":"https:\/\/www.telecom-sudparis.eu\/en\/wp-json\/wp\/v2\/categories?post=9132"},{"taxonomy":"post_tag","embeddable":true,"href":"https:\/\/www.telecom-sudparis.eu\/en\/wp-json\/wp\/v2\/tags?post=9132"}],"curies":[{"name":"wp","href":"https:\/\/api.w.org\/{rel}","templated":true}]}}