{"id":9718,"date":"2020-01-16T11:57:58","date_gmt":"2020-01-16T10:57:58","guid":{"rendered":"https:\/\/www.telecom-sudparis.eu\/en\/?page_id=9718"},"modified":"2024-08-26T13:05:14","modified_gmt":"2024-08-26T11:05:14","slug":"palaiseau-campus","status":"publish","type":"page","link":"https:\/\/www.telecom-sudparis.eu\/en\/palaiseau-campus\/","title":{"rendered":"Palaiseau&#8217;s campus"},"content":{"rendered":"<div id=\"pl-9718\"  class=\"panel-layout\" ><div id=\"pg-9718-0\"  class=\"panel-grid panel-has-style\" ><div class=\"panel-row-style panel-row-style-for-9718-0\" ><div id=\"pgc-9718-0-0\"  class=\"panel-grid-cell\" ><div id=\"panel-9718-0-0-0\" class=\"so-panel widget widget_tsp-widget-content panel-first-child panel-last-child widgetopts-SO\" data-index=\"0\" ><div\n\t\t\t\n\t\t\tclass=\"so-widget-tsp-widget-content so-widget-tsp-widget-content-default-58ba54af99fe-9718\"\n\t\t\t\n\t\t>    <div class=\"wrap widget-content\">\n        <div class=\"content-area\">\n            <main id=\"main\" class=\"site-main\">\n                          <div class=\"addthis_inline_share_toolbox_hibt addthis_mobile\"><\/div>\n          <div class=\"breadcrumb\">\n                      <\/div>\n                      <article id=\"post-9718\" class=\"post-9718 page type-page status-publish has-post-thumbnail hentry\">\n                    <header class=\"entry-header\">\n\n                                                <h1 class=\"entry-title\">\n\t                        Palaiseau campus: at the heart of Paris-Saclay                        <\/h1>\n                        \n\t                                                                <\/header><!-- .entry-header -->\n                                                        <div id=\"secondary\" class=\"content-area\">\n                                        <section id=\"siteorigin-panels-post-content-2\" class=\"widget widget_siteorigin-panels-post-content\"><div class=\"featured-image\"><img loading=\"lazy\" decoding=\"async\" width=\"400\" height=\"266\" src=\"https:\/\/www.telecom-sudparis.eu\/en\/wp-content\/uploads\/sites\/3\/2023\/02\/TELECOM-SUDPARIS_7_carre-e1724340789460.jpg\" class=\"attachment-post-thumbnail size-post-thumbnail wp-post-image\" alt=\"telecom sudparis palaiseau campus\" \/><\/div><\/section>                                    <\/div>\n                                                    <div class=\"entry-content\">\n                      <p>At the heart of the <strong>\u00c9cole Polytechnique<\/strong> district, the Palaiseau campus is set in a prime location right next to the future station of line 18 of the Grand Paris Express. Decided in 2009 as part of the campus operation, this location has taken on even greater significance since the creation of the Institut Polytechnique de Paris last May, in which <strong>IMT<\/strong> is involved through its two schools, <strong>T\u00e9l\u00e9com Paris<\/strong> and <strong>Telecom SudParis<\/strong>.<\/p>\n<p>The Palaiseau campus is also a way for the IP Paris schools (Ecole Polytechnique, Ecole Nationale des Ponts et Chauss\u00e9es, ENSTA Paris, ENSAE, T\u00e9l\u00e9com Paris and Telecom SudParis) to come together in a single geographical location, thereby benefiting from the structures, facilities and advantages that this proximity affords. As a result, the Palaiseau campus is already home to over 1700 students, and is set to welcome many more in the years to come.<\/p>\n<h2>Telecom SudParis, T\u00e9l\u00e9com Paris and IMT, a new history to be written<\/h2>\n                    <\/div><!-- .entry-content -->\n                <\/article><!-- #post-## -->\n\n            <\/main><!-- #main -->\n        <\/div><!-- #primary -->\n    <\/div><!-- .wrap -->\n\t<\/div><\/div><\/div><\/div><\/div><div id=\"pg-9718-1\"  class=\"panel-grid panel-has-style\" ><div class=\"wrap widget-content panel-row-style panel-row-style-for-9718-1\" ><div id=\"pgc-9718-1-0\"  class=\"panel-grid-cell\" ><div id=\"panel-9718-1-0-0\" class=\"so-panel widget widget_sow-video panel-first-child panel-last-child widgetopts-SO\" data-index=\"1\" ><div class=\"panel-widget-style panel-widget-style-for-9718-1-0-0\" ><div\n\t\t\t\n\t\t\tclass=\"so-widget-sow-video so-widget-sow-video-default-c08170c47cfb-9718\"\n\t\t\t\n\t\t>\n<div class=\"sow-video-wrapper\n\">\n\t\t\t<iframe loading=\"lazy\" title=\"L&#039;Institut Mines-T\u00e9l\u00e9com, T\u00e9l\u00e9com Paris et T\u00e9l\u00e9com SudParis s&#039;installent \u00e0 Palaiseau.\" width=\"525\" height=\"295\" src=\"https:\/\/www.youtube.com\/embed\/Btxp65ddVxA?feature=oembed&enablejsapi=1\" frameborder=\"0\" allow=\"accelerometer; autoplay; clipboard-write; encrypted-media; gyroscope; picture-in-picture; web-share\" referrerpolicy=\"strict-origin-when-cross-origin\" allowfullscreen allowfullscreen mozallowfullscreen webkitallowfullscreen sandbox=\"allow-scripts allow-same-origin allow-presentation\"><\/iframe>\t<\/div>\n<\/div><\/div><\/div><\/div><div id=\"pgc-9718-1-1\"  class=\"panel-grid-cell\" ><div id=\"panel-9718-1-1-0\" class=\"so-panel widget widget_sow-video panel-first-child panel-last-child widgetopts-SO\" data-index=\"2\" ><div class=\"panel-widget-style panel-widget-style-for-9718-1-1-0\" ><div\n\t\t\t\n\t\t\tclass=\"so-widget-sow-video so-widget-sow-video-default-c08170c47cfb-9718\"\n\t\t\t\n\t\t>\n<div class=\"sow-video-wrapper\n\">\n\t\t\t<iframe loading=\"lazy\" title=\"Visite de notre campus de Palaiseau\" width=\"525\" height=\"295\" src=\"https:\/\/www.youtube.com\/embed\/MkFFXrxwl3s?feature=oembed&enablejsapi=1\" frameborder=\"0\" allow=\"accelerometer; autoplay; clipboard-write; encrypted-media; gyroscope; picture-in-picture; web-share\" referrerpolicy=\"strict-origin-when-cross-origin\" allowfullscreen allowfullscreen mozallowfullscreen webkitallowfullscreen sandbox=\"allow-scripts allow-same-origin allow-presentation\"><\/iframe>\t<\/div>\n<\/div><\/div><\/div><\/div><\/div><\/div><div id=\"pg-9718-2\"  class=\"panel-grid panel-has-style\" ><div class=\"panel-row-style panel-row-style-for-9718-2\" ><div id=\"pgc-9718-2-0\"  class=\"panel-grid-cell panel-grid-cell-empty\" ><\/div><div id=\"pgc-9718-2-1\"  class=\"panel-grid-cell panel-grid-cell-mobile-last\" ><div id=\"panel-9718-2-1-0\" class=\"so-panel widget widget_sow-headline panel-first-child widgetopts-SO\" data-index=\"3\" ><div class=\"panel-widget-style panel-widget-style-for-9718-2-1-0\" ><div\n\t\t\t\n\t\t\tclass=\"so-widget-sow-headline so-widget-sow-headline-default-6d1d152e4c4f-9718\"\n\t\t\t\n\t\t><div class=\"sow-headline-container \">\n\t\t\t\t\t\t\t<h2 class=\"sow-headline\">\n\t\t\t\t\t\tComing to campus\t\t\t\t\t\t<\/h2>\n\t\t\t\t\t\t<\/div>\n<\/div><\/div><\/div><div id=\"panel-9718-2-1-1\" class=\"so-panel widget widget_sow-google-map widgetopts-SO\" data-index=\"4\" ><div class=\"panel-widget-style panel-widget-style-for-9718-2-1-1\" ><div\n\t\t\t\n\t\t\tclass=\"so-widget-sow-google-map so-widget-sow-google-map-default-e05aa0f0d2d9-9718\"\n\t\t\t\n\t\t>\n<div class=\"sow-google-map-canvas\"\n\tstyle=\"\"\n\tid=\"map-canvas-327373567324e8b362443a1ba29f7c03\"\n\tdata-options=\"{&quot;address&quot;:&quot;19 place marguerite pery 91120 palaiseau&quot;,&quot;zoom&quot;:12,&quot;mobileZoom&quot;:12,&quot;gestureHandling&quot;:&quot;greedy&quot;,&quot;disableUi&quot;:false,&quot;markerIcon&quot;:false,&quot;markersDraggable&quot;:false,&quot;markerAtCenter&quot;:true,&quot;markerInfoDisplay&quot;:&quot;click&quot;,&quot;markerInfoMultiple&quot;:true,&quot;markerPositions&quot;:false,&quot;mapName&quot;:false,&quot;mapStyles&quot;:false,&quot;directions&quot;:&quot;&quot;,&quot;apiKey&quot;:&quot;AIzaSyCYIFrkOUshHRuAYkqw5GHHjDi_rwEco_8&quot;,&quot;breakpoint&quot;:780,&quot;id&quot;:&quot;69e8a2&quot;}\"\n\tdata-fallback-image=\"{&quot;img&quot;:&quot;&quot;}\"><\/div>\n<\/div><\/div><\/div><div id=\"panel-9718-2-1-2\" class=\"so-panel widget widget_sow-button panel-last-child widgetopts-SO\" data-index=\"5\" ><div\n\t\t\t\n\t\t\tclass=\"so-widget-sow-button so-widget-sow-button-flat-d005107be58e-9718\"\n\t\t\t\n\t\t><div class=\"ow-button-base ow-button-align-center\"\n>\n\t\t\t<a\n\t\t\t\t\thref=\"https:\/\/www.telecom-sudparis.eu\/en\/wp-content\/uploads\/sites\/3\/2023\/08\/how-to-get-to-palaiseaucampus-scaled.jpg\"\n\t\t\t\t\tclass=\"sowb-button ow-icon-placement-left ow-button-hover\" target=\"_blank\" rel=\"noopener noreferrer\" \t>\n\t\t<span>\n\t\t\t\n\t\t\tDownload access map\t\t<\/span>\n\t\t\t<\/a>\n\t<\/div>\n<\/div><\/div><\/div><div id=\"pgc-9718-2-2\"  class=\"panel-grid-cell panel-grid-cell-empty\" ><\/div><\/div><\/div><div id=\"pg-9718-3\"  class=\"panel-grid panel-has-style\" ><div class=\"panel-row-style panel-row-style-for-9718-3\" ><div id=\"pgc-9718-3-0\"  class=\"panel-grid-cell\" ><div id=\"panel-9718-3-0-0\" class=\"so-panel widget widget_tsp-widget-connexe panel-first-child panel-last-child widgetopts-SO\" data-index=\"6\" ><div\n\t\t\t\n\t\t\tclass=\"so-widget-tsp-widget-connexe so-widget-tsp-widget-connexe-default-58ba54af99fe-9718\"\n\t\t\t\n\t\t>        <div class=\"widget-connexe\">\n            <div class=\"wrap\">\n                                  <div class=\"post\">\n                      <a href=\"https:\/\/www.telecom-sudparis.eu\/en\/telecom-sudparis-member-of-ip-paris\/\">\n                                                        <header class=\"entry-header\" style=\"background-image:url(https:\/\/www.telecom-sudparis.eu\/en\/wp-content\/uploads\/sites\/3\/2025\/01\/LOGOTYPE-7-ECOLES-Vertical-500x200-1.jpg)\">\n                                    <span class=\"overlay\"><\/span>\n                                <\/header>\n                                                      <div class=\"entry-content\">\n                          <h3 class=\"title\">Telecom SudParis, member of IP Paris<\/h3>\n                                                <\/div>\n\n                      <\/a>\n                  <\/div>\n                                  <div class=\"post\">\n                      <a href=\"https:\/\/www.telecom-sudparis.eu\/en\/student-clubs\/\">\n                                                        <header class=\"entry-header\" style=\"background-image:url(https:\/\/www.telecom-sudparis.eu\/en\/wp-content\/uploads\/sites\/3\/2023\/03\/PORTRAIT-3-e1724857232407.jpg)\">\n                                    <span class=\"overlay\"><\/span>\n                                <\/header>\n                                                      <div class=\"entry-content\">\n                          <h3 class=\"title\">Student clubs<\/h3>\n                                                <\/div>\n\n                      <\/a>\n                  <\/div>\n                                  <div class=\"post\">\n                      <a href=\"https:\/\/www.telecom-sudparis.eu\/en\/accommodation\/\">\n                                                        <header class=\"entry-header\" style=\"background-image:url(https:\/\/www.telecom-sudparis.eu\/en\/wp-content\/uploads\/sites\/3\/2023\/08\/maisel0.png)\">\n                                    <span class=\"overlay\"><\/span>\n                                <\/header>\n                                                      <div class=\"entry-content\">\n                          <h3 class=\"title\">Accommodation<\/h3>\n                                                <\/div>\n\n                      <\/a>\n                  <\/div>\n                            <\/div>\n        <\/div>\n\t    <\/div><\/div><\/div><\/div><\/div><\/div>","protected":false},"excerpt":{"rendered":"<p>Palaiseau campus: at the heart of Paris-Saclay At the heart of the \u00c9cole Polytechnique district, the Palaiseau campus is set in a prime location right next to the future station of line 18 of the Grand Paris Express. Decided in 2009 as part of the campus operation, this location has taken on even greater significance &hellip; <\/p>\n<p class=\"link-more\"><a href=\"https:\/\/www.telecom-sudparis.eu\/en\/palaiseau-campus\/\" class=\"more-link\">Continue reading<span class=\"screen-reader-text\"> &#8220;Palaiseau&#8217;s campus&#8221;<\/span><\/a><\/p>\n","protected":false},"author":21,"featured_media":11683,"parent":0,"menu_order":0,"comment_status":"closed","ping_status":"closed","template":"","meta":{"_acf_changed":false,"footnotes":""},"categories":[],"tags":[],"class_list":["post-9718","page","type-page","status-publish","has-post-thumbnail","hentry"],"acf":[],"yoast_head":"<!-- This site is optimized with the Yoast SEO plugin v27.3 - https:\/\/yoast.com\/product\/yoast-seo-wordpress\/ -->\n<title>Palaiseau&#039;s campus - TELECOM SudParis<\/title>\n<meta name=\"robots\" content=\"index, follow, max-snippet:-1, max-image-preview:large, max-video-preview:-1\" \/>\n<link rel=\"canonical\" href=\"https:\/\/www.telecom-sudparis.eu\/en\/student-life__trashed\/palaiseau-campus\/\" \/>\n<meta property=\"og:locale\" content=\"en_GB\" \/>\n<meta property=\"og:type\" content=\"article\" \/>\n<meta property=\"og:title\" content=\"Palaiseau&#039;s campus - TELECOM SudParis\" \/>\n<meta property=\"og:description\" content=\"Palaiseau campus: at the heart of Paris-Saclay At the heart of the \u00c9cole Polytechnique district, the Palaiseau campus is set in a prime location right next to the future station of line 18 of the Grand Paris Express. Decided in 2009 as part of the campus operation, this location has taken on even greater significance &hellip; Continue reading &quot;Palaiseau&#8217;s campus&quot;\" \/>\n<meta property=\"og:url\" content=\"https:\/\/www.telecom-sudparis.eu\/en\/student-life__trashed\/palaiseau-campus\/\" \/>\n<meta property=\"og:site_name\" content=\"TELECOM SudParis\" \/>\n<meta property=\"article:modified_time\" content=\"2024-08-26T11:05:14+00:00\" \/>\n<meta property=\"og:image\" content=\"https:\/\/www.telecom-sudparis.eu\/en\/wp-content\/uploads\/sites\/3\/2023\/02\/TELECOM-SUDPARIS_7_carre-e1724340789460.jpg\" \/>\n\t<meta property=\"og:image:width\" content=\"400\" \/>\n\t<meta property=\"og:image:height\" content=\"266\" \/>\n\t<meta property=\"og:image:type\" content=\"image\/jpeg\" \/>\n<meta name=\"twitter:card\" content=\"summary_large_image\" \/>\n<meta name=\"twitter:label1\" content=\"Estimated reading time\" \/>\n\t<meta name=\"twitter:data1\" content=\"1 minute\" \/>\n<script type=\"application\/ld+json\" class=\"yoast-schema-graph\">{\"@context\":\"https:\\\/\\\/schema.org\",\"@graph\":[{\"@type\":\"WebPage\",\"@id\":\"https:\\\/\\\/www.telecom-sudparis.eu\\\/en\\\/student-life__trashed\\\/palaiseau-campus\\\/\",\"url\":\"https:\\\/\\\/www.telecom-sudparis.eu\\\/en\\\/student-life__trashed\\\/palaiseau-campus\\\/\",\"name\":\"Palaiseau's campus - TELECOM SudParis\",\"isPartOf\":{\"@id\":\"https:\\\/\\\/www.telecom-sudparis.eu\\\/en\\\/#website\"},\"primaryImageOfPage\":{\"@id\":\"https:\\\/\\\/www.telecom-sudparis.eu\\\/en\\\/student-life__trashed\\\/palaiseau-campus\\\/#primaryimage\"},\"image\":{\"@id\":\"https:\\\/\\\/www.telecom-sudparis.eu\\\/en\\\/student-life__trashed\\\/palaiseau-campus\\\/#primaryimage\"},\"thumbnailUrl\":\"https:\\\/\\\/www.telecom-sudparis.eu\\\/en\\\/wp-content\\\/uploads\\\/sites\\\/3\\\/2023\\\/02\\\/TELECOM-SUDPARIS_7_carre-e1724340789460.jpg\",\"datePublished\":\"2020-01-16T10:57:58+00:00\",\"dateModified\":\"2024-08-26T11:05:14+00:00\",\"breadcrumb\":{\"@id\":\"https:\\\/\\\/www.telecom-sudparis.eu\\\/en\\\/student-life__trashed\\\/palaiseau-campus\\\/#breadcrumb\"},\"inLanguage\":\"en-GB\",\"potentialAction\":[{\"@type\":\"ReadAction\",\"target\":[\"https:\\\/\\\/www.telecom-sudparis.eu\\\/en\\\/student-life__trashed\\\/palaiseau-campus\\\/\"]}]},{\"@type\":\"ImageObject\",\"inLanguage\":\"en-GB\",\"@id\":\"https:\\\/\\\/www.telecom-sudparis.eu\\\/en\\\/student-life__trashed\\\/palaiseau-campus\\\/#primaryimage\",\"url\":\"https:\\\/\\\/www.telecom-sudparis.eu\\\/en\\\/wp-content\\\/uploads\\\/sites\\\/3\\\/2023\\\/02\\\/TELECOM-SUDPARIS_7_carre-e1724340789460.jpg\",\"contentUrl\":\"https:\\\/\\\/www.telecom-sudparis.eu\\\/en\\\/wp-content\\\/uploads\\\/sites\\\/3\\\/2023\\\/02\\\/TELECOM-SUDPARIS_7_carre-e1724340789460.jpg\",\"width\":400,\"height\":266,\"caption\":\"Institut Polytechnique de Paris\"},{\"@type\":\"BreadcrumbList\",\"@id\":\"https:\\\/\\\/www.telecom-sudparis.eu\\\/en\\\/student-life__trashed\\\/palaiseau-campus\\\/#breadcrumb\",\"itemListElement\":[{\"@type\":\"ListItem\",\"position\":1,\"name\":\"Accueil\",\"item\":\"https:\\\/\\\/www.telecom-sudparis.eu\\\/en\\\/\"},{\"@type\":\"ListItem\",\"position\":2,\"name\":\"Palaiseau&#8217;s campus\"}]},{\"@type\":\"WebSite\",\"@id\":\"https:\\\/\\\/www.telecom-sudparis.eu\\\/en\\\/#website\",\"url\":\"https:\\\/\\\/www.telecom-sudparis.eu\\\/en\\\/\",\"name\":\"TELECOM SudParis\",\"description\":\"Mastering the digital society\",\"potentialAction\":[{\"@type\":\"SearchAction\",\"target\":{\"@type\":\"EntryPoint\",\"urlTemplate\":\"https:\\\/\\\/www.telecom-sudparis.eu\\\/en\\\/?s={search_term_string}\"},\"query-input\":{\"@type\":\"PropertyValueSpecification\",\"valueRequired\":true,\"valueName\":\"search_term_string\"}}],\"inLanguage\":\"en-GB\"}]}<\/script>\n<!-- \/ Yoast SEO plugin. -->","yoast_head_json":{"title":"Palaiseau's campus - TELECOM SudParis","robots":{"index":"index","follow":"follow","max-snippet":"max-snippet:-1","max-image-preview":"max-image-preview:large","max-video-preview":"max-video-preview:-1"},"canonical":"https:\/\/www.telecom-sudparis.eu\/en\/student-life__trashed\/palaiseau-campus\/","og_locale":"en_GB","og_type":"article","og_title":"Palaiseau's campus - TELECOM SudParis","og_description":"Palaiseau campus: at the heart of Paris-Saclay At the heart of the \u00c9cole Polytechnique district, the Palaiseau campus is set in a prime location right next to the future station of line 18 of the Grand Paris Express. Decided in 2009 as part of the campus operation, this location has taken on even greater significance &hellip; Continue reading \"Palaiseau&#8217;s campus\"","og_url":"https:\/\/www.telecom-sudparis.eu\/en\/student-life__trashed\/palaiseau-campus\/","og_site_name":"TELECOM SudParis","article_modified_time":"2024-08-26T11:05:14+00:00","og_image":[{"width":400,"height":266,"url":"https:\/\/www.telecom-sudparis.eu\/en\/wp-content\/uploads\/sites\/3\/2023\/02\/TELECOM-SUDPARIS_7_carre-e1724340789460.jpg","type":"image\/jpeg"}],"twitter_card":"summary_large_image","twitter_misc":{"Estimated reading time":"1 minute"},"schema":{"@context":"https:\/\/schema.org","@graph":[{"@type":"WebPage","@id":"https:\/\/www.telecom-sudparis.eu\/en\/student-life__trashed\/palaiseau-campus\/","url":"https:\/\/www.telecom-sudparis.eu\/en\/student-life__trashed\/palaiseau-campus\/","name":"Palaiseau's campus - TELECOM SudParis","isPartOf":{"@id":"https:\/\/www.telecom-sudparis.eu\/en\/#website"},"primaryImageOfPage":{"@id":"https:\/\/www.telecom-sudparis.eu\/en\/student-life__trashed\/palaiseau-campus\/#primaryimage"},"image":{"@id":"https:\/\/www.telecom-sudparis.eu\/en\/student-life__trashed\/palaiseau-campus\/#primaryimage"},"thumbnailUrl":"https:\/\/www.telecom-sudparis.eu\/en\/wp-content\/uploads\/sites\/3\/2023\/02\/TELECOM-SUDPARIS_7_carre-e1724340789460.jpg","datePublished":"2020-01-16T10:57:58+00:00","dateModified":"2024-08-26T11:05:14+00:00","breadcrumb":{"@id":"https:\/\/www.telecom-sudparis.eu\/en\/student-life__trashed\/palaiseau-campus\/#breadcrumb"},"inLanguage":"en-GB","potentialAction":[{"@type":"ReadAction","target":["https:\/\/www.telecom-sudparis.eu\/en\/student-life__trashed\/palaiseau-campus\/"]}]},{"@type":"ImageObject","inLanguage":"en-GB","@id":"https:\/\/www.telecom-sudparis.eu\/en\/student-life__trashed\/palaiseau-campus\/#primaryimage","url":"https:\/\/www.telecom-sudparis.eu\/en\/wp-content\/uploads\/sites\/3\/2023\/02\/TELECOM-SUDPARIS_7_carre-e1724340789460.jpg","contentUrl":"https:\/\/www.telecom-sudparis.eu\/en\/wp-content\/uploads\/sites\/3\/2023\/02\/TELECOM-SUDPARIS_7_carre-e1724340789460.jpg","width":400,"height":266,"caption":"Institut Polytechnique de Paris"},{"@type":"BreadcrumbList","@id":"https:\/\/www.telecom-sudparis.eu\/en\/student-life__trashed\/palaiseau-campus\/#breadcrumb","itemListElement":[{"@type":"ListItem","position":1,"name":"Accueil","item":"https:\/\/www.telecom-sudparis.eu\/en\/"},{"@type":"ListItem","position":2,"name":"Palaiseau&#8217;s campus"}]},{"@type":"WebSite","@id":"https:\/\/www.telecom-sudparis.eu\/en\/#website","url":"https:\/\/www.telecom-sudparis.eu\/en\/","name":"TELECOM SudParis","description":"Mastering the digital society","potentialAction":[{"@type":"SearchAction","target":{"@type":"EntryPoint","urlTemplate":"https:\/\/www.telecom-sudparis.eu\/en\/?s={search_term_string}"},"query-input":{"@type":"PropertyValueSpecification","valueRequired":true,"valueName":"search_term_string"}}],"inLanguage":"en-GB"}]}},"_links":{"self":[{"href":"https:\/\/www.telecom-sudparis.eu\/en\/wp-json\/wp\/v2\/pages\/9718","targetHints":{"allow":["GET"]}}],"collection":[{"href":"https:\/\/www.telecom-sudparis.eu\/en\/wp-json\/wp\/v2\/pages"}],"about":[{"href":"https:\/\/www.telecom-sudparis.eu\/en\/wp-json\/wp\/v2\/types\/page"}],"author":[{"embeddable":true,"href":"https:\/\/www.telecom-sudparis.eu\/en\/wp-json\/wp\/v2\/users\/21"}],"replies":[{"embeddable":true,"href":"https:\/\/www.telecom-sudparis.eu\/en\/wp-json\/wp\/v2\/comments?post=9718"}],"version-history":[{"count":11,"href":"https:\/\/www.telecom-sudparis.eu\/en\/wp-json\/wp\/v2\/pages\/9718\/revisions"}],"predecessor-version":[{"id":11684,"href":"https:\/\/www.telecom-sudparis.eu\/en\/wp-json\/wp\/v2\/pages\/9718\/revisions\/11684"}],"wp:featuredmedia":[{"embeddable":true,"href":"https:\/\/www.telecom-sudparis.eu\/en\/wp-json\/wp\/v2\/media\/11683"}],"wp:attachment":[{"href":"https:\/\/www.telecom-sudparis.eu\/en\/wp-json\/wp\/v2\/media?parent=9718"}],"wp:term":[{"taxonomy":"category","embeddable":true,"href":"https:\/\/www.telecom-sudparis.eu\/en\/wp-json\/wp\/v2\/categories?post=9718"},{"taxonomy":"post_tag","embeddable":true,"href":"https:\/\/www.telecom-sudparis.eu\/en\/wp-json\/wp\/v2\/tags?post=9718"}],"curies":[{"name":"wp","href":"https:\/\/api.w.org\/{rel}","templated":true}]}}